{"id":102,"date":"2017-04-07T19:28:15","date_gmt":"2017-04-07T17:28:15","guid":{"rendered":"http:\/\/laparenthese-banon.com\/GITE\/?page_id=102"},"modified":"2017-05-10T14:28:22","modified_gmt":"2017-05-10T12:28:22","slug":"services-aux-randonneurs","status":"publish","type":"page","link":"https:\/\/laparenthese-banon.com\/GITE\/la-maison-d-hotes\/services-aux-randonneurs\/","title":{"rendered":"Services Randos"},"content":{"rendered":"<blockquote><p>La Parenth\u00e8se Banon est certes une maison d&rsquo;h\u00f4tes confortable, c&rsquo;est aussi, du fait du v\u00e9cu des propri\u00e9taires, une \u00ab\u00a0maison des randonneurs\u00a0\u00bb.<br \/>\nAinsi un ensemble d&rsquo;attentions et de services est\u00a0mis en oeuvre pour faciliter la vie de nos h\u00f4tes amateurs de grands espaces.<\/p><\/blockquote>\n<h3>Notre charte <strong>d&rsquo;accueil<\/strong><\/h3>\n<p>Nous sommes\u00a0nous-m\u00eame randonneurs et v\u00e9t\u00e9tistes, aussi connaissons-nous assez bien les exigences et les contraintes li\u00e9es \u00e0 ce type d&rsquo;activit\u00e9. Nous nous effor\u00e7ons ainsi de tenir compte des particularit\u00e9s notamment li\u00e9es \u00e0 l&rsquo;itin\u00e9rance.<\/p>\n<ul>\n<li><strong>\u2192 \u00a0\u00a0<\/strong>M\u00eame en haute saison, les cyclistes ou les randonneurs en itin\u00e9rance, par d\u00e9finition ne dormant pas au m\u00eame endroit plusieurs nuits de suite, sont\u00a0accueillis (selon la disponibilit\u00e9) pour une nuit unique.<\/li>\n<li><strong>\u2192 \u00a0 <\/strong>Cyclistes au bout du rouleau ? Randonneurs menac\u00e9s par l&rsquo;orage ? Vous avez besoin de trouver un h\u00e9bergement et \u00e9videmment l&rsquo;absence de voiture ne facilite pas les choses &#8230;<br \/>\nLa Parenth\u00e8se s&rsquo;efforcera de vous accueillir, la maison est pleine ? On vous trouvera bien une petite place pour vous abriter !<\/li>\n<li><strong>\u2192 \u00a0 <\/strong>Les restaurants du village sont ferm\u00e9s (basse saison, jour de fermeture, &#8230;) et vous n&rsquo;avez ni l&rsquo;envie ni la possibilit\u00e9 de ressortir : la cuisine en libre service vous tend les bras.<br \/>\nPas de chance, vous n&rsquo;avez plus rien dans le sac\u00a0et vous arrivez trop tard pour faire les courses, pas de panique, La Parenth\u00e8se vous d\u00e9pannera d&rsquo;un paquet de pattes, d&rsquo;une sauce, d&rsquo;un peu de parmesan, bref, on ne vous laissera pas le ventre vide !<\/li>\n<\/ul>\n<p>&nbsp;<\/p>\n<h3>Les services <strong>sp\u00e9cifiques<\/strong><\/h3>\n<blockquote><p>Un ensemble de services sont propos\u00e9s \u00e0 nos h\u00f4tes sportifs (marcheurs, v\u00e9t\u00e9tistes et cyclistes en particulier)\u00a0:<\/p>\n<p>\u2192 \u00a0Conseils pour pr\u00e9parer vos randonn\u00e9es p\u00e9destres et VTT,<br \/>\n\u2192 \u00a0Pr\u00eat de topos guide et de cartes,<br \/>\n\u2192 \u00a0Pr\u00eat ou vente d&rsquo;une carte de randonn\u00e9e IGN 1\/25000 centr\u00e9e sur les randos possibles autour de Banon, sur le plateau du Contadour et sur la montagne de Lure.<br \/>\n\u2192 \u00a0Acc\u00e8s WiFi gratuit pour pr\u00e9parer vos randonn\u00e9es, t\u00e9l\u00e9charger des traces GPS, etc.<br \/>\n\u2192 \u00a0Mise \u00e0 disposition d\u2019un garage \u00e0 v\u00e9los s\u00e9curis\u00e9 et dot\u00e9 d&rsquo;un coin atelier,<br \/>\n\u2192 \u00a0Possibilit\u00e9 (participation financi\u00e8re) de transport des personnes, des bagages et des v\u00e9los.<\/p><\/blockquote>\n<p>Co-Organisateur de La Rando du Fromage (rando VTT dernier dimanche de septembre), v\u00e9t\u00e9tiste, marcheur, curieux, amoureux du patrimoine et des grands espaces, nous pensons conna\u00eetre assez bien la r\u00e9gion.<br \/>\nC&rsquo;est avec plaisir que nous \u00e9changerons avec vous pour vous aider \u00e0 \u00e9laborer les plus belles randos adapt\u00e9es \u00e0 vos envies et vos contraintes.<\/p>\n<p>En retour nous sommes toujours contents de recueillir votre avis, votre exp\u00e9rience, vos informations, pour am\u00e9liorer nos connaissances des activit\u00e9s de pleine nature.<\/p>\n<p>La Parenth\u00e8se s&rsquo;est engag\u00e9e dans la r\u00e9daction de topos (randos pedestre et VTT) pour des itin\u00e9raires peu connus, voire confidentiels, que nous aimons partag\u00e9s avec nos h\u00f4tes. Se reporter \u00e9galement aux articles <strong>cat\u00e9gorie<\/strong> \u00ab\u00a0<a href=\"https:\/\/laparenthese-banon.com\/GITE\/contact\/journal\/\"><strong>DECOUVRIR<\/strong><\/a>\u00a0\u00bb sur ce site.<\/p>\n<p>&nbsp;<\/p>\n<hr \/>\n<p>&nbsp;<\/p>\n","protected":false},"excerpt":{"rendered":"<p>La Parenth\u00e8se Banon est certes une maison d&rsquo;h\u00f4tes confortable, c&rsquo;est aussi, du fait du v\u00e9cu des propri\u00e9taires, une \u00ab\u00a0maison des randonneurs\u00a0\u00bb. Ainsi un ensemble d&rsquo;attentions et de services est\u00a0mis en oeuvre pour faciliter la vie de nos h\u00f4tes amateurs de&#8230; <\/p>\n","protected":false},"author":1,"featured_media":103,"parent":2,"menu_order":4,"comment_status":"closed","ping_status":"closed","template":"","meta":[],"yoast_head":"<!-- This site is optimized with the Yoast SEO plugin v19.8 - https:\/\/yoast.com\/wordpress\/plugins\/seo\/ -->\n<title>Services Randos<\/title>\n<meta name=\"description\" content=\"La Parenth\u00e8se Banon est certes une maison d&#039;h\u00f4tes confortable, c&#039;est aussi, du fait du v\u00e9cu des propri\u00e9taires, une &quot;maison des randonneurs&quot;. Ainsi un\" \/>\n<meta name=\"robots\" content=\"index, follow, max-snippet:-1, max-image-preview:large, max-video-preview:-1\" \/>\n<link rel=\"canonical\" href=\"https:\/\/laparenthese-banon.com\/GITE\/la-maison-d-hotes\/services-aux-randonneurs\/\" \/>\n<meta property=\"og:locale\" content=\"fr_FR\" \/>\n<meta property=\"og:type\" content=\"article\" \/>\n<meta property=\"og:title\" content=\"Services Randos\" \/>\n<meta property=\"og:description\" content=\"La Parenth\u00e8se Banon est certes une maison d&#039;h\u00f4tes confortable, c&#039;est aussi, du fait du v\u00e9cu des propri\u00e9taires, une &quot;maison des randonneurs&quot;. Ainsi un\" \/>\n<meta property=\"og:url\" content=\"https:\/\/laparenthese-banon.com\/GITE\/la-maison-d-hotes\/services-aux-randonneurs\/\" \/>\n<meta property=\"og:site_name\" content=\"La Parenth\u00e8se Banon\" \/>\n<meta property=\"article:modified_time\" content=\"2017-05-10T12:28:22+00:00\" \/>\n<meta property=\"og:image\" content=\"https:\/\/laparenthese-banon.com\/GITE\/wp-content\/uploads\/2017\/04\/Page_ServR_A.jpg\" \/>\n\t<meta property=\"og:image:width\" content=\"1400\" \/>\n\t<meta property=\"og:image:height\" content=\"334\" \/>\n\t<meta property=\"og:image:type\" content=\"image\/jpeg\" \/>\n<meta name=\"twitter:card\" content=\"summary_large_image\" \/>\n<meta name=\"twitter:label1\" content=\"Dur\u00e9e de lecture estim\u00e9e\" \/>\n\t<meta name=\"twitter:data1\" content=\"2 minutes\" \/>\n<script type=\"application\/ld+json\" class=\"yoast-schema-graph\">{\"@context\":\"https:\/\/schema.org\",\"@graph\":[{\"@type\":\"WebPage\",\"@id\":\"https:\/\/laparenthese-banon.com\/GITE\/la-maison-d-hotes\/services-aux-randonneurs\/\",\"url\":\"https:\/\/laparenthese-banon.com\/GITE\/la-maison-d-hotes\/services-aux-randonneurs\/\",\"name\":\"Services Randos\",\"isPartOf\":{\"@id\":\"https:\/\/laparenthese-banon.com\/GITE\/#website\"},\"datePublished\":\"2017-04-07T17:28:15+00:00\",\"dateModified\":\"2017-05-10T12:28:22+00:00\",\"description\":\"La Parenth\u00e8se Banon est certes une maison d'h\u00f4tes confortable, c'est aussi, du fait du v\u00e9cu des propri\u00e9taires, une \\\"maison des randonneurs\\\". Ainsi un\",\"breadcrumb\":{\"@id\":\"https:\/\/laparenthese-banon.com\/GITE\/la-maison-d-hotes\/services-aux-randonneurs\/#breadcrumb\"},\"inLanguage\":\"fr-FR\",\"potentialAction\":[{\"@type\":\"ReadAction\",\"target\":[\"https:\/\/laparenthese-banon.com\/GITE\/la-maison-d-hotes\/services-aux-randonneurs\/\"]}]},{\"@type\":\"BreadcrumbList\",\"@id\":\"https:\/\/laparenthese-banon.com\/GITE\/la-maison-d-hotes\/services-aux-randonneurs\/#breadcrumb\",\"itemListElement\":[{\"@type\":\"ListItem\",\"position\":1,\"name\":\"Accueil\",\"item\":\"https:\/\/laparenthese-banon.com\/GITE\/\"},{\"@type\":\"ListItem\",\"position\":2,\"name\":\"La maison d&rsquo;h\u00f4tes\",\"item\":\"https:\/\/laparenthese-banon.com\/GITE\/la-maison-d-hotes\/\"},{\"@type\":\"ListItem\",\"position\":3,\"name\":\"Services Randos\"}]},{\"@type\":\"WebSite\",\"@id\":\"https:\/\/laparenthese-banon.com\/GITE\/#website\",\"url\":\"https:\/\/laparenthese-banon.com\/GITE\/\",\"name\":\"La Parenth\u00e8se Banon\",\"description\":\"Maison d&#039;H\u00f4tes et de Randonneurs en Haute-Provence\",\"potentialAction\":[{\"@type\":\"SearchAction\",\"target\":{\"@type\":\"EntryPoint\",\"urlTemplate\":\"https:\/\/laparenthese-banon.com\/GITE\/?s={search_term_string}\"},\"query-input\":\"required name=search_term_string\"}],\"inLanguage\":\"fr-FR\"}]}<\/script>\n<!-- \/ Yoast SEO plugin. -->","yoast_head_json":{"title":"Services Randos","description":"La Parenth\u00e8se Banon est certes une maison d'h\u00f4tes confortable, c'est aussi, du fait du v\u00e9cu des propri\u00e9taires, une \"maison des randonneurs\". Ainsi un","robots":{"index":"index","follow":"follow","max-snippet":"max-snippet:-1","max-image-preview":"max-image-preview:large","max-video-preview":"max-video-preview:-1"},"canonical":"https:\/\/laparenthese-banon.com\/GITE\/la-maison-d-hotes\/services-aux-randonneurs\/","og_locale":"fr_FR","og_type":"article","og_title":"Services Randos","og_description":"La Parenth\u00e8se Banon est certes une maison d'h\u00f4tes confortable, c'est aussi, du fait du v\u00e9cu des propri\u00e9taires, une \"maison des randonneurs\". Ainsi un","og_url":"https:\/\/laparenthese-banon.com\/GITE\/la-maison-d-hotes\/services-aux-randonneurs\/","og_site_name":"La Parenth\u00e8se Banon","article_modified_time":"2017-05-10T12:28:22+00:00","og_image":[{"width":1400,"height":334,"url":"https:\/\/laparenthese-banon.com\/GITE\/wp-content\/uploads\/2017\/04\/Page_ServR_A.jpg","type":"image\/jpeg"}],"twitter_card":"summary_large_image","twitter_misc":{"Dur\u00e9e de lecture estim\u00e9e":"2 minutes"},"schema":{"@context":"https:\/\/schema.org","@graph":[{"@type":"WebPage","@id":"https:\/\/laparenthese-banon.com\/GITE\/la-maison-d-hotes\/services-aux-randonneurs\/","url":"https:\/\/laparenthese-banon.com\/GITE\/la-maison-d-hotes\/services-aux-randonneurs\/","name":"Services Randos","isPartOf":{"@id":"https:\/\/laparenthese-banon.com\/GITE\/#website"},"datePublished":"2017-04-07T17:28:15+00:00","dateModified":"2017-05-10T12:28:22+00:00","description":"La Parenth\u00e8se Banon est certes une maison d'h\u00f4tes confortable, c'est aussi, du fait du v\u00e9cu des propri\u00e9taires, une \"maison des randonneurs\". Ainsi un","breadcrumb":{"@id":"https:\/\/laparenthese-banon.com\/GITE\/la-maison-d-hotes\/services-aux-randonneurs\/#breadcrumb"},"inLanguage":"fr-FR","potentialAction":[{"@type":"ReadAction","target":["https:\/\/laparenthese-banon.com\/GITE\/la-maison-d-hotes\/services-aux-randonneurs\/"]}]},{"@type":"BreadcrumbList","@id":"https:\/\/laparenthese-banon.com\/GITE\/la-maison-d-hotes\/services-aux-randonneurs\/#breadcrumb","itemListElement":[{"@type":"ListItem","position":1,"name":"Accueil","item":"https:\/\/laparenthese-banon.com\/GITE\/"},{"@type":"ListItem","position":2,"name":"La maison d&rsquo;h\u00f4tes","item":"https:\/\/laparenthese-banon.com\/GITE\/la-maison-d-hotes\/"},{"@type":"ListItem","position":3,"name":"Services Randos"}]},{"@type":"WebSite","@id":"https:\/\/laparenthese-banon.com\/GITE\/#website","url":"https:\/\/laparenthese-banon.com\/GITE\/","name":"La Parenth\u00e8se Banon","description":"Maison d&#039;H\u00f4tes et de Randonneurs en Haute-Provence","potentialAction":[{"@type":"SearchAction","target":{"@type":"EntryPoint","urlTemplate":"https:\/\/laparenthese-banon.com\/GITE\/?s={search_term_string}"},"query-input":"required name=search_term_string"}],"inLanguage":"fr-FR"}]}},"_links":{"self":[{"href":"https:\/\/laparenthese-banon.com\/GITE\/wp-json\/wp\/v2\/pages\/102"}],"collection":[{"href":"https:\/\/laparenthese-banon.com\/GITE\/wp-json\/wp\/v2\/pages"}],"about":[{"href":"https:\/\/laparenthese-banon.com\/GITE\/wp-json\/wp\/v2\/types\/page"}],"author":[{"embeddable":true,"href":"https:\/\/laparenthese-banon.com\/GITE\/wp-json\/wp\/v2\/users\/1"}],"replies":[{"embeddable":true,"href":"https:\/\/laparenthese-banon.com\/GITE\/wp-json\/wp\/v2\/comments?post=102"}],"version-history":[{"count":5,"href":"https:\/\/laparenthese-banon.com\/GITE\/wp-json\/wp\/v2\/pages\/102\/revisions"}],"predecessor-version":[{"id":497,"href":"https:\/\/laparenthese-banon.com\/GITE\/wp-json\/wp\/v2\/pages\/102\/revisions\/497"}],"up":[{"embeddable":true,"href":"https:\/\/laparenthese-banon.com\/GITE\/wp-json\/wp\/v2\/pages\/2"}],"wp:featuredmedia":[{"embeddable":true,"href":"https:\/\/laparenthese-banon.com\/GITE\/wp-json\/wp\/v2\/media\/103"}],"wp:attachment":[{"href":"https:\/\/laparenthese-banon.com\/GITE\/wp-json\/wp\/v2\/media?parent=102"}],"curies":[{"name":"wp","href":"https:\/\/api.w.org\/{rel}","templated":true}]}}