{"id":114,"date":"2017-04-09T19:36:44","date_gmt":"2017-04-09T17:36:44","guid":{"rendered":"http:\/\/laparenthese-banon.com\/GITE\/?page_id=114"},"modified":"2017-05-10T14:30:55","modified_gmt":"2017-05-10T12:30:55","slug":"la-politique-familiale","status":"publish","type":"page","link":"https:\/\/laparenthese-banon.com\/GITE\/la-maison-d-hotes\/la-politique-familiale\/","title":{"rendered":"La politique familiale"},"content":{"rendered":"<blockquote>\n<p style=\"text-align: left; padding-left: 30px;\">A La Parenth\u00e8se, les familles sont les bienvenues : de grandes chambres avec des tarifs adapt\u00e9s au budget des familles, la possibilit\u00e9 de pr\u00e9parer et prendre les repas sans n\u00e9cessairement aller au restaurant, des facilit\u00e9s pour l&rsquo;accueil des b\u00e9b\u00e9s, une grande salle de jeux pour les petits &#8230; et les grands.<\/p>\n<p style=\"padding-left: 30px;\">&gt; Des tarifs adapt\u00e9s (tarifs enfants, gratuit\u00e9 pour les b\u00e9b\u00e9s de 0 \u00e0 2 ans),<br \/>\n&gt; le n\u00e9cessaire pour les b\u00e9b\u00e9s (petite baignoire plastique, lit parapluie, chaise haute, &#8230;),<br \/>\n&gt; et aussi la cuisine en libre-service pratique, conviviale et \u00e9conomique pour les familles.<br \/>\n&gt; La grande salle d&rsquo;activit\u00e9, les jeux et les livres pour les enfants, mais aussi pour les parents !<\/p>\n<\/blockquote>\n<h3>Une OFFRE\u00a0<strong>SP\u00c9CIFIQUE<\/strong><\/h3>\n<p>L&rsquo;h\u00e9bergement des familles\u00a0est facilit\u00e9 par la facult\u00e9 de configurer les couchages en lit double ou lits jumeaux, ainsi que par les grands espaces communs mis \u00e0 disposition des h\u00f4tes.<\/p>\n<h4>Un h\u00e9bergement <strong>adapt\u00e9<\/strong><\/h4>\n<blockquote><p>5 chambres de 2, 3 ou 4 personnes (<a href=\"https:\/\/laparenthese-banon.com\/GITE\/les-chambres\/\">tous les d\u00e9tails ICI<\/a>), dont\u00a0<strong>deux grandes chambres familiales<\/strong> (la chambre Accolades et la suite Trait-d&rsquo;Union).<\/p>\n<p><strong>Des tarifs adapt\u00e9s<\/strong> : gratuit\u00e9 pour les b\u00e9b\u00e9s de moins de 3 ans, r\u00e9duction pour les enfants de moins de 13 ans. Devis sur demande (sur la page CONTACT, ou r\u00e9servation directe ICI).<\/p><\/blockquote>\n<h4>Des espaces\u00a0<strong>d\u00e9di\u00e9s<\/strong><\/h4>\n<p>Les familles profiterons pleinement des espaces communs de la maison\u00a0:<\/p>\n<ul>\n<li>\u2192 \u00a0La <strong><a href=\"http:\/\/laparenthese-banon.com\/GITE\/la-maison-d-hotes\/cuisine-a-partager\/\">grande cuisine en gestion libre<\/a><\/strong>,<\/li>\n<li>\u2192 \u00a0La <a href=\"https:\/\/laparenthese-banon.com\/GITE\/la-maison-d-hotes\/les-commodites\/#Espacesvivre\"><strong>salle d&rsquo;activit\u00e9, de jeux et de d\u00e9tente<\/strong><\/a>.<\/li>\n<\/ul>\n<pre><strong><span style=\"color: #003366;\"><em>Des espaces adapt\u00e9s aux sp\u00e9cificit\u00e9s des familles : salle de jeux (une grande salle de 52 m\u00b2), cuisine en gestion libre, ...<\/em><\/span><\/strong><\/pre>\n<p>Voir aussi <a href=\"https:\/\/laparenthese-banon.com\/GITE\/la-maison-d-hotes\/\"><strong>ICI la pr\u00e9sentation<\/strong><\/a> de la maison d&rsquo;h\u00f4tes.<\/p>\n<div id=\"attachment_428\" style=\"width: 1034px\" class=\"wp-caption alignnone\"><a href=\"http:\/\/laparenthese-banon.com\/GITE\/wp-content\/uploads\/2017\/04\/Page_Espaces_Pano.jpg\" data-rel=\"lightbox-image-0\" data-rl_title=\"Page_Espaces_Pano\" data-rl_caption=\"\" title=\"Page_Espaces_Pano\"><img aria-describedby=\"caption-attachment-428\" loading=\"lazy\" class=\"size-large wp-image-428\" src=\"http:\/\/laparenthese-banon.com\/GITE\/wp-content\/uploads\/2017\/04\/Page_Espaces_Pano-1024x255.jpg\" alt=\"\" width=\"1024\" height=\"255\" srcset=\"https:\/\/laparenthese-banon.com\/GITE\/wp-content\/uploads\/2017\/04\/Page_Espaces_Pano-1024x255.jpg 1024w, https:\/\/laparenthese-banon.com\/GITE\/wp-content\/uploads\/2017\/04\/Page_Espaces_Pano-300x75.jpg 300w, https:\/\/laparenthese-banon.com\/GITE\/wp-content\/uploads\/2017\/04\/Page_Espaces_Pano-768x191.jpg 768w\" sizes=\"(max-width: 1024px) 100vw, 1024px\" \/><\/a><p id=\"caption-attachment-428\" class=\"wp-caption-text\">La grande salle de jeux, salon, TV, d\u00e9tente, etc.<\/p><\/div>\n<hr \/>\n<p>&nbsp;<\/p>\n","protected":false},"excerpt":{"rendered":"<p>A La Parenth\u00e8se, les familles sont les bienvenues : de grandes chambres avec des tarifs adapt\u00e9s au budget des familles, la possibilit\u00e9 de pr\u00e9parer et prendre les repas sans n\u00e9cessairement aller au restaurant, des facilit\u00e9s pour l&rsquo;accueil des b\u00e9b\u00e9s, une&#8230; <\/p>\n","protected":false},"author":1,"featured_media":427,"parent":2,"menu_order":6,"comment_status":"closed","ping_status":"closed","template":"","meta":[],"yoast_head":"<!-- This site is optimized with the Yoast SEO plugin v19.8 - https:\/\/yoast.com\/wordpress\/plugins\/seo\/ -->\n<title>La politique familiale<\/title>\n<meta name=\"description\" content=\"A La Parenth\u00e8se, les familles sont les bienvenues : de grandes chambres avec des tarifs adapt\u00e9s au budget des familles, la possibilit\u00e9 de pr\u00e9parer et\" \/>\n<meta name=\"robots\" content=\"index, follow, max-snippet:-1, max-image-preview:large, max-video-preview:-1\" \/>\n<link rel=\"canonical\" href=\"https:\/\/laparenthese-banon.com\/GITE\/la-maison-d-hotes\/la-politique-familiale\/\" \/>\n<meta property=\"og:locale\" content=\"fr_FR\" \/>\n<meta property=\"og:type\" content=\"article\" \/>\n<meta property=\"og:title\" content=\"La politique familiale\" \/>\n<meta property=\"og:description\" content=\"A La Parenth\u00e8se, les familles sont les bienvenues : de grandes chambres avec des tarifs adapt\u00e9s au budget des familles, la possibilit\u00e9 de pr\u00e9parer et\" \/>\n<meta property=\"og:url\" content=\"https:\/\/laparenthese-banon.com\/GITE\/la-maison-d-hotes\/la-politique-familiale\/\" \/>\n<meta property=\"og:site_name\" content=\"La Parenth\u00e8se Banon\" \/>\n<meta property=\"article:modified_time\" content=\"2017-05-10T12:30:55+00:00\" \/>\n<meta property=\"og:image\" content=\"https:\/\/laparenthese-banon.com\/GITE\/wp-content\/uploads\/2017\/04\/Entete_Famille.jpg\" \/>\n\t<meta property=\"og:image:width\" content=\"1400\" \/>\n\t<meta property=\"og:image:height\" content=\"334\" \/>\n\t<meta property=\"og:image:type\" content=\"image\/jpeg\" \/>\n<meta name=\"twitter:card\" content=\"summary_large_image\" \/>\n<meta name=\"twitter:label1\" content=\"Dur\u00e9e de lecture estim\u00e9e\" \/>\n\t<meta name=\"twitter:data1\" content=\"1 minute\" \/>\n<script type=\"application\/ld+json\" class=\"yoast-schema-graph\">{\"@context\":\"https:\/\/schema.org\",\"@graph\":[{\"@type\":\"WebPage\",\"@id\":\"https:\/\/laparenthese-banon.com\/GITE\/la-maison-d-hotes\/la-politique-familiale\/\",\"url\":\"https:\/\/laparenthese-banon.com\/GITE\/la-maison-d-hotes\/la-politique-familiale\/\",\"name\":\"La politique familiale\",\"isPartOf\":{\"@id\":\"https:\/\/laparenthese-banon.com\/GITE\/#website\"},\"datePublished\":\"2017-04-09T17:36:44+00:00\",\"dateModified\":\"2017-05-10T12:30:55+00:00\",\"description\":\"A La Parenth\u00e8se, les familles sont les bienvenues : de grandes chambres avec des tarifs adapt\u00e9s au budget des familles, la possibilit\u00e9 de pr\u00e9parer et\",\"breadcrumb\":{\"@id\":\"https:\/\/laparenthese-banon.com\/GITE\/la-maison-d-hotes\/la-politique-familiale\/#breadcrumb\"},\"inLanguage\":\"fr-FR\",\"potentialAction\":[{\"@type\":\"ReadAction\",\"target\":[\"https:\/\/laparenthese-banon.com\/GITE\/la-maison-d-hotes\/la-politique-familiale\/\"]}]},{\"@type\":\"BreadcrumbList\",\"@id\":\"https:\/\/laparenthese-banon.com\/GITE\/la-maison-d-hotes\/la-politique-familiale\/#breadcrumb\",\"itemListElement\":[{\"@type\":\"ListItem\",\"position\":1,\"name\":\"Accueil\",\"item\":\"https:\/\/laparenthese-banon.com\/GITE\/\"},{\"@type\":\"ListItem\",\"position\":2,\"name\":\"La maison d&rsquo;h\u00f4tes\",\"item\":\"https:\/\/laparenthese-banon.com\/GITE\/la-maison-d-hotes\/\"},{\"@type\":\"ListItem\",\"position\":3,\"name\":\"La politique familiale\"}]},{\"@type\":\"WebSite\",\"@id\":\"https:\/\/laparenthese-banon.com\/GITE\/#website\",\"url\":\"https:\/\/laparenthese-banon.com\/GITE\/\",\"name\":\"La Parenth\u00e8se Banon\",\"description\":\"Maison d&#039;H\u00f4tes et de Randonneurs en Haute-Provence\",\"potentialAction\":[{\"@type\":\"SearchAction\",\"target\":{\"@type\":\"EntryPoint\",\"urlTemplate\":\"https:\/\/laparenthese-banon.com\/GITE\/?s={search_term_string}\"},\"query-input\":\"required name=search_term_string\"}],\"inLanguage\":\"fr-FR\"}]}<\/script>\n<!-- \/ Yoast SEO plugin. -->","yoast_head_json":{"title":"La politique familiale","description":"A La Parenth\u00e8se, les familles sont les bienvenues : de grandes chambres avec des tarifs adapt\u00e9s au budget des familles, la possibilit\u00e9 de pr\u00e9parer et","robots":{"index":"index","follow":"follow","max-snippet":"max-snippet:-1","max-image-preview":"max-image-preview:large","max-video-preview":"max-video-preview:-1"},"canonical":"https:\/\/laparenthese-banon.com\/GITE\/la-maison-d-hotes\/la-politique-familiale\/","og_locale":"fr_FR","og_type":"article","og_title":"La politique familiale","og_description":"A La Parenth\u00e8se, les familles sont les bienvenues : de grandes chambres avec des tarifs adapt\u00e9s au budget des familles, la possibilit\u00e9 de pr\u00e9parer et","og_url":"https:\/\/laparenthese-banon.com\/GITE\/la-maison-d-hotes\/la-politique-familiale\/","og_site_name":"La Parenth\u00e8se Banon","article_modified_time":"2017-05-10T12:30:55+00:00","og_image":[{"width":1400,"height":334,"url":"https:\/\/laparenthese-banon.com\/GITE\/wp-content\/uploads\/2017\/04\/Entete_Famille.jpg","type":"image\/jpeg"}],"twitter_card":"summary_large_image","twitter_misc":{"Dur\u00e9e de lecture estim\u00e9e":"1 minute"},"schema":{"@context":"https:\/\/schema.org","@graph":[{"@type":"WebPage","@id":"https:\/\/laparenthese-banon.com\/GITE\/la-maison-d-hotes\/la-politique-familiale\/","url":"https:\/\/laparenthese-banon.com\/GITE\/la-maison-d-hotes\/la-politique-familiale\/","name":"La politique familiale","isPartOf":{"@id":"https:\/\/laparenthese-banon.com\/GITE\/#website"},"datePublished":"2017-04-09T17:36:44+00:00","dateModified":"2017-05-10T12:30:55+00:00","description":"A La Parenth\u00e8se, les familles sont les bienvenues : de grandes chambres avec des tarifs adapt\u00e9s au budget des familles, la possibilit\u00e9 de pr\u00e9parer et","breadcrumb":{"@id":"https:\/\/laparenthese-banon.com\/GITE\/la-maison-d-hotes\/la-politique-familiale\/#breadcrumb"},"inLanguage":"fr-FR","potentialAction":[{"@type":"ReadAction","target":["https:\/\/laparenthese-banon.com\/GITE\/la-maison-d-hotes\/la-politique-familiale\/"]}]},{"@type":"BreadcrumbList","@id":"https:\/\/laparenthese-banon.com\/GITE\/la-maison-d-hotes\/la-politique-familiale\/#breadcrumb","itemListElement":[{"@type":"ListItem","position":1,"name":"Accueil","item":"https:\/\/laparenthese-banon.com\/GITE\/"},{"@type":"ListItem","position":2,"name":"La maison d&rsquo;h\u00f4tes","item":"https:\/\/laparenthese-banon.com\/GITE\/la-maison-d-hotes\/"},{"@type":"ListItem","position":3,"name":"La politique familiale"}]},{"@type":"WebSite","@id":"https:\/\/laparenthese-banon.com\/GITE\/#website","url":"https:\/\/laparenthese-banon.com\/GITE\/","name":"La Parenth\u00e8se Banon","description":"Maison d&#039;H\u00f4tes et de Randonneurs en Haute-Provence","potentialAction":[{"@type":"SearchAction","target":{"@type":"EntryPoint","urlTemplate":"https:\/\/laparenthese-banon.com\/GITE\/?s={search_term_string}"},"query-input":"required name=search_term_string"}],"inLanguage":"fr-FR"}]}},"_links":{"self":[{"href":"https:\/\/laparenthese-banon.com\/GITE\/wp-json\/wp\/v2\/pages\/114"}],"collection":[{"href":"https:\/\/laparenthese-banon.com\/GITE\/wp-json\/wp\/v2\/pages"}],"about":[{"href":"https:\/\/laparenthese-banon.com\/GITE\/wp-json\/wp\/v2\/types\/page"}],"author":[{"embeddable":true,"href":"https:\/\/laparenthese-banon.com\/GITE\/wp-json\/wp\/v2\/users\/1"}],"replies":[{"embeddable":true,"href":"https:\/\/laparenthese-banon.com\/GITE\/wp-json\/wp\/v2\/comments?post=114"}],"version-history":[{"count":7,"href":"https:\/\/laparenthese-banon.com\/GITE\/wp-json\/wp\/v2\/pages\/114\/revisions"}],"predecessor-version":[{"id":498,"href":"https:\/\/laparenthese-banon.com\/GITE\/wp-json\/wp\/v2\/pages\/114\/revisions\/498"}],"up":[{"embeddable":true,"href":"https:\/\/laparenthese-banon.com\/GITE\/wp-json\/wp\/v2\/pages\/2"}],"wp:featuredmedia":[{"embeddable":true,"href":"https:\/\/laparenthese-banon.com\/GITE\/wp-json\/wp\/v2\/media\/427"}],"wp:attachment":[{"href":"https:\/\/laparenthese-banon.com\/GITE\/wp-json\/wp\/v2\/media?parent=114"}],"curies":[{"name":"wp","href":"https:\/\/api.w.org\/{rel}","templated":true}]}}