{"id":129,"date":"2017-04-10T15:05:22","date_gmt":"2017-04-10T13:05:22","guid":{"rendered":"http:\/\/laparenthese-banon.com\/GITE\/?page_id=129"},"modified":"2019-11-07T16:42:48","modified_gmt":"2019-11-07T15:42:48","slug":"les-chambres","status":"publish","type":"page","link":"https:\/\/laparenthese-banon.com\/GITE\/les-chambres\/","title":{"rendered":"Les chambres"},"content":{"rendered":"<blockquote><p>A <strong>La Parenth\u00e8se<\/strong>, nous avons con\u00e7u <strong>les 5 chambres<\/strong> (dont une \u00ab\u00a0suite\u00a0\u00bb de 2 chambres) comme autant de ponctuations de votre s\u00e9jour, pour votre confort et votre bien-\u00eatre.<\/p>\n<pre><div class=\"clear\"><\/div><a href=\"https:\/\/laparenthese-banon.com\/GITE\/fermeture\/\"  title=\"Bouton RESERVER\" class=\"grad-btn-large btn-align-left\" style=\"background-color:#62000f; color:#e7e7e7\">RESERVATIONS clotur\u00e9es<\/a><div class=\"clear\"><\/div><\/pre>\n<\/blockquote>\n<h3>L&rsquo;offre <strong>d&rsquo;h\u00e9bergement<\/strong><\/h3>\n<blockquote>\n<p style=\"text-align: left;\">Toutes les chambres disposent d&rsquo;une salle d&rsquo;eau privative (avec toilettes).<br \/>\nSauf exception, tous les lits sont reconfigurables en lits double (160 x 200) ou 2 lits jumeaux (80 x 200).<br \/>\nA part la chambre \u00ab\u00a0Esperluette\u00a0\u00bb, toutes autres les chambres peuvent accueillir jusqu&rsquo;\u00e0 4 personnes.<br \/>\nLa chambre Esperluette propose un tarif \u00e9conomique \u00ab\u00a0personne seule\u00a0\u00bb, tandis que les autres chambres proposent un tarif r\u00e9duit \u00ab\u00a0enfants &lt;13 ans\u00a0\u00bb.<br \/>\nRappel : gratuit\u00e9 pour les b\u00e9b\u00e9 (0-2 ans), cf. \u00ab\u00a0<a href=\"http:\/\/laparenthese-banon.com\/GITE\/la-maison-d-hotes\/la-politique-familiale\/\">Politique Familiale<\/a>\u00ab\u00a0.<\/p>\n<\/blockquote>\n<p><div class=\"rooms-list\">\r\n\t\t\t\t<a href=\"https:\/\/laparenthese-banon.com\/GITE\/les-chambres\/chambres-familiales\/\"><img src=https:\/\/laparenthese-banon.com\/GITE\/wp-content\/uploads\/2017\/04\/Page_Chambres_A.JPG><\/a>\t\t\t\t\t\r\n\t\t\t\t<span class=\"title\">Chambres FAMILIALES<\/span>\r\n\t\t\t\t<span class=\"price\">A partir de 78\u20ac<\/span>\r\n\t\t\t\t<div class=\"clear\"><\/div>\t\t\t\r\n\t\t\t\t<p>Les deux chambres familiales sont de grandes chambres \u00e0 2 ou 4 couchages avec leur salle d&rsquo;eau priv\u00e9e. Tranquilles et lumineuses, elles offrent une belle vue sur le pays de Banon et La Montagne de Lure<\/p>\r\n\t\t\t   <\/div><div class=\"rooms-list\">\r\n\t\t\t\t<a href=\"https:\/\/laparenthese-banon.com\/GITE\/les-chambres\/suite-trait-d-union\/\"><img src=https:\/\/laparenthese-banon.com\/GITE\/wp-content\/uploads\/2017\/04\/Page_Chambres_D.JPG><\/a>\t\t\t\t\t\r\n\t\t\t\t<span class=\"title\">Suite TRAIT d'UNION<\/span>\r\n\t\t\t\t<span class=\"price\">A partir de 78\u20ac<\/span>\r\n\t\t\t\t<div class=\"clear\"><\/div>\t\t\t\r\n\t\t\t\t<p>La suite Trait-d&rsquo;Union est situ\u00e9e \u00e0 l&rsquo;\u00e9tage, elle est constitu\u00e9e de deux chambres et d&rsquo;une salle d&rsquo;eau \/ toilettes. Parfaitement adapt\u00e9e pour une famille ou des amis, elle peut aussi tr\u00e8s bien convenir pour deux personnes avec un tarif adapt\u00e9 (la 2\u00e8me chambre \u00e9tant alors neutralis\u00e9e).<\/p>\r\n\t\t\t   <\/div><div class=\"rooms-list\">\r\n\t\t\t\t<a href=\"http:\/\/laparenthese-banon.com\/GITE\/les-chambres\/chambre-esperluette\/\"><img src=https:\/\/laparenthese-banon.com\/GITE\/wp-content\/uploads\/2017\/04\/Page_Chambres_B.JPG><\/a>\t\t\t\t\t\r\n\t\t\t\t<span class=\"title\">Chambre ESPERLUETTE<\/span>\r\n\t\t\t\t<span class=\"price\">A partir de 69\u20ac<\/span>\r\n\t\t\t\t<div class=\"clear\"><\/div>\t\t\t\r\n\t\t\t\t<p>La chambre \u00ab Esperluette \u00bb vous accueille \u00e0 l&rsquo;\u00e9tage c\u00f4t\u00e9 village, dans une charmante chambre pour 1 ou 2 personnes. Cette chambre offre un tarif r\u00e9duit \u00ab\u00a0personne seule\u00a0\u00bb.<\/p>\r\n\t\t\t   <\/div><\/p>\n<hr \/>\n<h3>Pour <strong>R\u00e9server<\/strong><\/h3>\n<blockquote><p><strong>En raison de la fermeture d\u00e9finitive de la maison d&rsquo;h\u00f4tes, les r\u00e9servations sont d\u00e9sormais impossible !<\/strong><\/p><\/blockquote>\n<p><a href=\"https:\/\/laparenthese-banon.com\/GITE\/fermeture\/\" rel=\"noopener noreferrer\"><img loading=\"lazy\" class=\"alignleft wp-image-142 size-full\" src=\"https:\/\/laparenthese-banon.com\/GITE\/wp-content\/uploads\/2017\/04\/bouton-Reserver.jpg\" alt=\"\" width=\"683\" height=\"298\" srcset=\"https:\/\/laparenthese-banon.com\/GITE\/wp-content\/uploads\/2017\/04\/bouton-Reserver.jpg 683w, https:\/\/laparenthese-banon.com\/GITE\/wp-content\/uploads\/2017\/04\/bouton-Reserver-300x131.jpg 300w\" sizes=\"(max-width: 683px) 100vw, 683px\" \/><\/a><\/p>\n","protected":false},"excerpt":{"rendered":"<p>A La Parenth\u00e8se, nous avons con\u00e7u les 5 chambres (dont une \u00ab\u00a0suite\u00a0\u00bb de 2 chambres) comme autant de ponctuations de votre s\u00e9jour, pour votre confort et votre bien-\u00eatre. L&rsquo;offre d&rsquo;h\u00e9bergement Toutes les chambres disposent d&rsquo;une salle d&rsquo;eau privative (avec toilettes)&#8230;. <\/p>\n","protected":false},"author":1,"featured_media":186,"parent":0,"menu_order":0,"comment_status":"closed","ping_status":"closed","template":"","meta":[],"yoast_head":"<!-- This site is optimized with the Yoast SEO plugin v19.8 - https:\/\/yoast.com\/wordpress\/plugins\/seo\/ -->\n<title>Les chambres<\/title>\n<meta name=\"description\" content=\"A La Parenth\u00e8se, nous avons con\u00e7u les 5 chambres (dont une &quot;suite&quot; de 2 chambres) comme autant de ponctuations de votre s\u00e9jour, pour votre confort et\" \/>\n<meta name=\"robots\" content=\"index, follow, max-snippet:-1, max-image-preview:large, max-video-preview:-1\" \/>\n<link rel=\"canonical\" href=\"https:\/\/laparenthese-banon.com\/GITE\/les-chambres\/\" \/>\n<meta property=\"og:locale\" content=\"fr_FR\" \/>\n<meta property=\"og:type\" content=\"article\" \/>\n<meta property=\"og:title\" content=\"Les chambres\" \/>\n<meta property=\"og:description\" content=\"A La Parenth\u00e8se, nous avons con\u00e7u les 5 chambres (dont une &quot;suite&quot; de 2 chambres) comme autant de ponctuations de votre s\u00e9jour, pour votre confort et\" \/>\n<meta property=\"og:url\" content=\"https:\/\/laparenthese-banon.com\/GITE\/les-chambres\/\" \/>\n<meta property=\"og:site_name\" content=\"La Parenth\u00e8se Banon\" \/>\n<meta property=\"article:modified_time\" content=\"2019-11-07T15:42:48+00:00\" \/>\n<meta property=\"og:image\" content=\"https:\/\/laparenthese-banon.com\/GITE\/wp-content\/uploads\/2017\/04\/Page_Maison_A.jpg\" \/>\n\t<meta property=\"og:image:width\" content=\"1400\" \/>\n\t<meta property=\"og:image:height\" content=\"334\" \/>\n\t<meta property=\"og:image:type\" content=\"image\/jpeg\" \/>\n<meta name=\"twitter:card\" content=\"summary_large_image\" \/>\n<meta name=\"twitter:label1\" content=\"Dur\u00e9e de lecture estim\u00e9e\" \/>\n\t<meta name=\"twitter:data1\" content=\"2 minutes\" \/>\n<script type=\"application\/ld+json\" class=\"yoast-schema-graph\">{\"@context\":\"https:\/\/schema.org\",\"@graph\":[{\"@type\":\"WebPage\",\"@id\":\"https:\/\/laparenthese-banon.com\/GITE\/les-chambres\/\",\"url\":\"https:\/\/laparenthese-banon.com\/GITE\/les-chambres\/\",\"name\":\"Les chambres\",\"isPartOf\":{\"@id\":\"https:\/\/laparenthese-banon.com\/GITE\/#website\"},\"datePublished\":\"2017-04-10T13:05:22+00:00\",\"dateModified\":\"2019-11-07T15:42:48+00:00\",\"description\":\"A La Parenth\u00e8se, nous avons con\u00e7u les 5 chambres (dont une \\\"suite\\\" de 2 chambres) comme autant de ponctuations de votre s\u00e9jour, pour votre confort et\",\"breadcrumb\":{\"@id\":\"https:\/\/laparenthese-banon.com\/GITE\/les-chambres\/#breadcrumb\"},\"inLanguage\":\"fr-FR\",\"potentialAction\":[{\"@type\":\"ReadAction\",\"target\":[\"https:\/\/laparenthese-banon.com\/GITE\/les-chambres\/\"]}]},{\"@type\":\"BreadcrumbList\",\"@id\":\"https:\/\/laparenthese-banon.com\/GITE\/les-chambres\/#breadcrumb\",\"itemListElement\":[{\"@type\":\"ListItem\",\"position\":1,\"name\":\"Accueil\",\"item\":\"https:\/\/laparenthese-banon.com\/GITE\/\"},{\"@type\":\"ListItem\",\"position\":2,\"name\":\"Les chambres\"}]},{\"@type\":\"WebSite\",\"@id\":\"https:\/\/laparenthese-banon.com\/GITE\/#website\",\"url\":\"https:\/\/laparenthese-banon.com\/GITE\/\",\"name\":\"La Parenth\u00e8se Banon\",\"description\":\"Maison d&#039;H\u00f4tes et de Randonneurs en Haute-Provence\",\"potentialAction\":[{\"@type\":\"SearchAction\",\"target\":{\"@type\":\"EntryPoint\",\"urlTemplate\":\"https:\/\/laparenthese-banon.com\/GITE\/?s={search_term_string}\"},\"query-input\":\"required name=search_term_string\"}],\"inLanguage\":\"fr-FR\"}]}<\/script>\n<!-- \/ Yoast SEO plugin. -->","yoast_head_json":{"title":"Les chambres","description":"A La Parenth\u00e8se, nous avons con\u00e7u les 5 chambres (dont une \"suite\" de 2 chambres) comme autant de ponctuations de votre s\u00e9jour, pour votre confort et","robots":{"index":"index","follow":"follow","max-snippet":"max-snippet:-1","max-image-preview":"max-image-preview:large","max-video-preview":"max-video-preview:-1"},"canonical":"https:\/\/laparenthese-banon.com\/GITE\/les-chambres\/","og_locale":"fr_FR","og_type":"article","og_title":"Les chambres","og_description":"A La Parenth\u00e8se, nous avons con\u00e7u les 5 chambres (dont une \"suite\" de 2 chambres) comme autant de ponctuations de votre s\u00e9jour, pour votre confort et","og_url":"https:\/\/laparenthese-banon.com\/GITE\/les-chambres\/","og_site_name":"La Parenth\u00e8se Banon","article_modified_time":"2019-11-07T15:42:48+00:00","og_image":[{"width":1400,"height":334,"url":"https:\/\/laparenthese-banon.com\/GITE\/wp-content\/uploads\/2017\/04\/Page_Maison_A.jpg","type":"image\/jpeg"}],"twitter_card":"summary_large_image","twitter_misc":{"Dur\u00e9e de lecture estim\u00e9e":"2 minutes"},"schema":{"@context":"https:\/\/schema.org","@graph":[{"@type":"WebPage","@id":"https:\/\/laparenthese-banon.com\/GITE\/les-chambres\/","url":"https:\/\/laparenthese-banon.com\/GITE\/les-chambres\/","name":"Les chambres","isPartOf":{"@id":"https:\/\/laparenthese-banon.com\/GITE\/#website"},"datePublished":"2017-04-10T13:05:22+00:00","dateModified":"2019-11-07T15:42:48+00:00","description":"A La Parenth\u00e8se, nous avons con\u00e7u les 5 chambres (dont une \"suite\" de 2 chambres) comme autant de ponctuations de votre s\u00e9jour, pour votre confort et","breadcrumb":{"@id":"https:\/\/laparenthese-banon.com\/GITE\/les-chambres\/#breadcrumb"},"inLanguage":"fr-FR","potentialAction":[{"@type":"ReadAction","target":["https:\/\/laparenthese-banon.com\/GITE\/les-chambres\/"]}]},{"@type":"BreadcrumbList","@id":"https:\/\/laparenthese-banon.com\/GITE\/les-chambres\/#breadcrumb","itemListElement":[{"@type":"ListItem","position":1,"name":"Accueil","item":"https:\/\/laparenthese-banon.com\/GITE\/"},{"@type":"ListItem","position":2,"name":"Les chambres"}]},{"@type":"WebSite","@id":"https:\/\/laparenthese-banon.com\/GITE\/#website","url":"https:\/\/laparenthese-banon.com\/GITE\/","name":"La Parenth\u00e8se Banon","description":"Maison d&#039;H\u00f4tes et de Randonneurs en Haute-Provence","potentialAction":[{"@type":"SearchAction","target":{"@type":"EntryPoint","urlTemplate":"https:\/\/laparenthese-banon.com\/GITE\/?s={search_term_string}"},"query-input":"required name=search_term_string"}],"inLanguage":"fr-FR"}]}},"_links":{"self":[{"href":"https:\/\/laparenthese-banon.com\/GITE\/wp-json\/wp\/v2\/pages\/129"}],"collection":[{"href":"https:\/\/laparenthese-banon.com\/GITE\/wp-json\/wp\/v2\/pages"}],"about":[{"href":"https:\/\/laparenthese-banon.com\/GITE\/wp-json\/wp\/v2\/types\/page"}],"author":[{"embeddable":true,"href":"https:\/\/laparenthese-banon.com\/GITE\/wp-json\/wp\/v2\/users\/1"}],"replies":[{"embeddable":true,"href":"https:\/\/laparenthese-banon.com\/GITE\/wp-json\/wp\/v2\/comments?post=129"}],"version-history":[{"count":32,"href":"https:\/\/laparenthese-banon.com\/GITE\/wp-json\/wp\/v2\/pages\/129\/revisions"}],"predecessor-version":[{"id":1194,"href":"https:\/\/laparenthese-banon.com\/GITE\/wp-json\/wp\/v2\/pages\/129\/revisions\/1194"}],"wp:featuredmedia":[{"embeddable":true,"href":"https:\/\/laparenthese-banon.com\/GITE\/wp-json\/wp\/v2\/media\/186"}],"wp:attachment":[{"href":"https:\/\/laparenthese-banon.com\/GITE\/wp-json\/wp\/v2\/media?parent=129"}],"curies":[{"name":"wp","href":"https:\/\/api.w.org\/{rel}","templated":true}]}}