{"id":156,"date":"2017-04-10T19:00:29","date_gmt":"2017-04-10T17:00:29","guid":{"rendered":"http:\/\/laparenthese-banon.com\/GITE\/?page_id=156"},"modified":"2019-11-07T16:46:45","modified_gmt":"2019-11-07T15:46:45","slug":"suite-trait-d-union","status":"publish","type":"page","link":"https:\/\/laparenthese-banon.com\/GITE\/les-chambres\/suite-trait-d-union\/","title":{"rendered":"Suite TRAIT d&rsquo;UNION"},"content":{"rendered":"<blockquote><p>La <strong>suite Trait-d&rsquo;Union<\/strong> est situ\u00e9e \u00e0 l&rsquo;\u00e9tage, elle est constitu\u00e9e de <strong>deux chambres<\/strong>\u00a0s\u00e9par\u00e9es par une salle d&rsquo;eau \/ toilettes. Parfaitement adapt\u00e9e pour une famille ou des amis, elle peut aussi tr\u00e8s bien convenir pour deux personnes avec un tarif adapt\u00e9, dans ce cas la deuxi\u00e8me chambre est neutralis\u00e9e (cette chambre ne peut jamais \u00eatre r\u00e9serv\u00e9e seule).<\/p>\n<pre><div class=\"clear\"><\/div><a href=\"https:\/\/laparenthese-banon.com\/GITE\/fermeture\/\"  title=\"Bouton RESERVER\" class=\"grad-btn-medium btn-align-left\" style=\"background-color:#62000f; color:#e7e7e7\">RESERVATION clotur\u00e9e<\/a><div class=\"clear\"><\/div><\/pre>\n<\/blockquote>\n<h3>La suite<\/h3>\n<blockquote><p><strong>Trait d&rsquo;union :<\/strong> la r\u00e9servation coupl\u00e9e des chambres \u00ab <strong>Circonflexe<\/strong> \u00bb et \u00ab <strong>Guillemets<\/strong> \u00bb avec la salle de bain \u00e0 partager constitue une suite familiale ou une solution \u00e9conomique pour des amis. La suite dispose d&rsquo;un acc\u00e8s permettant de pr\u00e9server l&rsquo;intimit\u00e9 de l&rsquo;ensemble des deux chambres.<\/p><\/blockquote>\n<p>La photo panoramique ci-dessous permet une vue de l&rsquo;ensemble des deux chambres et de la salle de bain qui constituent la \u00ab\u00a0suite\u00a0\u00bb. Situ\u00e9e au bout du couloir, sans vis \u00e0 vis, cette suite dispose d&rsquo;un acc\u00e8s\u00a0qui pr\u00e9serve l&rsquo;intimit\u00e9 des chambres et de la salle d&rsquo;eau.<\/p>\n<div id=\"attachment_159\" style=\"width: 1410px\" class=\"wp-caption alignnone\"><img aria-describedby=\"caption-attachment-159\" loading=\"lazy\" class=\"size-full wp-image-159\" src=\"http:\/\/laparenthese-banon.com\/GITE\/wp-content\/uploads\/2017\/04\/Page_Chambres_S3.jpg\" alt=\"\" width=\"1400\" height=\"403\" srcset=\"https:\/\/laparenthese-banon.com\/GITE\/wp-content\/uploads\/2017\/04\/Page_Chambres_S3.jpg 1400w, https:\/\/laparenthese-banon.com\/GITE\/wp-content\/uploads\/2017\/04\/Page_Chambres_S3-300x86.jpg 300w, https:\/\/laparenthese-banon.com\/GITE\/wp-content\/uploads\/2017\/04\/Page_Chambres_S3-768x221.jpg 768w, https:\/\/laparenthese-banon.com\/GITE\/wp-content\/uploads\/2017\/04\/Page_Chambres_S3-1024x295.jpg 1024w\" sizes=\"(max-width: 1400px) 100vw, 1400px\" \/><p id=\"caption-attachment-159\" class=\"wp-caption-text\">Vue panoramique de l&rsquo;ensemble Circonflexe (\u00e0 gauche), salle d&rsquo;eau (au milieu) et Guillemets (\u00e0 droite).<\/p><\/div>\n<h3>La chambre\u00a0CIRCONFLEXE<\/h3>\n<blockquote><p>\u00ab <strong>Circonflexe<\/strong> \u00bb vous accueille \u00e0 l&rsquo;\u00e9tage, dans une tr\u00e8s belle chambre majuscule avec une <strong>vue splendide sur la Montagne de Lure<\/strong>. Tr\u00e8s lumineuse, la chambre dispose de <b>2<\/b>\u00a0fen\u00eatres dont une baie offrant le panorama sur Lure.<br \/>\nCette chambre <strong>peut \u00eatre r\u00e9serv\u00e9e seule<\/strong>, dans ce cas la salle d&rsquo;eau\/toilettes est privative (la chambre Guillemets n&rsquo;est alors plus disponible \u00e0 la r\u00e9servation).<\/p><\/blockquote>\n<div id=\"attachment_160\" style=\"width: 1248px\" class=\"wp-caption aligncenter\"><img aria-describedby=\"caption-attachment-160\" loading=\"lazy\" class=\"size-full wp-image-160\" src=\"http:\/\/laparenthese-banon.com\/GITE\/wp-content\/uploads\/2017\/04\/Page_Chambres_S4.jpg\" alt=\"\" width=\"1238\" height=\"365\" srcset=\"https:\/\/laparenthese-banon.com\/GITE\/wp-content\/uploads\/2017\/04\/Page_Chambres_S4.jpg 1238w, https:\/\/laparenthese-banon.com\/GITE\/wp-content\/uploads\/2017\/04\/Page_Chambres_S4-300x88.jpg 300w, https:\/\/laparenthese-banon.com\/GITE\/wp-content\/uploads\/2017\/04\/Page_Chambres_S4-768x226.jpg 768w, https:\/\/laparenthese-banon.com\/GITE\/wp-content\/uploads\/2017\/04\/Page_Chambres_S4-1024x302.jpg 1024w\" sizes=\"(max-width: 1238px) 100vw, 1238px\" \/><p id=\"caption-attachment-160\" class=\"wp-caption-text\">Vue de la chambre Circonflexe<\/p><\/div>\n<h4>Informations :<\/h4>\n<ul>\n<li>\u2192 Un grand lit de 160\u00d7200 pour deux personnes, ou deux lits de 80&#215;200,<br \/>\n\u2192 Une salle d&rsquo;eau avec une belle douche \u00e0 l&rsquo;italienne et un WC, radiateur s\u00e8che-serviettes, s\u00e8che-cheveux.<br \/>\n\u2192 \u00a0Surfaces : chambre 15 m\u00b2, salle d&rsquo;eau 4,5 m\u00b2.<\/li>\n<li><\/li>\n<\/ul>\n<h3>La Chambre\u00a0GUILLEMETS<\/h3>\n<blockquote><p>\u00ab Guillemets \u00bb vous accueille \u00e0 l&rsquo;\u00e9tage, dans une jolie chambre c\u00f4t\u00e9 sud, cette chambre <strong>ne peut \u00eatre r\u00e9serv\u00e9e seule<\/strong>, elle est destin\u00e9e \u00e0 constituer une suite avec la chambre Circonflexe.<br \/>\nCette chambre dispose de <b>2<\/b>\u00a0fen\u00eatres.<\/p><\/blockquote>\n<div id=\"attachment_162\" style=\"width: 1248px\" class=\"wp-caption alignnone\"><img aria-describedby=\"caption-attachment-162\" loading=\"lazy\" class=\"size-full wp-image-162\" src=\"http:\/\/laparenthese-banon.com\/GITE\/wp-content\/uploads\/2017\/04\/Page_Chambres_S5.jpg\" alt=\"\" width=\"1238\" height=\"499\" srcset=\"https:\/\/laparenthese-banon.com\/GITE\/wp-content\/uploads\/2017\/04\/Page_Chambres_S5.jpg 1238w, https:\/\/laparenthese-banon.com\/GITE\/wp-content\/uploads\/2017\/04\/Page_Chambres_S5-300x121.jpg 300w, https:\/\/laparenthese-banon.com\/GITE\/wp-content\/uploads\/2017\/04\/Page_Chambres_S5-768x310.jpg 768w, https:\/\/laparenthese-banon.com\/GITE\/wp-content\/uploads\/2017\/04\/Page_Chambres_S5-1024x413.jpg 1024w\" sizes=\"(max-width: 1238px) 100vw, 1238px\" \/><p id=\"caption-attachment-162\" class=\"wp-caption-text\">Vue de la chambre Guillemets.<\/p><\/div>\n<h4>Informations :<\/h4>\n<ul>\n<li>\u2192 Un grand lit de 160\u00d7200, convertible sur demande en deux lits de 80\u00d7200,<\/li>\n<li>\u2192 Une salle d&rsquo;eau avec une grande douche \u00e0 l&rsquo;italienne et un WC, radiateur s\u00e8che-serviettes, s\u00e8che-cheveux (\u00e0 partager avec Circonflexe).<\/li>\n<li>\u2192 Surfaces : chambre 11\u00a0m\u00b2, salle d&rsquo;eau 4,5 m\u00b2.<\/li>\n<li><\/li>\n<\/ul>\n<hr \/>\n","protected":false},"excerpt":{"rendered":"<p>La suite Trait-d&rsquo;Union est situ\u00e9e \u00e0 l&rsquo;\u00e9tage, elle est constitu\u00e9e de deux chambres\u00a0s\u00e9par\u00e9es par une salle d&rsquo;eau \/ toilettes. Parfaitement adapt\u00e9e pour une famille ou des amis, elle peut aussi tr\u00e8s bien convenir pour deux personnes avec un tarif adapt\u00e9,&#8230; <\/p>\n","protected":false},"author":1,"featured_media":157,"parent":129,"menu_order":2,"comment_status":"closed","ping_status":"closed","template":"","meta":[],"yoast_head":"<!-- This site is optimized with the Yoast SEO plugin v19.8 - https:\/\/yoast.com\/wordpress\/plugins\/seo\/ -->\n<title>Suite TRAIT d&#039;UNION<\/title>\n<meta name=\"description\" content=\"La suite Trait-d&#039;Union est situ\u00e9e \u00e0 l&#039;\u00e9tage, elle est constitu\u00e9e de deux chambres\u00a0s\u00e9par\u00e9es par une salle d&#039;eau \/ toilettes. Parfaitement adapt\u00e9e pour une\" \/>\n<meta name=\"robots\" content=\"index, follow, max-snippet:-1, max-image-preview:large, max-video-preview:-1\" \/>\n<link rel=\"canonical\" href=\"https:\/\/laparenthese-banon.com\/GITE\/les-chambres\/suite-trait-d-union\/\" \/>\n<meta property=\"og:locale\" content=\"fr_FR\" \/>\n<meta property=\"og:type\" content=\"article\" \/>\n<meta property=\"og:title\" content=\"Suite TRAIT d&#039;UNION\" \/>\n<meta property=\"og:description\" content=\"La suite Trait-d&#039;Union est situ\u00e9e \u00e0 l&#039;\u00e9tage, elle est constitu\u00e9e de deux chambres\u00a0s\u00e9par\u00e9es par une salle d&#039;eau \/ toilettes. Parfaitement adapt\u00e9e pour une\" \/>\n<meta property=\"og:url\" content=\"https:\/\/laparenthese-banon.com\/GITE\/les-chambres\/suite-trait-d-union\/\" \/>\n<meta property=\"og:site_name\" content=\"La Parenth\u00e8se Banon\" \/>\n<meta property=\"article:modified_time\" content=\"2019-11-07T15:46:45+00:00\" \/>\n<meta property=\"og:image\" content=\"https:\/\/laparenthese-banon.com\/GITE\/wp-content\/uploads\/2017\/04\/Page_Chambres_S1.jpg\" \/>\n\t<meta property=\"og:image:width\" content=\"1400\" \/>\n\t<meta property=\"og:image:height\" content=\"334\" \/>\n\t<meta property=\"og:image:type\" content=\"image\/jpeg\" \/>\n<meta name=\"twitter:card\" content=\"summary_large_image\" \/>\n<meta name=\"twitter:label1\" content=\"Dur\u00e9e de lecture estim\u00e9e\" \/>\n\t<meta name=\"twitter:data1\" content=\"2 minutes\" \/>\n<script type=\"application\/ld+json\" class=\"yoast-schema-graph\">{\"@context\":\"https:\/\/schema.org\",\"@graph\":[{\"@type\":\"WebPage\",\"@id\":\"https:\/\/laparenthese-banon.com\/GITE\/les-chambres\/suite-trait-d-union\/\",\"url\":\"https:\/\/laparenthese-banon.com\/GITE\/les-chambres\/suite-trait-d-union\/\",\"name\":\"Suite TRAIT d'UNION\",\"isPartOf\":{\"@id\":\"https:\/\/laparenthese-banon.com\/GITE\/#website\"},\"datePublished\":\"2017-04-10T17:00:29+00:00\",\"dateModified\":\"2019-11-07T15:46:45+00:00\",\"description\":\"La suite Trait-d'Union est situ\u00e9e \u00e0 l'\u00e9tage, elle est constitu\u00e9e de deux chambres\u00a0s\u00e9par\u00e9es par une salle d'eau \/ toilettes. Parfaitement adapt\u00e9e pour une\",\"breadcrumb\":{\"@id\":\"https:\/\/laparenthese-banon.com\/GITE\/les-chambres\/suite-trait-d-union\/#breadcrumb\"},\"inLanguage\":\"fr-FR\",\"potentialAction\":[{\"@type\":\"ReadAction\",\"target\":[\"https:\/\/laparenthese-banon.com\/GITE\/les-chambres\/suite-trait-d-union\/\"]}]},{\"@type\":\"BreadcrumbList\",\"@id\":\"https:\/\/laparenthese-banon.com\/GITE\/les-chambres\/suite-trait-d-union\/#breadcrumb\",\"itemListElement\":[{\"@type\":\"ListItem\",\"position\":1,\"name\":\"Accueil\",\"item\":\"https:\/\/laparenthese-banon.com\/GITE\/\"},{\"@type\":\"ListItem\",\"position\":2,\"name\":\"Les chambres\",\"item\":\"https:\/\/laparenthese-banon.com\/GITE\/les-chambres\/\"},{\"@type\":\"ListItem\",\"position\":3,\"name\":\"Suite TRAIT d&rsquo;UNION\"}]},{\"@type\":\"WebSite\",\"@id\":\"https:\/\/laparenthese-banon.com\/GITE\/#website\",\"url\":\"https:\/\/laparenthese-banon.com\/GITE\/\",\"name\":\"La Parenth\u00e8se Banon\",\"description\":\"Maison d&#039;H\u00f4tes et de Randonneurs en Haute-Provence\",\"potentialAction\":[{\"@type\":\"SearchAction\",\"target\":{\"@type\":\"EntryPoint\",\"urlTemplate\":\"https:\/\/laparenthese-banon.com\/GITE\/?s={search_term_string}\"},\"query-input\":\"required name=search_term_string\"}],\"inLanguage\":\"fr-FR\"}]}<\/script>\n<!-- \/ Yoast SEO plugin. -->","yoast_head_json":{"title":"Suite TRAIT d'UNION","description":"La suite Trait-d'Union est situ\u00e9e \u00e0 l'\u00e9tage, elle est constitu\u00e9e de deux chambres\u00a0s\u00e9par\u00e9es par une salle d'eau \/ toilettes. Parfaitement adapt\u00e9e pour une","robots":{"index":"index","follow":"follow","max-snippet":"max-snippet:-1","max-image-preview":"max-image-preview:large","max-video-preview":"max-video-preview:-1"},"canonical":"https:\/\/laparenthese-banon.com\/GITE\/les-chambres\/suite-trait-d-union\/","og_locale":"fr_FR","og_type":"article","og_title":"Suite TRAIT d'UNION","og_description":"La suite Trait-d'Union est situ\u00e9e \u00e0 l'\u00e9tage, elle est constitu\u00e9e de deux chambres\u00a0s\u00e9par\u00e9es par une salle d'eau \/ toilettes. Parfaitement adapt\u00e9e pour une","og_url":"https:\/\/laparenthese-banon.com\/GITE\/les-chambres\/suite-trait-d-union\/","og_site_name":"La Parenth\u00e8se Banon","article_modified_time":"2019-11-07T15:46:45+00:00","og_image":[{"width":1400,"height":334,"url":"https:\/\/laparenthese-banon.com\/GITE\/wp-content\/uploads\/2017\/04\/Page_Chambres_S1.jpg","type":"image\/jpeg"}],"twitter_card":"summary_large_image","twitter_misc":{"Dur\u00e9e de lecture estim\u00e9e":"2 minutes"},"schema":{"@context":"https:\/\/schema.org","@graph":[{"@type":"WebPage","@id":"https:\/\/laparenthese-banon.com\/GITE\/les-chambres\/suite-trait-d-union\/","url":"https:\/\/laparenthese-banon.com\/GITE\/les-chambres\/suite-trait-d-union\/","name":"Suite TRAIT d'UNION","isPartOf":{"@id":"https:\/\/laparenthese-banon.com\/GITE\/#website"},"datePublished":"2017-04-10T17:00:29+00:00","dateModified":"2019-11-07T15:46:45+00:00","description":"La suite Trait-d'Union est situ\u00e9e \u00e0 l'\u00e9tage, elle est constitu\u00e9e de deux chambres\u00a0s\u00e9par\u00e9es par une salle d'eau \/ toilettes. Parfaitement adapt\u00e9e pour une","breadcrumb":{"@id":"https:\/\/laparenthese-banon.com\/GITE\/les-chambres\/suite-trait-d-union\/#breadcrumb"},"inLanguage":"fr-FR","potentialAction":[{"@type":"ReadAction","target":["https:\/\/laparenthese-banon.com\/GITE\/les-chambres\/suite-trait-d-union\/"]}]},{"@type":"BreadcrumbList","@id":"https:\/\/laparenthese-banon.com\/GITE\/les-chambres\/suite-trait-d-union\/#breadcrumb","itemListElement":[{"@type":"ListItem","position":1,"name":"Accueil","item":"https:\/\/laparenthese-banon.com\/GITE\/"},{"@type":"ListItem","position":2,"name":"Les chambres","item":"https:\/\/laparenthese-banon.com\/GITE\/les-chambres\/"},{"@type":"ListItem","position":3,"name":"Suite TRAIT d&rsquo;UNION"}]},{"@type":"WebSite","@id":"https:\/\/laparenthese-banon.com\/GITE\/#website","url":"https:\/\/laparenthese-banon.com\/GITE\/","name":"La Parenth\u00e8se Banon","description":"Maison d&#039;H\u00f4tes et de Randonneurs en Haute-Provence","potentialAction":[{"@type":"SearchAction","target":{"@type":"EntryPoint","urlTemplate":"https:\/\/laparenthese-banon.com\/GITE\/?s={search_term_string}"},"query-input":"required name=search_term_string"}],"inLanguage":"fr-FR"}]}},"_links":{"self":[{"href":"https:\/\/laparenthese-banon.com\/GITE\/wp-json\/wp\/v2\/pages\/156"}],"collection":[{"href":"https:\/\/laparenthese-banon.com\/GITE\/wp-json\/wp\/v2\/pages"}],"about":[{"href":"https:\/\/laparenthese-banon.com\/GITE\/wp-json\/wp\/v2\/types\/page"}],"author":[{"embeddable":true,"href":"https:\/\/laparenthese-banon.com\/GITE\/wp-json\/wp\/v2\/users\/1"}],"replies":[{"embeddable":true,"href":"https:\/\/laparenthese-banon.com\/GITE\/wp-json\/wp\/v2\/comments?post=156"}],"version-history":[{"count":15,"href":"https:\/\/laparenthese-banon.com\/GITE\/wp-json\/wp\/v2\/pages\/156\/revisions"}],"predecessor-version":[{"id":1198,"href":"https:\/\/laparenthese-banon.com\/GITE\/wp-json\/wp\/v2\/pages\/156\/revisions\/1198"}],"up":[{"embeddable":true,"href":"https:\/\/laparenthese-banon.com\/GITE\/wp-json\/wp\/v2\/pages\/129"}],"wp:featuredmedia":[{"embeddable":true,"href":"https:\/\/laparenthese-banon.com\/GITE\/wp-json\/wp\/v2\/media\/157"}],"wp:attachment":[{"href":"https:\/\/laparenthese-banon.com\/GITE\/wp-json\/wp\/v2\/media?parent=156"}],"curies":[{"name":"wp","href":"https:\/\/api.w.org\/{rel}","templated":true}]}}