{"id":169,"date":"2017-04-10T19:26:03","date_gmt":"2017-04-10T17:26:03","guid":{"rendered":"http:\/\/laparenthese-banon.com\/GITE\/?page_id=169"},"modified":"2019-11-07T16:45:18","modified_gmt":"2019-11-07T15:45:18","slug":"chambre-esperluette","status":"publish","type":"page","link":"https:\/\/laparenthese-banon.com\/GITE\/les-chambres\/chambre-esperluette\/","title":{"rendered":"Chambre ESPERLUETTE"},"content":{"rendered":"<blockquote><p>La chambre \u00ab <strong>Esperluette<\/strong> \u00bb vous accueille \u00e0 l\u2019\u00e9tage c\u00f4t\u00e9 village, dans une charmante chambre pour 1 ou 2 personnes. Cette chambre \u00e0 la particularit\u00e9 d&rsquo;offrir un <strong>tarif r\u00e9duit<\/strong> \u00ab personne seule \u00bb.<\/p>\n<pre><div class=\"clear\"><\/div><a href=\"https:\/\/laparenthese-banon.com\/GITE\/fermeture\/\"  title=\"Bouton RESERVER\" class=\"grad-btn-medium btn-align-left\" style=\"background-color:#62000f; color:#e7e7e7\">RESERVATION clotur\u00e9e<\/a><div class=\"clear\"><\/div><\/pre>\n<\/blockquote>\n<h3>La chambre\u00a0double ou\u00a0twin<\/h3>\n<blockquote><p>\u00ab <strong>Esperluette\u00a0<\/strong>\u00bb est la chambre la plus \u00e9conomique de la maison, elle n&rsquo;en est pas moins confortable et dispose d&rsquo;une belle salle d&rsquo;eau \/ toilettes privative, la chambre dispose de <b>2<\/b>\u00a0fen\u00eatres.<\/p><\/blockquote>\n<div id=\"attachment_173\" style=\"width: 1248px\" class=\"wp-caption aligncenter\"><img aria-describedby=\"caption-attachment-173\" loading=\"lazy\" class=\"size-full wp-image-173\" src=\"http:\/\/laparenthese-banon.com\/GITE\/wp-content\/uploads\/2017\/04\/Page_Chambres_T2.jpg\" alt=\"\" width=\"1238\" height=\"827\" srcset=\"https:\/\/laparenthese-banon.com\/GITE\/wp-content\/uploads\/2017\/04\/Page_Chambres_T2.jpg 1238w, https:\/\/laparenthese-banon.com\/GITE\/wp-content\/uploads\/2017\/04\/Page_Chambres_T2-300x200.jpg 300w, https:\/\/laparenthese-banon.com\/GITE\/wp-content\/uploads\/2017\/04\/Page_Chambres_T2-768x513.jpg 768w, https:\/\/laparenthese-banon.com\/GITE\/wp-content\/uploads\/2017\/04\/Page_Chambres_T2-1024x684.jpg 1024w\" sizes=\"(max-width: 1238px) 100vw, 1238px\" \/><p id=\"caption-attachment-173\" class=\"wp-caption-text\">Vue partielle de la chambre Esperluette<\/p><\/div>\n<h4>Informations :<\/h4>\n<ul>\n<li>\u2192 Un grand lit de 160\u00d7200 pour deux personnes, ou deux lits de 80&#215;200,<br \/>\n\u2192 Une salle d&rsquo;eau avec une belle douche \u00e0 l&rsquo;italienne et un WC, radiateur s\u00e8che-serviettes, s\u00e8che-cheveux.<br \/>\n\u2192 Surfaces : chambre 11 m\u00b2, salle d&rsquo;eau 3,8\u00a0m\u00b2.<\/li>\n<li><\/li>\n<\/ul>\n<hr \/>\n<h3>Galerie PHOTOS<\/h3>\n\n\t\t<style type=\"text\/css\">\n\t\t\t#gallery-1 {\n\t\t\t\tmargin: auto;\n\t\t\t}\n\t\t\t#gallery-1 .gallery-item {\n\t\t\t\tfloat: left;\n\t\t\t\tmargin-top: 10px;\n\t\t\t\ttext-align: center;\n\t\t\t\twidth: 25%;\n\t\t\t}\n\t\t\t#gallery-1 img {\n\t\t\t\tborder: 2px solid #cfcfcf;\n\t\t\t}\n\t\t\t#gallery-1 .gallery-caption {\n\t\t\t\tmargin-left: 0;\n\t\t\t}\n\t\t\t\/* see gallery_shortcode() in wp-includes\/media.php *\/\n\t\t<\/style>\n\t\t<div id='gallery-1' class='gallery galleryid-169 gallery-columns-4 gallery-size-thumbnail'><dl class='gallery-item'>\n\t\t\t<dt class='gallery-icon landscape'>\n\t\t\t\t<a href='https:\/\/laparenthese-banon.com\/GITE\/wp-content\/uploads\/2017\/04\/Page_Chambres_T6.jpg' title=\"\" data-rl_title=\"\" class=\"rl-gallery-link\" data-rl_caption=\"\" data-rel=\"lightbox-gallery-1\"><img width=\"150\" height=\"150\" src=\"https:\/\/laparenthese-banon.com\/GITE\/wp-content\/uploads\/2017\/04\/Page_Chambres_T6-150x150.jpg\" class=\"attachment-thumbnail size-thumbnail\" alt=\"\" loading=\"lazy\" aria-describedby=\"gallery-1-337\" \/><\/a>\n\t\t\t<\/dt>\n\t\t\t\t<dd class='wp-caption-text gallery-caption' id='gallery-1-337'>\n\t\t\t\tChambre Esperluette\n\t\t\t\t<\/dd><\/dl><dl class='gallery-item'>\n\t\t\t<dt class='gallery-icon landscape'>\n\t\t\t\t<a href='https:\/\/laparenthese-banon.com\/GITE\/wp-content\/uploads\/2017\/04\/Page_Chambres_T8.jpg' title=\"\" data-rl_title=\"\" class=\"rl-gallery-link\" data-rl_caption=\"\" data-rel=\"lightbox-gallery-1\"><img width=\"150\" height=\"150\" src=\"https:\/\/laparenthese-banon.com\/GITE\/wp-content\/uploads\/2017\/04\/Page_Chambres_T8-150x150.jpg\" class=\"attachment-thumbnail size-thumbnail\" alt=\"\" loading=\"lazy\" aria-describedby=\"gallery-1-333\" \/><\/a>\n\t\t\t<\/dt>\n\t\t\t\t<dd class='wp-caption-text gallery-caption' id='gallery-1-333'>\n\t\t\t\tSalle d&rsquo;eau Esperluette\n\t\t\t\t<\/dd><\/dl><dl class='gallery-item'>\n\t\t\t<dt class='gallery-icon landscape'>\n\t\t\t\t<a href='https:\/\/laparenthese-banon.com\/GITE\/wp-content\/uploads\/2017\/04\/Page_Chambres_T3.jpg' title=\"\" data-rl_title=\"\" class=\"rl-gallery-link\" data-rl_caption=\"\" data-rel=\"lightbox-gallery-1\"><img width=\"150\" height=\"150\" src=\"https:\/\/laparenthese-banon.com\/GITE\/wp-content\/uploads\/2017\/04\/Page_Chambres_T3-150x150.jpg\" class=\"attachment-thumbnail size-thumbnail\" alt=\"\" loading=\"lazy\" aria-describedby=\"gallery-1-334\" \/><\/a>\n\t\t\t<\/dt>\n\t\t\t\t<dd class='wp-caption-text gallery-caption' id='gallery-1-334'>\n\t\t\t\tPenderie\n\t\t\t\t<\/dd><\/dl><dl class='gallery-item'>\n\t\t\t<dt class='gallery-icon landscape'>\n\t\t\t\t<a href='https:\/\/laparenthese-banon.com\/GITE\/wp-content\/uploads\/2017\/04\/Page_Chambres_T4.jpg' title=\"\" data-rl_title=\"\" class=\"rl-gallery-link\" data-rl_caption=\"\" data-rel=\"lightbox-gallery-1\"><img width=\"150\" height=\"150\" src=\"https:\/\/laparenthese-banon.com\/GITE\/wp-content\/uploads\/2017\/04\/Page_Chambres_T4-150x150.jpg\" class=\"attachment-thumbnail size-thumbnail\" alt=\"\" loading=\"lazy\" aria-describedby=\"gallery-1-335\" \/><\/a>\n\t\t\t<\/dt>\n\t\t\t\t<dd class='wp-caption-text gallery-caption' id='gallery-1-335'>\n\t\t\t\tLit double ou simples\n\t\t\t\t<\/dd><\/dl><br style=\"clear: both\" \/><dl class='gallery-item'>\n\t\t\t<dt class='gallery-icon landscape'>\n\t\t\t\t<a href='https:\/\/laparenthese-banon.com\/GITE\/wp-content\/uploads\/2017\/04\/Page_Chambres_T5.jpg' title=\"\" data-rl_title=\"\" class=\"rl-gallery-link\" data-rl_caption=\"\" data-rel=\"lightbox-gallery-1\"><img width=\"150\" height=\"150\" src=\"https:\/\/laparenthese-banon.com\/GITE\/wp-content\/uploads\/2017\/04\/Page_Chambres_T5-150x150.jpg\" class=\"attachment-thumbnail size-thumbnail\" alt=\"\" loading=\"lazy\" aria-describedby=\"gallery-1-336\" \/><\/a>\n\t\t\t<\/dt>\n\t\t\t\t<dd class='wp-caption-text gallery-caption' id='gallery-1-336'>\n\t\t\t\tBureau\n\t\t\t\t<\/dd><\/dl><dl class='gallery-item'>\n\t\t\t<dt class='gallery-icon landscape'>\n\t\t\t\t<a href='https:\/\/laparenthese-banon.com\/GITE\/wp-content\/uploads\/2017\/04\/Page_Chambres_T7.jpg' title=\"\" data-rl_title=\"\" class=\"rl-gallery-link\" data-rl_caption=\"\" data-rel=\"lightbox-gallery-1\"><img width=\"150\" height=\"150\" src=\"https:\/\/laparenthese-banon.com\/GITE\/wp-content\/uploads\/2017\/04\/Page_Chambres_T7-150x150.jpg\" class=\"attachment-thumbnail size-thumbnail\" alt=\"\" loading=\"lazy\" aria-describedby=\"gallery-1-338\" \/><\/a>\n\t\t\t<\/dt>\n\t\t\t\t<dd class='wp-caption-text gallery-caption' id='gallery-1-338'>\n\t\t\t\tSalle de bain\n\t\t\t\t<\/dd><\/dl><dl class='gallery-item'>\n\t\t\t<dt class='gallery-icon landscape'>\n\t\t\t\t<a href='https:\/\/laparenthese-banon.com\/GITE\/wp-content\/uploads\/2017\/04\/Page_Chambres_T1-1.jpg' title=\"\" data-rl_title=\"\" class=\"rl-gallery-link\" data-rl_caption=\"\" data-rel=\"lightbox-gallery-1\"><img width=\"150\" height=\"150\" src=\"https:\/\/laparenthese-banon.com\/GITE\/wp-content\/uploads\/2017\/04\/Page_Chambres_T1-1-150x150.jpg\" class=\"attachment-thumbnail size-thumbnail\" alt=\"\" loading=\"lazy\" aria-describedby=\"gallery-1-339\" \/><\/a>\n\t\t\t<\/dt>\n\t\t\t\t<dd class='wp-caption-text gallery-caption' id='gallery-1-339'>\n\t\t\t\tVue d&rsquo;ensemble Esperluette\n\t\t\t\t<\/dd><\/dl>\n\t\t\t<br style='clear: both' \/>\n\t\t<\/div>\n\n<hr \/>\n","protected":false},"excerpt":{"rendered":"<p>La chambre \u00ab Esperluette \u00bb vous accueille \u00e0 l\u2019\u00e9tage c\u00f4t\u00e9 village, dans une charmante chambre pour 1 ou 2 personnes. Cette chambre \u00e0 la particularit\u00e9 d&rsquo;offrir un tarif r\u00e9duit \u00ab personne seule \u00bb. La chambre\u00a0double ou\u00a0twin \u00ab Esperluette\u00a0\u00bb est la&#8230; <\/p>\n","protected":false},"author":1,"featured_media":171,"parent":129,"menu_order":2,"comment_status":"closed","ping_status":"closed","template":"","meta":[],"yoast_head":"<!-- This site is optimized with the Yoast SEO plugin v19.8 - https:\/\/yoast.com\/wordpress\/plugins\/seo\/ -->\n<title>Chambre ESPERLUETTE<\/title>\n<meta name=\"description\" content=\"La chambre \u00ab Esperluette \u00bb vous accueille \u00e0 l\u2019\u00e9tage c\u00f4t\u00e9 village, dans une charmante chambre pour 1 ou 2 personnes. Cette chambre \u00e0 la particularit\u00e9\" \/>\n<meta name=\"robots\" content=\"index, follow, max-snippet:-1, max-image-preview:large, max-video-preview:-1\" \/>\n<link rel=\"canonical\" href=\"https:\/\/laparenthese-banon.com\/GITE\/les-chambres\/chambre-esperluette\/\" \/>\n<meta property=\"og:locale\" content=\"fr_FR\" \/>\n<meta property=\"og:type\" content=\"article\" \/>\n<meta property=\"og:title\" content=\"Chambre ESPERLUETTE\" \/>\n<meta property=\"og:description\" content=\"La chambre \u00ab Esperluette \u00bb vous accueille \u00e0 l\u2019\u00e9tage c\u00f4t\u00e9 village, dans une charmante chambre pour 1 ou 2 personnes. Cette chambre \u00e0 la particularit\u00e9\" \/>\n<meta property=\"og:url\" content=\"https:\/\/laparenthese-banon.com\/GITE\/les-chambres\/chambre-esperluette\/\" \/>\n<meta property=\"og:site_name\" content=\"La Parenth\u00e8se Banon\" \/>\n<meta property=\"article:modified_time\" content=\"2019-11-07T15:45:18+00:00\" \/>\n<meta property=\"og:image\" content=\"https:\/\/laparenthese-banon.com\/GITE\/wp-content\/uploads\/2017\/04\/Page_Chambres_T1.jpg\" \/>\n\t<meta property=\"og:image:width\" content=\"1400\" \/>\n\t<meta property=\"og:image:height\" content=\"334\" \/>\n\t<meta property=\"og:image:type\" content=\"image\/jpeg\" \/>\n<meta name=\"twitter:card\" content=\"summary_large_image\" \/>\n<meta name=\"twitter:label1\" content=\"Dur\u00e9e de lecture estim\u00e9e\" \/>\n\t<meta name=\"twitter:data1\" content=\"1 minute\" \/>\n<script type=\"application\/ld+json\" class=\"yoast-schema-graph\">{\"@context\":\"https:\/\/schema.org\",\"@graph\":[{\"@type\":\"WebPage\",\"@id\":\"https:\/\/laparenthese-banon.com\/GITE\/les-chambres\/chambre-esperluette\/\",\"url\":\"https:\/\/laparenthese-banon.com\/GITE\/les-chambres\/chambre-esperluette\/\",\"name\":\"Chambre ESPERLUETTE\",\"isPartOf\":{\"@id\":\"https:\/\/laparenthese-banon.com\/GITE\/#website\"},\"datePublished\":\"2017-04-10T17:26:03+00:00\",\"dateModified\":\"2019-11-07T15:45:18+00:00\",\"description\":\"La chambre \u00ab Esperluette \u00bb vous accueille \u00e0 l\u2019\u00e9tage c\u00f4t\u00e9 village, dans une charmante chambre pour 1 ou 2 personnes. Cette chambre \u00e0 la particularit\u00e9\",\"breadcrumb\":{\"@id\":\"https:\/\/laparenthese-banon.com\/GITE\/les-chambres\/chambre-esperluette\/#breadcrumb\"},\"inLanguage\":\"fr-FR\",\"potentialAction\":[{\"@type\":\"ReadAction\",\"target\":[\"https:\/\/laparenthese-banon.com\/GITE\/les-chambres\/chambre-esperluette\/\"]}]},{\"@type\":\"BreadcrumbList\",\"@id\":\"https:\/\/laparenthese-banon.com\/GITE\/les-chambres\/chambre-esperluette\/#breadcrumb\",\"itemListElement\":[{\"@type\":\"ListItem\",\"position\":1,\"name\":\"Accueil\",\"item\":\"https:\/\/laparenthese-banon.com\/GITE\/\"},{\"@type\":\"ListItem\",\"position\":2,\"name\":\"Les chambres\",\"item\":\"https:\/\/laparenthese-banon.com\/GITE\/les-chambres\/\"},{\"@type\":\"ListItem\",\"position\":3,\"name\":\"Chambre ESPERLUETTE\"}]},{\"@type\":\"WebSite\",\"@id\":\"https:\/\/laparenthese-banon.com\/GITE\/#website\",\"url\":\"https:\/\/laparenthese-banon.com\/GITE\/\",\"name\":\"La Parenth\u00e8se Banon\",\"description\":\"Maison d&#039;H\u00f4tes et de Randonneurs en Haute-Provence\",\"potentialAction\":[{\"@type\":\"SearchAction\",\"target\":{\"@type\":\"EntryPoint\",\"urlTemplate\":\"https:\/\/laparenthese-banon.com\/GITE\/?s={search_term_string}\"},\"query-input\":\"required name=search_term_string\"}],\"inLanguage\":\"fr-FR\"}]}<\/script>\n<!-- \/ Yoast SEO plugin. -->","yoast_head_json":{"title":"Chambre ESPERLUETTE","description":"La chambre \u00ab Esperluette \u00bb vous accueille \u00e0 l\u2019\u00e9tage c\u00f4t\u00e9 village, dans une charmante chambre pour 1 ou 2 personnes. Cette chambre \u00e0 la particularit\u00e9","robots":{"index":"index","follow":"follow","max-snippet":"max-snippet:-1","max-image-preview":"max-image-preview:large","max-video-preview":"max-video-preview:-1"},"canonical":"https:\/\/laparenthese-banon.com\/GITE\/les-chambres\/chambre-esperluette\/","og_locale":"fr_FR","og_type":"article","og_title":"Chambre ESPERLUETTE","og_description":"La chambre \u00ab Esperluette \u00bb vous accueille \u00e0 l\u2019\u00e9tage c\u00f4t\u00e9 village, dans une charmante chambre pour 1 ou 2 personnes. Cette chambre \u00e0 la particularit\u00e9","og_url":"https:\/\/laparenthese-banon.com\/GITE\/les-chambres\/chambre-esperluette\/","og_site_name":"La Parenth\u00e8se Banon","article_modified_time":"2019-11-07T15:45:18+00:00","og_image":[{"width":1400,"height":334,"url":"https:\/\/laparenthese-banon.com\/GITE\/wp-content\/uploads\/2017\/04\/Page_Chambres_T1.jpg","type":"image\/jpeg"}],"twitter_card":"summary_large_image","twitter_misc":{"Dur\u00e9e de lecture estim\u00e9e":"1 minute"},"schema":{"@context":"https:\/\/schema.org","@graph":[{"@type":"WebPage","@id":"https:\/\/laparenthese-banon.com\/GITE\/les-chambres\/chambre-esperluette\/","url":"https:\/\/laparenthese-banon.com\/GITE\/les-chambres\/chambre-esperluette\/","name":"Chambre ESPERLUETTE","isPartOf":{"@id":"https:\/\/laparenthese-banon.com\/GITE\/#website"},"datePublished":"2017-04-10T17:26:03+00:00","dateModified":"2019-11-07T15:45:18+00:00","description":"La chambre \u00ab Esperluette \u00bb vous accueille \u00e0 l\u2019\u00e9tage c\u00f4t\u00e9 village, dans une charmante chambre pour 1 ou 2 personnes. Cette chambre \u00e0 la particularit\u00e9","breadcrumb":{"@id":"https:\/\/laparenthese-banon.com\/GITE\/les-chambres\/chambre-esperluette\/#breadcrumb"},"inLanguage":"fr-FR","potentialAction":[{"@type":"ReadAction","target":["https:\/\/laparenthese-banon.com\/GITE\/les-chambres\/chambre-esperluette\/"]}]},{"@type":"BreadcrumbList","@id":"https:\/\/laparenthese-banon.com\/GITE\/les-chambres\/chambre-esperluette\/#breadcrumb","itemListElement":[{"@type":"ListItem","position":1,"name":"Accueil","item":"https:\/\/laparenthese-banon.com\/GITE\/"},{"@type":"ListItem","position":2,"name":"Les chambres","item":"https:\/\/laparenthese-banon.com\/GITE\/les-chambres\/"},{"@type":"ListItem","position":3,"name":"Chambre ESPERLUETTE"}]},{"@type":"WebSite","@id":"https:\/\/laparenthese-banon.com\/GITE\/#website","url":"https:\/\/laparenthese-banon.com\/GITE\/","name":"La Parenth\u00e8se Banon","description":"Maison d&#039;H\u00f4tes et de Randonneurs en Haute-Provence","potentialAction":[{"@type":"SearchAction","target":{"@type":"EntryPoint","urlTemplate":"https:\/\/laparenthese-banon.com\/GITE\/?s={search_term_string}"},"query-input":"required name=search_term_string"}],"inLanguage":"fr-FR"}]}},"_links":{"self":[{"href":"https:\/\/laparenthese-banon.com\/GITE\/wp-json\/wp\/v2\/pages\/169"}],"collection":[{"href":"https:\/\/laparenthese-banon.com\/GITE\/wp-json\/wp\/v2\/pages"}],"about":[{"href":"https:\/\/laparenthese-banon.com\/GITE\/wp-json\/wp\/v2\/types\/page"}],"author":[{"embeddable":true,"href":"https:\/\/laparenthese-banon.com\/GITE\/wp-json\/wp\/v2\/users\/1"}],"replies":[{"embeddable":true,"href":"https:\/\/laparenthese-banon.com\/GITE\/wp-json\/wp\/v2\/comments?post=169"}],"version-history":[{"count":5,"href":"https:\/\/laparenthese-banon.com\/GITE\/wp-json\/wp\/v2\/pages\/169\/revisions"}],"predecessor-version":[{"id":1196,"href":"https:\/\/laparenthese-banon.com\/GITE\/wp-json\/wp\/v2\/pages\/169\/revisions\/1196"}],"up":[{"embeddable":true,"href":"https:\/\/laparenthese-banon.com\/GITE\/wp-json\/wp\/v2\/pages\/129"}],"wp:featuredmedia":[{"embeddable":true,"href":"https:\/\/laparenthese-banon.com\/GITE\/wp-json\/wp\/v2\/media\/171"}],"wp:attachment":[{"href":"https:\/\/laparenthese-banon.com\/GITE\/wp-json\/wp\/v2\/media?parent=169"}],"curies":[{"name":"wp","href":"https:\/\/api.w.org\/{rel}","templated":true}]}}