{"id":219,"date":"2017-04-18T18:28:15","date_gmt":"2017-04-18T16:28:15","guid":{"rendered":"http:\/\/laparenthese-banon.com\/GITE\/?page_id=219"},"modified":"2019-08-19T18:53:40","modified_gmt":"2019-08-19T16:53:40","slug":"galerie-photos","status":"publish","type":"page","link":"https:\/\/laparenthese-banon.com\/GITE\/galerie-photos\/","title":{"rendered":"Galerie photos"},"content":{"rendered":"\n<blockquote class=\"wp-block-quote\"><p>Quelques instantan\u00e9s de la maison et des paysages autour de La Parenth\u00e8se Banon.<\/p><\/blockquote>\n\n\n\n<h2>A Banon&nbsp;&#8230;<\/h2>\n\n\n\n<div class=\"fotorama\" data-nav=\"thumbs\"><a href=\"https:\/\/laparenthese-banon.com\/GITE\/wp-content\/uploads\/2019\/03\/Galerie_EXT_K.jpg\" data-rel=\"lightbox-image-0\" data-rl_title=\"Galerie_EXT_K\" data-rl_caption=\"\" title=\"Galerie_EXT_K\"><img src=\"h\" alt=\"\" \/><\/a><a href=\"https:\/\/laparenthese-banon.com\/GITE\/wp-content\/uploads\/2018\/05\/Galerie_EXT_F.jpg\" data-rel=\"lightbox-image-1\" data-rl_title=\"Galerie_EXT_F\" data-rl_caption=\"\" title=\"Galerie_EXT_F\"><img src=\"h\" alt=\"\" \/><\/a><a href=\"https:\/\/laparenthese-banon.com\/GITE\/wp-content\/uploads\/2018\/05\/Galerie_EXT_J.jpg\" data-rel=\"lightbox-image-2\" data-rl_title=\"dav\" data-rl_caption=\"\" title=\"dav\"><img src=\"h\" alt=\"\" \/><\/a><a href=\"https:\/\/laparenthese-banon.com\/GITE\/wp-content\/uploads\/2017\/05\/Galerie_EXT_I.jpg\" data-rel=\"lightbox-image-3\" data-rl_title=\"Galerie_EXT_I\" data-rl_caption=\"\" title=\"Galerie_EXT_I\"><img src=\"h\" alt=\"\" \/><\/a><a href=\"https:\/\/laparenthese-banon.com\/GITE\/wp-content\/uploads\/2017\/05\/Galerie_EXT_H.jpg\" data-rel=\"lightbox-image-4\" data-rl_title=\"Galerie_EXT_H\" data-rl_caption=\"\" title=\"Galerie_EXT_H\"><img src=\"h\" alt=\"\" \/><\/a><a href=\"https:\/\/laparenthese-banon.com\/GITE\/wp-content\/uploads\/2017\/04\/Page_Cuisine_F.jpg\" data-rel=\"lightbox-image-5\" data-rl_title=\"Page_Cuisine_F\" data-rl_caption=\"\" title=\"Page_Cuisine_F\"><img src=\"h\" alt=\"\" \/><\/a><a href=\"https:\/\/laparenthese-banon.com\/GITE\/wp-content\/uploads\/2017\/04\/Galerie_EXT_G.jpg\" data-rel=\"lightbox-image-6\" data-rl_title=\"Galerie_EXT_G\" data-rl_caption=\"\" title=\"Galerie_EXT_G\"><img src=\"h\" alt=\"\" \/><\/a><a href=\"https:\/\/laparenthese-banon.com\/GITE\/wp-content\/uploads\/2017\/04\/Galerie_EXT_E.jpg\" data-rel=\"lightbox-image-7\" data-rl_title=\"Galerie_EXT_E\" data-rl_caption=\"\" title=\"Galerie_EXT_E\"><img src=\"h\" alt=\"\" \/><\/a><a href=\"https:\/\/laparenthese-banon.com\/GITE\/wp-content\/uploads\/2017\/04\/Galerie_EXT_D.jpg\" data-rel=\"lightbox-image-8\" data-rl_title=\"Galerie_EXT_D\" data-rl_caption=\"\" title=\"Galerie_EXT_D\"><img src=\"h\" alt=\"\" \/><\/a><a href=\"https:\/\/laparenthese-banon.com\/GITE\/wp-content\/uploads\/2017\/04\/Galerie_EXT_C.jpg\" data-rel=\"lightbox-image-9\" data-rl_title=\"Galerie_EXT_C\" data-rl_caption=\"\" title=\"Galerie_EXT_C\"><img src=\"h\" alt=\"\" \/><\/a><a href=\"https:\/\/laparenthese-banon.com\/GITE\/wp-content\/uploads\/2017\/04\/Galerie_EXT_B.jpg\" data-rel=\"lightbox-image-10\" data-rl_title=\"Galerie_EXT_B\" data-rl_caption=\"\" title=\"Galerie_EXT_B\"><img src=\"h\" alt=\"\" \/><\/a><a href=\"https:\/\/laparenthese-banon.com\/GITE\/wp-content\/uploads\/2017\/04\/Galerie_EXT_A.jpg\" data-rel=\"lightbox-image-11\" data-rl_title=\"Galerie_EXT_A\" data-rl_caption=\"\" title=\"Galerie_EXT_A\"><img src=\"h\" alt=\"\" \/><\/a><\/div>\n\n\n\n<hr class=\"wp-block-separator\"\/>\n\n\n\n<h1>Photo(s) du jour<\/h1>\n\n\n\n<figure class=\"wp-block-image\"><img loading=\"lazy\" width=\"1024\" height=\"683\" src=\"https:\/\/laparenthese-banon.com\/GITE\/wp-content\/uploads\/2019\/03\/IMG_1490_mod-1024x683.jpg\" alt=\"\" class=\"wp-image-1063\" srcset=\"https:\/\/laparenthese-banon.com\/GITE\/wp-content\/uploads\/2019\/03\/IMG_1490_mod-1024x683.jpg 1024w, https:\/\/laparenthese-banon.com\/GITE\/wp-content\/uploads\/2019\/03\/IMG_1490_mod-300x200.jpg 300w, https:\/\/laparenthese-banon.com\/GITE\/wp-content\/uploads\/2019\/03\/IMG_1490_mod-768x512.jpg 768w\" sizes=\"(max-width: 1024px) 100vw, 1024px\" \/><figcaption>La pierre s\u00e8che de Banon r\u00e9serve toujours quelques surprises &#8230;<\/figcaption><\/figure>\n\n\n\n<h2>Archives photos<\/h2>\n\n\n\n<ul class=\"wp-container-2 wp-block-gallery-1 wp-block-gallery columns-3 is-cropped\"><li class=\"blocks-gallery-item\"><figure><a href=\"https:\/\/laparenthese-banon.com\/GITE\/wp-content\/uploads\/2018\/05\/P1040266_mod.jpg\" data-rel=\"lightbox-image-12\" data-rl_title=\"P1040266_mod\" data-rl_caption=\"\" title=\"P1040266_mod\"><img loading=\"lazy\" width=\"2880\" height=\"1920\" src=\"https:\/\/laparenthese-banon.com\/GITE\/wp-content\/uploads\/2018\/05\/P1040266_mod.jpg\" alt=\"\" data-id=\"910\" class=\"wp-image-910\" srcset=\"https:\/\/laparenthese-banon.com\/GITE\/wp-content\/uploads\/2018\/05\/P1040266_mod.jpg 2880w, https:\/\/laparenthese-banon.com\/GITE\/wp-content\/uploads\/2018\/05\/P1040266_mod-300x200.jpg 300w, https:\/\/laparenthese-banon.com\/GITE\/wp-content\/uploads\/2018\/05\/P1040266_mod-768x512.jpg 768w, https:\/\/laparenthese-banon.com\/GITE\/wp-content\/uploads\/2018\/05\/P1040266_mod-1024x683.jpg 1024w\" sizes=\"(max-width: 2880px) 100vw, 2880px\" \/><\/a><figcaption>Les cr\u00eates de Lure<\/figcaption><\/figure><\/li><li class=\"blocks-gallery-item\"><figure><a href=\"https:\/\/laparenthese-banon.com\/GITE\/wp-content\/uploads\/2018\/05\/IMG_20180328_145814_mod.jpg\" data-rel=\"lightbox-image-13\" data-rl_title=\"dav\" data-rl_caption=\"\" title=\"dav\"><img loading=\"lazy\" width=\"2880\" height=\"1920\" src=\"https:\/\/laparenthese-banon.com\/GITE\/wp-content\/uploads\/2018\/05\/IMG_20180328_145814_mod.jpg\" alt=\"\" data-id=\"911\" class=\"wp-image-911\" srcset=\"https:\/\/laparenthese-banon.com\/GITE\/wp-content\/uploads\/2018\/05\/IMG_20180328_145814_mod.jpg 2880w, https:\/\/laparenthese-banon.com\/GITE\/wp-content\/uploads\/2018\/05\/IMG_20180328_145814_mod-300x200.jpg 300w, https:\/\/laparenthese-banon.com\/GITE\/wp-content\/uploads\/2018\/05\/IMG_20180328_145814_mod-768x512.jpg 768w, https:\/\/laparenthese-banon.com\/GITE\/wp-content\/uploads\/2018\/05\/IMG_20180328_145814_mod-1024x683.jpg 1024w\" sizes=\"(max-width: 2880px) 100vw, 2880px\" \/><\/a><figcaption>Arbre sentinelle<\/figcaption><\/figure><\/li><li class=\"blocks-gallery-item\"><figure><a href=\"https:\/\/laparenthese-banon.com\/GITE\/wp-content\/uploads\/2018\/05\/IMG_20180315_175114_mod.jpg\" data-rel=\"lightbox-image-14\" data-rl_title=\"dav\" data-rl_caption=\"\" title=\"dav\"><img loading=\"lazy\" width=\"2880\" height=\"1920\" src=\"https:\/\/laparenthese-banon.com\/GITE\/wp-content\/uploads\/2018\/05\/IMG_20180315_175114_mod.jpg\" alt=\"\" data-id=\"913\" class=\"wp-image-913\" srcset=\"https:\/\/laparenthese-banon.com\/GITE\/wp-content\/uploads\/2018\/05\/IMG_20180315_175114_mod.jpg 2880w, https:\/\/laparenthese-banon.com\/GITE\/wp-content\/uploads\/2018\/05\/IMG_20180315_175114_mod-300x200.jpg 300w, https:\/\/laparenthese-banon.com\/GITE\/wp-content\/uploads\/2018\/05\/IMG_20180315_175114_mod-768x512.jpg 768w, https:\/\/laparenthese-banon.com\/GITE\/wp-content\/uploads\/2018\/05\/IMG_20180315_175114_mod-1024x683.jpg 1024w\" sizes=\"(max-width: 2880px) 100vw, 2880px\" \/><\/a><figcaption>Double arc-en-ciel<\/figcaption><\/figure><\/li><li class=\"blocks-gallery-item\"><figure><a href=\"https:\/\/laparenthese-banon.com\/GITE\/wp-content\/uploads\/2018\/08\/P1040482_mod.jpg\" data-rel=\"lightbox-image-15\" data-rl_title=\"P1040482_mod\" data-rl_caption=\"\" title=\"P1040482_mod\"><img loading=\"lazy\" width=\"2880\" height=\"1920\" src=\"https:\/\/laparenthese-banon.com\/GITE\/wp-content\/uploads\/2018\/08\/P1040482_mod.jpg\" alt=\"\" data-id=\"950\" class=\"wp-image-950\" srcset=\"https:\/\/laparenthese-banon.com\/GITE\/wp-content\/uploads\/2018\/08\/P1040482_mod.jpg 2880w, https:\/\/laparenthese-banon.com\/GITE\/wp-content\/uploads\/2018\/08\/P1040482_mod-300x200.jpg 300w, https:\/\/laparenthese-banon.com\/GITE\/wp-content\/uploads\/2018\/08\/P1040482_mod-768x512.jpg 768w, https:\/\/laparenthese-banon.com\/GITE\/wp-content\/uploads\/2018\/08\/P1040482_mod-1024x683.jpg 1024w\" sizes=\"(max-width: 2880px) 100vw, 2880px\" \/><\/a><\/figure><\/li><li class=\"blocks-gallery-item\"><figure><a href=\"https:\/\/laparenthese-banon.com\/GITE\/wp-content\/uploads\/2018\/10\/P1040712_mod.jpg\" data-rel=\"lightbox-image-16\" data-rl_title=\"P1040712_mod\" data-rl_caption=\"\" title=\"P1040712_mod\"><img loading=\"lazy\" width=\"2880\" height=\"1920\" src=\"https:\/\/laparenthese-banon.com\/GITE\/wp-content\/uploads\/2018\/10\/P1040712_mod.jpg\" alt=\"\" data-id=\"956\" class=\"wp-image-956\" srcset=\"https:\/\/laparenthese-banon.com\/GITE\/wp-content\/uploads\/2018\/10\/P1040712_mod.jpg 2880w, https:\/\/laparenthese-banon.com\/GITE\/wp-content\/uploads\/2018\/10\/P1040712_mod-300x200.jpg 300w, https:\/\/laparenthese-banon.com\/GITE\/wp-content\/uploads\/2018\/10\/P1040712_mod-768x512.jpg 768w, https:\/\/laparenthese-banon.com\/GITE\/wp-content\/uploads\/2018\/10\/P1040712_mod-1024x683.jpg 1024w\" sizes=\"(max-width: 2880px) 100vw, 2880px\" \/><\/a><figcaption>Automne au Contadour<\/figcaption><\/figure><\/li><li class=\"blocks-gallery-item\"><figure><a href=\"https:\/\/laparenthese-banon.com\/GITE\/wp-content\/uploads\/2018\/10\/P1040664_mod.jpg\" data-rel=\"lightbox-image-17\" data-rl_title=\"P1040664_mod\" data-rl_caption=\"\" title=\"P1040664_mod\"><img loading=\"lazy\" width=\"2880\" height=\"1920\" src=\"https:\/\/laparenthese-banon.com\/GITE\/wp-content\/uploads\/2018\/10\/P1040664_mod.jpg\" alt=\"\" data-id=\"958\" class=\"wp-image-958\" srcset=\"https:\/\/laparenthese-banon.com\/GITE\/wp-content\/uploads\/2018\/10\/P1040664_mod.jpg 2880w, https:\/\/laparenthese-banon.com\/GITE\/wp-content\/uploads\/2018\/10\/P1040664_mod-300x200.jpg 300w, https:\/\/laparenthese-banon.com\/GITE\/wp-content\/uploads\/2018\/10\/P1040664_mod-768x512.jpg 768w, https:\/\/laparenthese-banon.com\/GITE\/wp-content\/uploads\/2018\/10\/P1040664_mod-1024x683.jpg 1024w\" sizes=\"(max-width: 2880px) 100vw, 2880px\" \/><\/a><figcaption>Belv\u00e9d\u00e8re du Pape<\/figcaption><\/figure><\/li><li class=\"blocks-gallery-item\"><figure><a href=\"https:\/\/laparenthese-banon.com\/GITE\/wp-content\/uploads\/2018\/10\/P1040677_mod.jpg\" data-rel=\"lightbox-image-18\" data-rl_title=\"P1040677_mod\" data-rl_caption=\"\" title=\"P1040677_mod\"><img loading=\"lazy\" width=\"2880\" height=\"1920\" src=\"https:\/\/laparenthese-banon.com\/GITE\/wp-content\/uploads\/2018\/10\/P1040677_mod.jpg\" alt=\"\" data-id=\"960\" class=\"wp-image-960\" srcset=\"https:\/\/laparenthese-banon.com\/GITE\/wp-content\/uploads\/2018\/10\/P1040677_mod.jpg 2880w, https:\/\/laparenthese-banon.com\/GITE\/wp-content\/uploads\/2018\/10\/P1040677_mod-300x200.jpg 300w, https:\/\/laparenthese-banon.com\/GITE\/wp-content\/uploads\/2018\/10\/P1040677_mod-768x512.jpg 768w, https:\/\/laparenthese-banon.com\/GITE\/wp-content\/uploads\/2018\/10\/P1040677_mod-1024x683.jpg 1024w\" sizes=\"(max-width: 2880px) 100vw, 2880px\" \/><\/a><figcaption>Echappement de pierre<\/figcaption><\/figure><\/li><li class=\"blocks-gallery-item\"><figure><a href=\"https:\/\/laparenthese-banon.com\/GITE\/wp-content\/uploads\/2018\/10\/P1040637_mod.jpg\" data-rel=\"lightbox-image-19\" data-rl_title=\"P1040637_mod\" data-rl_caption=\"\" title=\"P1040637_mod\"><img loading=\"lazy\" width=\"2880\" height=\"1920\" src=\"https:\/\/laparenthese-banon.com\/GITE\/wp-content\/uploads\/2018\/10\/P1040637_mod.jpg\" alt=\"\" data-id=\"962\" class=\"wp-image-962\" srcset=\"https:\/\/laparenthese-banon.com\/GITE\/wp-content\/uploads\/2018\/10\/P1040637_mod.jpg 2880w, https:\/\/laparenthese-banon.com\/GITE\/wp-content\/uploads\/2018\/10\/P1040637_mod-300x200.jpg 300w, https:\/\/laparenthese-banon.com\/GITE\/wp-content\/uploads\/2018\/10\/P1040637_mod-768x512.jpg 768w, https:\/\/laparenthese-banon.com\/GITE\/wp-content\/uploads\/2018\/10\/P1040637_mod-1024x683.jpg 1024w\" sizes=\"(max-width: 2880px) 100vw, 2880px\" \/><\/a><figcaption>Bergeries des Fraches<\/figcaption><\/figure><\/li><li class=\"blocks-gallery-item\"><figure><a href=\"https:\/\/laparenthese-banon.com\/GITE\/wp-content\/uploads\/2018\/10\/P1040622_mod.jpg\" data-rel=\"lightbox-image-20\" data-rl_title=\"P1040622_mod\" data-rl_caption=\"\" title=\"P1040622_mod\"><img loading=\"lazy\" width=\"2880\" height=\"1920\" src=\"https:\/\/laparenthese-banon.com\/GITE\/wp-content\/uploads\/2018\/10\/P1040622_mod.jpg\" alt=\"\" data-id=\"963\" class=\"wp-image-963\" srcset=\"https:\/\/laparenthese-banon.com\/GITE\/wp-content\/uploads\/2018\/10\/P1040622_mod.jpg 2880w, https:\/\/laparenthese-banon.com\/GITE\/wp-content\/uploads\/2018\/10\/P1040622_mod-300x200.jpg 300w, https:\/\/laparenthese-banon.com\/GITE\/wp-content\/uploads\/2018\/10\/P1040622_mod-768x512.jpg 768w, https:\/\/laparenthese-banon.com\/GITE\/wp-content\/uploads\/2018\/10\/P1040622_mod-1024x683.jpg 1024w\" sizes=\"(max-width: 2880px) 100vw, 2880px\" \/><\/a><figcaption>Automne pour les outils des hommes<\/figcaption><\/figure><\/li><li class=\"blocks-gallery-item\"><figure><a href=\"https:\/\/laparenthese-banon.com\/GITE\/wp-content\/uploads\/2019\/08\/P1030629-1024x683.jpg\" data-rel=\"lightbox-image-21\" data-rl_title=\"P1030629\" data-rl_caption=\"\" title=\"P1030629\"><img loading=\"lazy\" width=\"1024\" height=\"683\" src=\"https:\/\/laparenthese-banon.com\/GITE\/wp-content\/uploads\/2019\/08\/P1030629-1024x683.jpg\" alt=\"\" data-id=\"1164\" data-link=\"https:\/\/laparenthese-banon.com\/GITE\/galerie-photos\/p1030629\/#main\" class=\"wp-image-1164\" srcset=\"https:\/\/laparenthese-banon.com\/GITE\/wp-content\/uploads\/2019\/08\/P1030629-1024x683.jpg 1024w, https:\/\/laparenthese-banon.com\/GITE\/wp-content\/uploads\/2019\/08\/P1030629-300x200.jpg 300w, https:\/\/laparenthese-banon.com\/GITE\/wp-content\/uploads\/2019\/08\/P1030629-768x512.jpg 768w\" sizes=\"(max-width: 1024px) 100vw, 1024px\" \/><\/a><figcaption>Les cr\u00eates de Lure au cr\u00e9puscule ?<\/figcaption><\/figure><\/li><\/ul>\n\n\n\n<div style=\"height:48px\" aria-hidden=\"true\" class=\"wp-block-spacer\"><\/div>\n\n\n\n<h2>Photos des client(e)s<\/h2>\n\n\n\n<p>Quelques photos gentiment envoy\u00e9es par nos client(e)s &#8230;<\/p>\n\n\n\n<ul class=\"wp-container-4 wp-block-gallery-3 wp-block-gallery columns-2 is-cropped\"><li class=\"blocks-gallery-item\"><figure><a href=\"https:\/\/laparenthese-banon.com\/GITE\/wp-content\/uploads\/2019\/08\/Johanna_Provence5-1024x683.jpg\" data-rel=\"lightbox-image-22\" data-rl_title=\"Johanna_Provence5\" data-rl_caption=\"\" title=\"Johanna_Provence5\"><img loading=\"lazy\" width=\"1024\" height=\"683\" src=\"https:\/\/laparenthese-banon.com\/GITE\/wp-content\/uploads\/2019\/08\/Johanna_Provence5-1024x683.jpg\" alt=\"\" data-id=\"1159\" data-link=\"https:\/\/laparenthese-banon.com\/GITE\/galerie-photos\/johanna_provence5\/#main\" class=\"wp-image-1159\" srcset=\"https:\/\/laparenthese-banon.com\/GITE\/wp-content\/uploads\/2019\/08\/Johanna_Provence5-1024x683.jpg 1024w, https:\/\/laparenthese-banon.com\/GITE\/wp-content\/uploads\/2019\/08\/Johanna_Provence5-300x200.jpg 300w, https:\/\/laparenthese-banon.com\/GITE\/wp-content\/uploads\/2019\/08\/Johanna_Provence5-768x512.jpg 768w, https:\/\/laparenthese-banon.com\/GITE\/wp-content\/uploads\/2019\/08\/Johanna_Provence5.jpg 1600w\" sizes=\"(max-width: 1024px) 100vw, 1024px\" \/><\/a><figcaption>Banon et La Parenth\u00e8se au temps des lavandes.<\/figcaption><\/figure><\/li><li class=\"blocks-gallery-item\"><figure><a href=\"https:\/\/laparenthese-banon.com\/GITE\/wp-content\/uploads\/2019\/08\/Johanna_Provence1-1024x563.jpg\" data-rel=\"lightbox-image-23\" data-rl_title=\"Johanna_Provence1\" data-rl_caption=\"\" title=\"Johanna_Provence1\"><img loading=\"lazy\" width=\"1024\" height=\"563\" src=\"https:\/\/laparenthese-banon.com\/GITE\/wp-content\/uploads\/2019\/08\/Johanna_Provence1-1024x563.jpg\" alt=\"\" data-id=\"1160\" data-link=\"https:\/\/laparenthese-banon.com\/GITE\/galerie-photos\/johanna_provence1\/#main\" class=\"wp-image-1160\" srcset=\"https:\/\/laparenthese-banon.com\/GITE\/wp-content\/uploads\/2019\/08\/Johanna_Provence1-1024x563.jpg 1024w, https:\/\/laparenthese-banon.com\/GITE\/wp-content\/uploads\/2019\/08\/Johanna_Provence1-300x165.jpg 300w, https:\/\/laparenthese-banon.com\/GITE\/wp-content\/uploads\/2019\/08\/Johanna_Provence1-768x422.jpg 768w, https:\/\/laparenthese-banon.com\/GITE\/wp-content\/uploads\/2019\/08\/Johanna_Provence1.jpg 1600w\" sizes=\"(max-width: 1024px) 100vw, 1024px\" \/><\/a><figcaption>Lavandes et Ventoux : les hauts plateaux de Provence.<\/figcaption><\/figure><\/li><\/ul>\n","protected":false},"excerpt":{"rendered":"<p>Quelques instantan\u00e9s de la maison et des paysages autour de La Parenth\u00e8se Banon. A Banon&nbsp;&#8230; Photo(s) du jour Archives photos Photos des client(e)s Quelques photos gentiment envoy\u00e9es par nos client(e)s &#8230;<\/p>\n","protected":false},"author":1,"featured_media":220,"parent":0,"menu_order":0,"comment_status":"open","ping_status":"closed","template":"template-no-sidebar.php","meta":[],"yoast_head":"<!-- This site is optimized with the Yoast SEO plugin v19.8 - https:\/\/yoast.com\/wordpress\/plugins\/seo\/ -->\n<title>Galerie photos<\/title>\n<meta name=\"description\" content=\"Quelques instantan\u00e9s de la maison et des paysages autour de La Parenth\u00e8se Banon. A Banon&nbsp;... Photo(s) du jour La pierre s\u00e8che de Banon r\u00e9serve\" \/>\n<meta name=\"robots\" content=\"index, follow, max-snippet:-1, max-image-preview:large, max-video-preview:-1\" \/>\n<link rel=\"canonical\" href=\"https:\/\/laparenthese-banon.com\/GITE\/galerie-photos\/\" \/>\n<meta property=\"og:locale\" content=\"fr_FR\" \/>\n<meta property=\"og:type\" content=\"article\" \/>\n<meta property=\"og:title\" content=\"Galerie photos\" \/>\n<meta property=\"og:description\" content=\"Quelques instantan\u00e9s de la maison et des paysages autour de La Parenth\u00e8se Banon. A Banon&nbsp;... Photo(s) du jour La pierre s\u00e8che de Banon r\u00e9serve\" \/>\n<meta property=\"og:url\" content=\"https:\/\/laparenthese-banon.com\/GITE\/galerie-photos\/\" \/>\n<meta property=\"og:site_name\" content=\"La Parenth\u00e8se Banon\" \/>\n<meta property=\"article:modified_time\" content=\"2019-08-19T16:53:40+00:00\" \/>\n<meta property=\"og:image\" content=\"https:\/\/laparenthese-banon.com\/GITE\/wp-content\/uploads\/2017\/04\/Galerie_EXT_Banner.jpg\" \/>\n\t<meta property=\"og:image:width\" content=\"1400\" \/>\n\t<meta property=\"og:image:height\" content=\"334\" \/>\n\t<meta property=\"og:image:type\" content=\"image\/jpeg\" \/>\n<meta name=\"twitter:card\" content=\"summary_large_image\" \/>\n<meta name=\"twitter:label1\" content=\"Dur\u00e9e de lecture estim\u00e9e\" \/>\n\t<meta name=\"twitter:data1\" content=\"1 minute\" \/>\n<script type=\"application\/ld+json\" class=\"yoast-schema-graph\">{\"@context\":\"https:\/\/schema.org\",\"@graph\":[{\"@type\":\"WebPage\",\"@id\":\"https:\/\/laparenthese-banon.com\/GITE\/galerie-photos\/\",\"url\":\"https:\/\/laparenthese-banon.com\/GITE\/galerie-photos\/\",\"name\":\"Galerie photos\",\"isPartOf\":{\"@id\":\"https:\/\/laparenthese-banon.com\/GITE\/#website\"},\"datePublished\":\"2017-04-18T16:28:15+00:00\",\"dateModified\":\"2019-08-19T16:53:40+00:00\",\"description\":\"Quelques instantan\u00e9s de la maison et des paysages autour de La Parenth\u00e8se Banon. A Banon&nbsp;... Photo(s) du jour La pierre s\u00e8che de Banon r\u00e9serve\",\"breadcrumb\":{\"@id\":\"https:\/\/laparenthese-banon.com\/GITE\/galerie-photos\/#breadcrumb\"},\"inLanguage\":\"fr-FR\",\"potentialAction\":[{\"@type\":\"ReadAction\",\"target\":[\"https:\/\/laparenthese-banon.com\/GITE\/galerie-photos\/\"]}]},{\"@type\":\"BreadcrumbList\",\"@id\":\"https:\/\/laparenthese-banon.com\/GITE\/galerie-photos\/#breadcrumb\",\"itemListElement\":[{\"@type\":\"ListItem\",\"position\":1,\"name\":\"Accueil\",\"item\":\"https:\/\/laparenthese-banon.com\/GITE\/\"},{\"@type\":\"ListItem\",\"position\":2,\"name\":\"Galerie photos\"}]},{\"@type\":\"WebSite\",\"@id\":\"https:\/\/laparenthese-banon.com\/GITE\/#website\",\"url\":\"https:\/\/laparenthese-banon.com\/GITE\/\",\"name\":\"La Parenth\u00e8se Banon\",\"description\":\"Maison d&#039;H\u00f4tes et de Randonneurs en Haute-Provence\",\"potentialAction\":[{\"@type\":\"SearchAction\",\"target\":{\"@type\":\"EntryPoint\",\"urlTemplate\":\"https:\/\/laparenthese-banon.com\/GITE\/?s={search_term_string}\"},\"query-input\":\"required name=search_term_string\"}],\"inLanguage\":\"fr-FR\"}]}<\/script>\n<!-- \/ Yoast SEO plugin. -->","yoast_head_json":{"title":"Galerie photos","description":"Quelques instantan\u00e9s de la maison et des paysages autour de La Parenth\u00e8se Banon. A Banon&nbsp;... Photo(s) du jour La pierre s\u00e8che de Banon r\u00e9serve","robots":{"index":"index","follow":"follow","max-snippet":"max-snippet:-1","max-image-preview":"max-image-preview:large","max-video-preview":"max-video-preview:-1"},"canonical":"https:\/\/laparenthese-banon.com\/GITE\/galerie-photos\/","og_locale":"fr_FR","og_type":"article","og_title":"Galerie photos","og_description":"Quelques instantan\u00e9s de la maison et des paysages autour de La Parenth\u00e8se Banon. A Banon&nbsp;... Photo(s) du jour La pierre s\u00e8che de Banon r\u00e9serve","og_url":"https:\/\/laparenthese-banon.com\/GITE\/galerie-photos\/","og_site_name":"La Parenth\u00e8se Banon","article_modified_time":"2019-08-19T16:53:40+00:00","og_image":[{"width":1400,"height":334,"url":"https:\/\/laparenthese-banon.com\/GITE\/wp-content\/uploads\/2017\/04\/Galerie_EXT_Banner.jpg","type":"image\/jpeg"}],"twitter_card":"summary_large_image","twitter_misc":{"Dur\u00e9e de lecture estim\u00e9e":"1 minute"},"schema":{"@context":"https:\/\/schema.org","@graph":[{"@type":"WebPage","@id":"https:\/\/laparenthese-banon.com\/GITE\/galerie-photos\/","url":"https:\/\/laparenthese-banon.com\/GITE\/galerie-photos\/","name":"Galerie photos","isPartOf":{"@id":"https:\/\/laparenthese-banon.com\/GITE\/#website"},"datePublished":"2017-04-18T16:28:15+00:00","dateModified":"2019-08-19T16:53:40+00:00","description":"Quelques instantan\u00e9s de la maison et des paysages autour de La Parenth\u00e8se Banon. A Banon&nbsp;... Photo(s) du jour La pierre s\u00e8che de Banon r\u00e9serve","breadcrumb":{"@id":"https:\/\/laparenthese-banon.com\/GITE\/galerie-photos\/#breadcrumb"},"inLanguage":"fr-FR","potentialAction":[{"@type":"ReadAction","target":["https:\/\/laparenthese-banon.com\/GITE\/galerie-photos\/"]}]},{"@type":"BreadcrumbList","@id":"https:\/\/laparenthese-banon.com\/GITE\/galerie-photos\/#breadcrumb","itemListElement":[{"@type":"ListItem","position":1,"name":"Accueil","item":"https:\/\/laparenthese-banon.com\/GITE\/"},{"@type":"ListItem","position":2,"name":"Galerie photos"}]},{"@type":"WebSite","@id":"https:\/\/laparenthese-banon.com\/GITE\/#website","url":"https:\/\/laparenthese-banon.com\/GITE\/","name":"La Parenth\u00e8se Banon","description":"Maison d&#039;H\u00f4tes et de Randonneurs en Haute-Provence","potentialAction":[{"@type":"SearchAction","target":{"@type":"EntryPoint","urlTemplate":"https:\/\/laparenthese-banon.com\/GITE\/?s={search_term_string}"},"query-input":"required name=search_term_string"}],"inLanguage":"fr-FR"}]}},"_links":{"self":[{"href":"https:\/\/laparenthese-banon.com\/GITE\/wp-json\/wp\/v2\/pages\/219"}],"collection":[{"href":"https:\/\/laparenthese-banon.com\/GITE\/wp-json\/wp\/v2\/pages"}],"about":[{"href":"https:\/\/laparenthese-banon.com\/GITE\/wp-json\/wp\/v2\/types\/page"}],"author":[{"embeddable":true,"href":"https:\/\/laparenthese-banon.com\/GITE\/wp-json\/wp\/v2\/users\/1"}],"replies":[{"embeddable":true,"href":"https:\/\/laparenthese-banon.com\/GITE\/wp-json\/wp\/v2\/comments?post=219"}],"version-history":[{"count":19,"href":"https:\/\/laparenthese-banon.com\/GITE\/wp-json\/wp\/v2\/pages\/219\/revisions"}],"predecessor-version":[{"id":1165,"href":"https:\/\/laparenthese-banon.com\/GITE\/wp-json\/wp\/v2\/pages\/219\/revisions\/1165"}],"wp:featuredmedia":[{"embeddable":true,"href":"https:\/\/laparenthese-banon.com\/GITE\/wp-json\/wp\/v2\/media\/220"}],"wp:attachment":[{"href":"https:\/\/laparenthese-banon.com\/GITE\/wp-json\/wp\/v2\/media?parent=219"}],"curies":[{"name":"wp","href":"https:\/\/api.w.org\/{rel}","templated":true}]}}