{"id":22,"date":"2017-04-06T13:14:56","date_gmt":"2017-04-06T11:14:56","guid":{"rendered":"http:\/\/laparenthese-banon.com\/GITE\/?page_id=22"},"modified":"2017-05-10T14:24:12","modified_gmt":"2017-05-10T12:24:12","slug":"bed-breakfast","status":"publish","type":"page","link":"https:\/\/laparenthese-banon.com\/GITE\/la-maison-d-hotes\/bed-breakfast\/","title":{"rendered":"Les petits d\u00e9jeuners"},"content":{"rendered":"<blockquote><p>A La Parenth\u00e8se, nous aimons ce moment privil\u00e9gi\u00e9 que repr\u00e9sente, particuli\u00e8rement en vacances, le PETIT-D\u00c9JEUNER, et nous aimons le faire partager !<\/p><\/blockquote>\n<h3>Un moment <strong>privil\u00e9gi\u00e9 &#8230;<\/strong><\/h3>\n<p>Les petits d\u00e9jeuners de La Parenth\u00e8se sont con\u00e7us pour \u00eatre de vrais moments de d\u00e9tente, de bien-\u00eatre et de convivialit\u00e9.<\/p>\n<p>Les petits d\u00e9jeuners sont servis de 8h \u00e0 10h du matin sur les grandes tables d&rsquo;h\u00f4tes, selon le temps sur la terrasse ou dans la salle \u00e0 manger.<br \/>\n<img loading=\"lazy\" class=\"wp-image-25 size-full alignright\" src=\"https:\/\/laparenthese-banon.com\/GITE\/wp-content\/uploads\/2017\/04\/Page_pdej_B.jpg\" alt=\"\" width=\"143\" height=\"107\" \/><\/p>\n<p>Au gr\u00e9 des saisons, nous vous proposons le plus possible\u00a0:<\/p>\n<ul>\n<li><strong>&gt; de produits frais maison<\/strong>\u00a0: confitures, cakes (aux fruits, au miel, au chocolat, &#8230; ), yaourts, jus de fruits frais (oranges press\u00e9es), &#8230; ;<\/li>\n<li><strong>&gt; de produits locaux<\/strong> comme le miel de lavande du pays, le fromage de Banon, les jus de fruits naturels de pomme et raisin, etc.<\/li>\n<\/ul>\n<p>&nbsp;<\/p>\n<h3>Des produits <strong>de qualit\u00e9<\/strong><\/h3>\n<p>Nous utilisons pr\u00e9f\u00e9rentiellement soit des produits BIO (le lait par ex.), soit des produits de petits producteurs du pays de Banon.<br \/>\nLe caf\u00e9 est issu du commerce \u00e9quitable (Caf\u00e9 Malongo).<br \/>\nPour les amateurs de th\u00e9 : nous proposons un bel assortiment de th\u00e9s hauts de gamme (Kusmi Tea).<\/p>\n<div id=\"attachment_34\" style=\"width: 430px\" class=\"wp-caption alignnone\"><img aria-describedby=\"caption-attachment-34\" loading=\"lazy\" class=\"wp-image-34 size-full\" src=\"https:\/\/laparenthese-banon.com\/GITE\/wp-content\/uploads\/2017\/04\/Page_pdej_C.jpg\" alt=\"\" width=\"420\" height=\"256\" srcset=\"https:\/\/laparenthese-banon.com\/GITE\/wp-content\/uploads\/2017\/04\/Page_pdej_C.jpg 420w, https:\/\/laparenthese-banon.com\/GITE\/wp-content\/uploads\/2017\/04\/Page_pdej_C-300x183.jpg 300w, https:\/\/laparenthese-banon.com\/GITE\/wp-content\/uploads\/2017\/04\/Page_pdej_C-240x145.jpg 240w\" sizes=\"(max-width: 420px) 100vw, 420px\" \/><p id=\"caption-attachment-34\" class=\"wp-caption-text\">Service du petit d\u00e9jeuner sur la terrasse.<\/p><\/div>\n<div id=\"attachment_55\" style=\"width: 430px\" class=\"wp-caption alignnone\"><img aria-describedby=\"caption-attachment-55\" loading=\"lazy\" class=\"wp-image-55 size-full\" src=\"https:\/\/laparenthese-banon.com\/GITE\/wp-content\/uploads\/2017\/04\/Page_pdej_A-1.jpg\" alt=\"\" width=\"420\" height=\"280\" srcset=\"https:\/\/laparenthese-banon.com\/GITE\/wp-content\/uploads\/2017\/04\/Page_pdej_A-1.jpg 420w, https:\/\/laparenthese-banon.com\/GITE\/wp-content\/uploads\/2017\/04\/Page_pdej_A-1-300x200.jpg 300w\" sizes=\"(max-width: 420px) 100vw, 420px\" \/><p id=\"caption-attachment-55\" class=\"wp-caption-text\">Petit d\u00e9jeuner en salle \u00e0 manger<\/p><\/div>\n<hr \/>\n<p>&nbsp;<\/p>\n","protected":false},"excerpt":{"rendered":"<p>A La Parenth\u00e8se, nous aimons ce moment privil\u00e9gi\u00e9 que repr\u00e9sente, particuli\u00e8rement en vacances, le PETIT-D\u00c9JEUNER, et nous aimons le faire partager ! Un moment privil\u00e9gi\u00e9 &#8230; Les petits d\u00e9jeuners de La Parenth\u00e8se sont con\u00e7us pour \u00eatre de vrais moments de&#8230; <\/p>\n","protected":false},"author":1,"featured_media":32,"parent":2,"menu_order":1,"comment_status":"closed","ping_status":"closed","template":"","meta":[],"yoast_head":"<!-- This site is optimized with the Yoast SEO plugin v19.8 - https:\/\/yoast.com\/wordpress\/plugins\/seo\/ -->\n<title>Les petits d\u00e9jeuners<\/title>\n<meta name=\"description\" content=\"A La Parenth\u00e8se, nous aimons ce moment privil\u00e9gi\u00e9 que repr\u00e9sente, particuli\u00e8rement en vacances, le PETIT-D\u00c9JEUNER, et nous aimons le faire partager ! Un\" \/>\n<meta name=\"robots\" content=\"index, follow, max-snippet:-1, max-image-preview:large, max-video-preview:-1\" \/>\n<link rel=\"canonical\" href=\"https:\/\/laparenthese-banon.com\/GITE\/la-maison-d-hotes\/bed-breakfast\/\" \/>\n<meta property=\"og:locale\" content=\"fr_FR\" \/>\n<meta property=\"og:type\" content=\"article\" \/>\n<meta property=\"og:title\" content=\"Les petits d\u00e9jeuners\" \/>\n<meta property=\"og:description\" content=\"A La Parenth\u00e8se, nous aimons ce moment privil\u00e9gi\u00e9 que repr\u00e9sente, particuli\u00e8rement en vacances, le PETIT-D\u00c9JEUNER, et nous aimons le faire partager ! Un\" \/>\n<meta property=\"og:url\" content=\"https:\/\/laparenthese-banon.com\/GITE\/la-maison-d-hotes\/bed-breakfast\/\" \/>\n<meta property=\"og:site_name\" content=\"La Parenth\u00e8se Banon\" \/>\n<meta property=\"article:modified_time\" content=\"2017-05-10T12:24:12+00:00\" \/>\n<meta property=\"og:image\" content=\"https:\/\/laparenthese-banon.com\/GITE\/wp-content\/uploads\/2017\/04\/Banner_pdej_A.jpg\" \/>\n\t<meta property=\"og:image:width\" content=\"1400\" \/>\n\t<meta property=\"og:image:height\" content=\"334\" \/>\n\t<meta property=\"og:image:type\" content=\"image\/jpeg\" \/>\n<meta name=\"twitter:card\" content=\"summary_large_image\" \/>\n<meta name=\"twitter:label1\" content=\"Dur\u00e9e de lecture estim\u00e9e\" \/>\n\t<meta name=\"twitter:data1\" content=\"1 minute\" \/>\n<script type=\"application\/ld+json\" class=\"yoast-schema-graph\">{\"@context\":\"https:\/\/schema.org\",\"@graph\":[{\"@type\":\"WebPage\",\"@id\":\"https:\/\/laparenthese-banon.com\/GITE\/la-maison-d-hotes\/bed-breakfast\/\",\"url\":\"https:\/\/laparenthese-banon.com\/GITE\/la-maison-d-hotes\/bed-breakfast\/\",\"name\":\"Les petits d\u00e9jeuners\",\"isPartOf\":{\"@id\":\"https:\/\/laparenthese-banon.com\/GITE\/#website\"},\"datePublished\":\"2017-04-06T11:14:56+00:00\",\"dateModified\":\"2017-05-10T12:24:12+00:00\",\"description\":\"A La Parenth\u00e8se, nous aimons ce moment privil\u00e9gi\u00e9 que repr\u00e9sente, particuli\u00e8rement en vacances, le PETIT-D\u00c9JEUNER, et nous aimons le faire partager ! Un\",\"breadcrumb\":{\"@id\":\"https:\/\/laparenthese-banon.com\/GITE\/la-maison-d-hotes\/bed-breakfast\/#breadcrumb\"},\"inLanguage\":\"fr-FR\",\"potentialAction\":[{\"@type\":\"ReadAction\",\"target\":[\"https:\/\/laparenthese-banon.com\/GITE\/la-maison-d-hotes\/bed-breakfast\/\"]}]},{\"@type\":\"BreadcrumbList\",\"@id\":\"https:\/\/laparenthese-banon.com\/GITE\/la-maison-d-hotes\/bed-breakfast\/#breadcrumb\",\"itemListElement\":[{\"@type\":\"ListItem\",\"position\":1,\"name\":\"Accueil\",\"item\":\"https:\/\/laparenthese-banon.com\/GITE\/\"},{\"@type\":\"ListItem\",\"position\":2,\"name\":\"La maison d&rsquo;h\u00f4tes\",\"item\":\"https:\/\/laparenthese-banon.com\/GITE\/la-maison-d-hotes\/\"},{\"@type\":\"ListItem\",\"position\":3,\"name\":\"Les petits d\u00e9jeuners\"}]},{\"@type\":\"WebSite\",\"@id\":\"https:\/\/laparenthese-banon.com\/GITE\/#website\",\"url\":\"https:\/\/laparenthese-banon.com\/GITE\/\",\"name\":\"La Parenth\u00e8se Banon\",\"description\":\"Maison d&#039;H\u00f4tes et de Randonneurs en Haute-Provence\",\"potentialAction\":[{\"@type\":\"SearchAction\",\"target\":{\"@type\":\"EntryPoint\",\"urlTemplate\":\"https:\/\/laparenthese-banon.com\/GITE\/?s={search_term_string}\"},\"query-input\":\"required name=search_term_string\"}],\"inLanguage\":\"fr-FR\"}]}<\/script>\n<!-- \/ Yoast SEO plugin. -->","yoast_head_json":{"title":"Les petits d\u00e9jeuners","description":"A La Parenth\u00e8se, nous aimons ce moment privil\u00e9gi\u00e9 que repr\u00e9sente, particuli\u00e8rement en vacances, le PETIT-D\u00c9JEUNER, et nous aimons le faire partager ! Un","robots":{"index":"index","follow":"follow","max-snippet":"max-snippet:-1","max-image-preview":"max-image-preview:large","max-video-preview":"max-video-preview:-1"},"canonical":"https:\/\/laparenthese-banon.com\/GITE\/la-maison-d-hotes\/bed-breakfast\/","og_locale":"fr_FR","og_type":"article","og_title":"Les petits d\u00e9jeuners","og_description":"A La Parenth\u00e8se, nous aimons ce moment privil\u00e9gi\u00e9 que repr\u00e9sente, particuli\u00e8rement en vacances, le PETIT-D\u00c9JEUNER, et nous aimons le faire partager ! Un","og_url":"https:\/\/laparenthese-banon.com\/GITE\/la-maison-d-hotes\/bed-breakfast\/","og_site_name":"La Parenth\u00e8se Banon","article_modified_time":"2017-05-10T12:24:12+00:00","og_image":[{"width":1400,"height":334,"url":"https:\/\/laparenthese-banon.com\/GITE\/wp-content\/uploads\/2017\/04\/Banner_pdej_A.jpg","type":"image\/jpeg"}],"twitter_card":"summary_large_image","twitter_misc":{"Dur\u00e9e de lecture estim\u00e9e":"1 minute"},"schema":{"@context":"https:\/\/schema.org","@graph":[{"@type":"WebPage","@id":"https:\/\/laparenthese-banon.com\/GITE\/la-maison-d-hotes\/bed-breakfast\/","url":"https:\/\/laparenthese-banon.com\/GITE\/la-maison-d-hotes\/bed-breakfast\/","name":"Les petits d\u00e9jeuners","isPartOf":{"@id":"https:\/\/laparenthese-banon.com\/GITE\/#website"},"datePublished":"2017-04-06T11:14:56+00:00","dateModified":"2017-05-10T12:24:12+00:00","description":"A La Parenth\u00e8se, nous aimons ce moment privil\u00e9gi\u00e9 que repr\u00e9sente, particuli\u00e8rement en vacances, le PETIT-D\u00c9JEUNER, et nous aimons le faire partager ! Un","breadcrumb":{"@id":"https:\/\/laparenthese-banon.com\/GITE\/la-maison-d-hotes\/bed-breakfast\/#breadcrumb"},"inLanguage":"fr-FR","potentialAction":[{"@type":"ReadAction","target":["https:\/\/laparenthese-banon.com\/GITE\/la-maison-d-hotes\/bed-breakfast\/"]}]},{"@type":"BreadcrumbList","@id":"https:\/\/laparenthese-banon.com\/GITE\/la-maison-d-hotes\/bed-breakfast\/#breadcrumb","itemListElement":[{"@type":"ListItem","position":1,"name":"Accueil","item":"https:\/\/laparenthese-banon.com\/GITE\/"},{"@type":"ListItem","position":2,"name":"La maison d&rsquo;h\u00f4tes","item":"https:\/\/laparenthese-banon.com\/GITE\/la-maison-d-hotes\/"},{"@type":"ListItem","position":3,"name":"Les petits d\u00e9jeuners"}]},{"@type":"WebSite","@id":"https:\/\/laparenthese-banon.com\/GITE\/#website","url":"https:\/\/laparenthese-banon.com\/GITE\/","name":"La Parenth\u00e8se Banon","description":"Maison d&#039;H\u00f4tes et de Randonneurs en Haute-Provence","potentialAction":[{"@type":"SearchAction","target":{"@type":"EntryPoint","urlTemplate":"https:\/\/laparenthese-banon.com\/GITE\/?s={search_term_string}"},"query-input":"required name=search_term_string"}],"inLanguage":"fr-FR"}]}},"_links":{"self":[{"href":"https:\/\/laparenthese-banon.com\/GITE\/wp-json\/wp\/v2\/pages\/22"}],"collection":[{"href":"https:\/\/laparenthese-banon.com\/GITE\/wp-json\/wp\/v2\/pages"}],"about":[{"href":"https:\/\/laparenthese-banon.com\/GITE\/wp-json\/wp\/v2\/types\/page"}],"author":[{"embeddable":true,"href":"https:\/\/laparenthese-banon.com\/GITE\/wp-json\/wp\/v2\/users\/1"}],"replies":[{"embeddable":true,"href":"https:\/\/laparenthese-banon.com\/GITE\/wp-json\/wp\/v2\/comments?post=22"}],"version-history":[{"count":13,"href":"https:\/\/laparenthese-banon.com\/GITE\/wp-json\/wp\/v2\/pages\/22\/revisions"}],"predecessor-version":[{"id":494,"href":"https:\/\/laparenthese-banon.com\/GITE\/wp-json\/wp\/v2\/pages\/22\/revisions\/494"}],"up":[{"embeddable":true,"href":"https:\/\/laparenthese-banon.com\/GITE\/wp-json\/wp\/v2\/pages\/2"}],"wp:featuredmedia":[{"embeddable":true,"href":"https:\/\/laparenthese-banon.com\/GITE\/wp-json\/wp\/v2\/media\/32"}],"wp:attachment":[{"href":"https:\/\/laparenthese-banon.com\/GITE\/wp-json\/wp\/v2\/media?parent=22"}],"curies":[{"name":"wp","href":"https:\/\/api.w.org\/{rel}","templated":true}]}}