{"id":282,"date":"2017-04-26T18:23:43","date_gmt":"2017-04-26T16:23:43","guid":{"rendered":"http:\/\/laparenthese-banon.com\/GITE\/?page_id=282"},"modified":"2021-05-17T17:22:56","modified_gmt":"2021-05-17T15:22:56","slug":"contact","status":"publish","type":"page","link":"https:\/\/laparenthese-banon.com\/GITE\/contact\/","title":{"rendered":"Contact"},"content":{"rendered":"<blockquote><p><strong><a href=\"#contacter\">Pour nous envoyer un message<\/a><\/strong>, pour nous <strong>contacter<\/strong> ou pour <strong>arriver<\/strong> \u00e0 La Parenth\u00e8se Banon.<br \/>\nOu encore : <strong><a href=\"#Offrir\">pour offrir un Bon Cadeau<\/a><\/strong>.<\/p>\n<p><strong><span style=\"color: #ff0000;\">Les R\u00c9SERVATIONS sont termin\u00e9es : fermeture de La Parenth\u00e8se !<\/span><\/strong><\/p>\n<p>Voir \u00e9galement <a href=\"https:\/\/laparenthese-banon.com\/GITE\/nouveau-site-internet\/\"><strong>A PROPOS<\/strong><\/a> (mentions l\u00e9gales).<\/p><\/blockquote>\n<h1>Nos Coordonn\u00e9es<\/h1>\n<div class=\"one_half name of animation\"><\/p>\n<h3>Nous <strong>trouver &#8230;<\/strong><\/h3>\n<p align=\"left\"><iframe loading=\"lazy\" style=\"border: 0;\" src=\"https:\/\/www.google.com\/maps\/embed?pb=!1m18!1m12!1m3!1d5736.530767504641!2d5.626041431528326!3d44.03657310371109!2m3!1f0!2f0!3f0!3m2!1i1024!2i768!4f13.1!3m3!1m2!1s0x0000000000000000%3A0x34885823b491f082!2sMaison+d'h%C3%B4tes+la+Parenth%C3%A8se+%C3%A0+Banon!5e0!3m2!1sfr!2sfr!4v1459953796224\" width=\"500\" height=\"500\" frameborder=\"0\" allowfullscreen=\"allowfullscreen\"><\/iframe><\/p>\n<div><span style=\"color: #333333;\"><strong>Adresse<\/strong><strong>\u00a0\u00e0 saisir sur le GPS<\/strong><\/span><\/div>\n<div>Route de Forcalquier &#8211; 04150 BANON<\/div>\n<div><\/div>\n<div><span style=\"color: #333333;\"><strong>Coordonn\u00e9es GPS<\/strong><\/span><br \/>\n44\u00b002&rsquo;25.9&Prime;N 5\u00b037&rsquo;46.9&Prime;E<br \/>\n44.040513, 5.629683<\/div>\n<p><\/div>\n<div class=\"one_half name of animation last_column\"><\/p>\n<h3>Nous <strong>CONTACTER<\/strong><\/h3>\n<p><strong>La Parenth\u00e8se Banon<br \/>\nRoute de Forcalquier<\/strong><br \/>\n<strong>04150 \u00a0 &#8211; \u00a0 BANON<\/strong><\/p>\n<hr \/>\n<p>Tel. : FERMETURE DEFINITIVE !<br \/>\nMob. :\u00a0 D\u00e9sormais plus disponible !<br \/>\n@ : <strong>contact@giteabanon.fr<\/strong><\/p>\n<hr \/>\n<h3>Pour <strong>RESERVER<\/strong><\/h3>\n<p><strong><span style=\"color: #ff0000;\">Les R\u00c9SERVATIONS sont closes !<\/span><\/strong><\/p>\n<p><a href=\"https:\/\/laparenthese-banon.com\/GITE\/fermeture\/\" rel=\"noopener noreferrer\"><img loading=\"lazy\" class=\"alignnone wp-image-616 size-full\" src=\"https:\/\/laparenthese-banon.com\/GITE\/wp-content\/uploads\/2017\/04\/bouton-Reserver_petit.jpg\" alt=\"\" width=\"205\" height=\"89\" \/><\/a><br \/>\n<\/div>\n<hr \/>\n<h3 align=\"left\">ACC\u00c8S \u00e0 <strong>La Parenth\u00e8se<\/strong><\/h3>\n<p><strong>En arrivant de la vall\u00e9e de la Durance (AIX-en-Provence ou Sisteron) :<\/strong> prendre la sortie 19 vers Forcalquier\/Oraison puis direction Forcalquier, traverser Forcalquier et prendre la direction Banon (D950) au rond point apr\u00e8s le viaduc. Continuer sur la D950 jusqu&rsquo;au carrefour avec la D12A au pied du village, prendre \u00e0 gauche la D12 puis imm\u00e9diatement \u00e0 droite \u00e0 nouveau la D950 en direction du centre de Banon. Laisser l&rsquo;h\u00f4pital sur votre droite, <strong>La Parenth\u00e8se<\/strong> est alors la premi\u00e8re maison \u00e0 gauche avant la place de la Grande Fontaine.<\/p>\n<p><strong>En arrivant de la vall\u00e9e du Rh\u00f4ne par Orange puis Sault puis Revest-du-Bion, ou bien par Apt puis Simiane-La-Rotonde :<\/strong> aller au centre du village, laisser la librairie Le Bleuet sur votre droite, prendre la rue Pasteur en direction de Forcalquier, La Parenth\u00e8se est alors sur votre droite (avant l&rsquo;h\u00f4pital) juste apr\u00e8s la place de la Grande Fontaine.<\/p>\n<p><strong>En arrivant de Manosque :<\/strong> monter vers le centre du village puis idem ci-dessus.<\/p>\n<h1><a name=\"Offrir\"><\/a>Offrir un Bon Cadeau<\/h1>\n<div id=\"attachment_1456\" style=\"width: 160px\" class=\"wp-caption alignnone\"><img aria-describedby=\"caption-attachment-1456\" loading=\"lazy\" class=\"wp-image-1456 size-thumbnail\" src=\"https:\/\/laparenthese-banon.com\/GITE\/wp-content\/uploads\/2021\/04\/Sticker_FERME-150x150.jpg\" alt=\"\" width=\"150\" height=\"150\" \/><p id=\"caption-attachment-1456\" class=\"wp-caption-text\">FERMETURE DEFINITIVE !<\/p><\/div>\n<hr \/>\n<h1><a name=\"contacter\"><\/a>R\u00e9diger un MESSAGE<\/h1>\n<p><div class=\"one_half name of animation\"><br \/>\n<span style=\"color: #800000;\"><strong>Du fait de la fermeture le formulaire CONTACT est supprim\u00e9 !<\/strong><\/span><br \/>\n<\/div><br \/>\n<div class=\"one_half name of animation last_column\"><\/p>\n<h3>Pour nous <strong>CONTACTER<\/strong><\/h3>\n<blockquote><p>Du fait de la fermeture le formulaire CONTACT est d\u00e9sormais indisponible<\/p>\n<p><\/div><\/p><\/blockquote>\n","protected":false},"excerpt":{"rendered":"<p>Pour nous envoyer un message, pour nous contacter ou pour arriver \u00e0 La Parenth\u00e8se Banon. Ou encore : pour offrir un Bon Cadeau. Les R\u00c9SERVATIONS sont termin\u00e9es : fermeture de La Parenth\u00e8se ! Voir \u00e9galement A PROPOS (mentions l\u00e9gales). Nos&#8230; <\/p>\n","protected":false},"author":1,"featured_media":283,"parent":0,"menu_order":0,"comment_status":"open","ping_status":"closed","template":"","meta":[],"yoast_head":"<!-- This site is optimized with the Yoast SEO plugin v19.8 - https:\/\/yoast.com\/wordpress\/plugins\/seo\/ -->\n<title>Contact<\/title>\n<meta name=\"description\" content=\"Pour nous envoyer un message, pour nous contacter ou pour arriver \u00e0 La Parenth\u00e8se Banon. Ou encore : pour offrir un Bon Cadeau. Les R\u00c9SERVATIONS sont\" \/>\n<meta name=\"robots\" content=\"index, follow, max-snippet:-1, max-image-preview:large, max-video-preview:-1\" \/>\n<link rel=\"canonical\" href=\"https:\/\/laparenthese-banon.com\/GITE\/contact\/\" \/>\n<meta property=\"og:locale\" content=\"fr_FR\" \/>\n<meta property=\"og:type\" content=\"article\" \/>\n<meta property=\"og:title\" content=\"Contact\" \/>\n<meta property=\"og:description\" content=\"Pour nous envoyer un message, pour nous contacter ou pour arriver \u00e0 La Parenth\u00e8se Banon. Ou encore : pour offrir un Bon Cadeau. Les R\u00c9SERVATIONS sont\" \/>\n<meta property=\"og:url\" content=\"https:\/\/laparenthese-banon.com\/GITE\/contact\/\" \/>\n<meta property=\"og:site_name\" content=\"La Parenth\u00e8se Banon\" \/>\n<meta property=\"article:modified_time\" content=\"2021-05-17T15:22:56+00:00\" \/>\n<meta property=\"og:image\" content=\"https:\/\/laparenthese-banon.com\/GITE\/wp-content\/uploads\/2017\/04\/Page_Contact_E2.jpg\" \/>\n\t<meta property=\"og:image:width\" content=\"1400\" \/>\n\t<meta property=\"og:image:height\" content=\"433\" \/>\n\t<meta property=\"og:image:type\" content=\"image\/jpeg\" \/>\n<meta name=\"twitter:card\" content=\"summary_large_image\" \/>\n<meta name=\"twitter:label1\" content=\"Dur\u00e9e de lecture estim\u00e9e\" \/>\n\t<meta name=\"twitter:data1\" content=\"2 minutes\" \/>\n<script type=\"application\/ld+json\" class=\"yoast-schema-graph\">{\"@context\":\"https:\/\/schema.org\",\"@graph\":[{\"@type\":\"WebPage\",\"@id\":\"https:\/\/laparenthese-banon.com\/GITE\/contact\/\",\"url\":\"https:\/\/laparenthese-banon.com\/GITE\/contact\/\",\"name\":\"Contact\",\"isPartOf\":{\"@id\":\"https:\/\/laparenthese-banon.com\/GITE\/#website\"},\"datePublished\":\"2017-04-26T16:23:43+00:00\",\"dateModified\":\"2021-05-17T15:22:56+00:00\",\"description\":\"Pour nous envoyer un message, pour nous contacter ou pour arriver \u00e0 La Parenth\u00e8se Banon. Ou encore : pour offrir un Bon Cadeau. Les R\u00c9SERVATIONS sont\",\"breadcrumb\":{\"@id\":\"https:\/\/laparenthese-banon.com\/GITE\/contact\/#breadcrumb\"},\"inLanguage\":\"fr-FR\",\"potentialAction\":[{\"@type\":\"ReadAction\",\"target\":[\"https:\/\/laparenthese-banon.com\/GITE\/contact\/\"]}]},{\"@type\":\"BreadcrumbList\",\"@id\":\"https:\/\/laparenthese-banon.com\/GITE\/contact\/#breadcrumb\",\"itemListElement\":[{\"@type\":\"ListItem\",\"position\":1,\"name\":\"Accueil\",\"item\":\"https:\/\/laparenthese-banon.com\/GITE\/\"},{\"@type\":\"ListItem\",\"position\":2,\"name\":\"Contact\"}]},{\"@type\":\"WebSite\",\"@id\":\"https:\/\/laparenthese-banon.com\/GITE\/#website\",\"url\":\"https:\/\/laparenthese-banon.com\/GITE\/\",\"name\":\"La Parenth\u00e8se Banon\",\"description\":\"Maison d&#039;H\u00f4tes et de Randonneurs en Haute-Provence\",\"potentialAction\":[{\"@type\":\"SearchAction\",\"target\":{\"@type\":\"EntryPoint\",\"urlTemplate\":\"https:\/\/laparenthese-banon.com\/GITE\/?s={search_term_string}\"},\"query-input\":\"required name=search_term_string\"}],\"inLanguage\":\"fr-FR\"}]}<\/script>\n<!-- \/ Yoast SEO plugin. -->","yoast_head_json":{"title":"Contact","description":"Pour nous envoyer un message, pour nous contacter ou pour arriver \u00e0 La Parenth\u00e8se Banon. Ou encore : pour offrir un Bon Cadeau. Les R\u00c9SERVATIONS sont","robots":{"index":"index","follow":"follow","max-snippet":"max-snippet:-1","max-image-preview":"max-image-preview:large","max-video-preview":"max-video-preview:-1"},"canonical":"https:\/\/laparenthese-banon.com\/GITE\/contact\/","og_locale":"fr_FR","og_type":"article","og_title":"Contact","og_description":"Pour nous envoyer un message, pour nous contacter ou pour arriver \u00e0 La Parenth\u00e8se Banon. Ou encore : pour offrir un Bon Cadeau. Les R\u00c9SERVATIONS sont","og_url":"https:\/\/laparenthese-banon.com\/GITE\/contact\/","og_site_name":"La Parenth\u00e8se Banon","article_modified_time":"2021-05-17T15:22:56+00:00","og_image":[{"width":1400,"height":433,"url":"https:\/\/laparenthese-banon.com\/GITE\/wp-content\/uploads\/2017\/04\/Page_Contact_E2.jpg","type":"image\/jpeg"}],"twitter_card":"summary_large_image","twitter_misc":{"Dur\u00e9e de lecture estim\u00e9e":"2 minutes"},"schema":{"@context":"https:\/\/schema.org","@graph":[{"@type":"WebPage","@id":"https:\/\/laparenthese-banon.com\/GITE\/contact\/","url":"https:\/\/laparenthese-banon.com\/GITE\/contact\/","name":"Contact","isPartOf":{"@id":"https:\/\/laparenthese-banon.com\/GITE\/#website"},"datePublished":"2017-04-26T16:23:43+00:00","dateModified":"2021-05-17T15:22:56+00:00","description":"Pour nous envoyer un message, pour nous contacter ou pour arriver \u00e0 La Parenth\u00e8se Banon. Ou encore : pour offrir un Bon Cadeau. Les R\u00c9SERVATIONS sont","breadcrumb":{"@id":"https:\/\/laparenthese-banon.com\/GITE\/contact\/#breadcrumb"},"inLanguage":"fr-FR","potentialAction":[{"@type":"ReadAction","target":["https:\/\/laparenthese-banon.com\/GITE\/contact\/"]}]},{"@type":"BreadcrumbList","@id":"https:\/\/laparenthese-banon.com\/GITE\/contact\/#breadcrumb","itemListElement":[{"@type":"ListItem","position":1,"name":"Accueil","item":"https:\/\/laparenthese-banon.com\/GITE\/"},{"@type":"ListItem","position":2,"name":"Contact"}]},{"@type":"WebSite","@id":"https:\/\/laparenthese-banon.com\/GITE\/#website","url":"https:\/\/laparenthese-banon.com\/GITE\/","name":"La Parenth\u00e8se Banon","description":"Maison d&#039;H\u00f4tes et de Randonneurs en Haute-Provence","potentialAction":[{"@type":"SearchAction","target":{"@type":"EntryPoint","urlTemplate":"https:\/\/laparenthese-banon.com\/GITE\/?s={search_term_string}"},"query-input":"required name=search_term_string"}],"inLanguage":"fr-FR"}]}},"_links":{"self":[{"href":"https:\/\/laparenthese-banon.com\/GITE\/wp-json\/wp\/v2\/pages\/282"}],"collection":[{"href":"https:\/\/laparenthese-banon.com\/GITE\/wp-json\/wp\/v2\/pages"}],"about":[{"href":"https:\/\/laparenthese-banon.com\/GITE\/wp-json\/wp\/v2\/types\/page"}],"author":[{"embeddable":true,"href":"https:\/\/laparenthese-banon.com\/GITE\/wp-json\/wp\/v2\/users\/1"}],"replies":[{"embeddable":true,"href":"https:\/\/laparenthese-banon.com\/GITE\/wp-json\/wp\/v2\/comments?post=282"}],"version-history":[{"count":38,"href":"https:\/\/laparenthese-banon.com\/GITE\/wp-json\/wp\/v2\/pages\/282\/revisions"}],"predecessor-version":[{"id":1462,"href":"https:\/\/laparenthese-banon.com\/GITE\/wp-json\/wp\/v2\/pages\/282\/revisions\/1462"}],"wp:featuredmedia":[{"embeddable":true,"href":"https:\/\/laparenthese-banon.com\/GITE\/wp-json\/wp\/v2\/media\/283"}],"wp:attachment":[{"href":"https:\/\/laparenthese-banon.com\/GITE\/wp-json\/wp\/v2\/media?parent=282"}],"curies":[{"name":"wp","href":"https:\/\/api.w.org\/{rel}","templated":true}]}}