{"id":295,"date":"2017-04-26T19:12:12","date_gmt":"2017-04-26T17:12:12","guid":{"rendered":"http:\/\/laparenthese-banon.com\/GITE\/?page_id=295"},"modified":"2019-11-07T16:34:22","modified_gmt":"2019-11-07T15:34:22","slug":"informations","status":"publish","type":"page","link":"https:\/\/laparenthese-banon.com\/GITE\/informations\/","title":{"rendered":"Informations"},"content":{"rendered":"<blockquote><p>Cette page pr\u00e9sente les principales informations concernant l&rsquo;environnement de la maison d&rsquo;h\u00f4tes ainsi que les sites touristiques et les\u00a0activit\u00e9s de pleine nature.<\/p>\n<p>Ces pages vous invitent \u00e0 d\u00e9couvrir le village et la r\u00e9gion de Banon, entre Lure, Ventoux et Luberon, d\u00e9couvrez les ressources de la Haute Provence, r\u00e9gion authentique o\u00f9 l&rsquo;on respire le plaisir de vivre.<\/p>\n<pre><strong><span style=\"color: #730011;\">Offrez-vous une Parenth\u00e8se active ou contemplative au c\u0153ur de la Provence de Giono !<\/span><\/strong><\/pre>\n<\/blockquote>\n<h3>Au sommaire<\/h3>\n<div class=\"hold-3box\" style=\"width:width;\"><\/p>\n<ul class=\"list-cuisines\">\n<li><strong><a href=\"https:\/\/laparenthese-banon.com\/GITE\/informations\/pays-de-banon\/\">Le PAYS de BANON<\/a><\/strong><\/li>\n<li><strong><a href=\"https:\/\/laparenthese-banon.com\/GITE\/informations\/culture-a-banon\/\">CULTURE<\/a><\/strong><\/li>\n<li><strong><a href=\"https:\/\/laparenthese-banon.com\/GITE\/informations\/#IMMANQUABLES\">Les IMMANQUABLES<\/a><\/strong><\/li>\n<li><a href=\"https:\/\/laparenthese-banon.com\/GITE\/informations\/#\">Les bonnes ADRESSES<\/a><\/li>\n<li><a href=\"https:\/\/laparenthese-banon.com\/GITE\/informations\/#\">Autres INFOS<\/a><\/li>\n<li><a href=\"https:\/\/laparenthese-banon.com\/GITE\/informations\/#RANDOPEDESTRE\"><strong>RANDOS PEDESTRES<\/strong><\/a><\/li>\n<li><a href=\"https:\/\/laparenthese-banon.com\/GITE\/informations\/#\">RANDOS VTT<\/a><\/li>\n<li><a href=\"https:\/\/laparenthese-banon.com\/GITE\/informations\/#\">Autres ACTIVITES<\/a><\/li>\n<\/ul>\n<p><\/div>\n<hr \/>\n<h1>D\u00e9couvrir\u00a0Banon<\/h1>\n<h3>Le PAYS de <strong>BANON<\/strong><\/h3>\n<blockquote><p>D\u00e9couverte du pays de Banon : le village, la gastronomie et le terroir, le patrimoine, &#8230;<\/p>\n<p>\u21d2 \u00a0Pr\u00e9sentation du village &#8230;<br \/>\n\u21d2 \u00a0Gastronomie et Terroir &#8230;<br \/>\n\u21d2 \u00a0Le Patrimoine\u00a0&#8230;<\/p>\n<p>Cliquez sur l&rsquo;image ci-dessous pour acc\u00e9der \u00e0 la page <a href=\"https:\/\/laparenthese-banon.com\/GITE\/informations\/pays-de-banon\/\">DECOUVRIR le pays de\u00a0<strong>BANON<\/strong><\/a><\/p><\/blockquote>\n<p><a href=\"https:\/\/laparenthese-banon.com\/GITE\/informations\/pays-de-banon\/\"><img loading=\"lazy\" class=\"alignnone wp-image-458 size-full\" src=\"https:\/\/laparenthese-banon.com\/GITE\/wp-content\/uploads\/2017\/04\/Page_Informations_A.jpg\" alt=\"\" width=\"1238\" height=\"400\" srcset=\"https:\/\/laparenthese-banon.com\/GITE\/wp-content\/uploads\/2017\/04\/Page_Informations_A.jpg 1238w, https:\/\/laparenthese-banon.com\/GITE\/wp-content\/uploads\/2017\/04\/Page_Informations_A-300x97.jpg 300w, https:\/\/laparenthese-banon.com\/GITE\/wp-content\/uploads\/2017\/04\/Page_Informations_A-768x248.jpg 768w, https:\/\/laparenthese-banon.com\/GITE\/wp-content\/uploads\/2017\/04\/Page_Informations_A-1024x331.jpg 1024w\" sizes=\"(max-width: 1238px) 100vw, 1238px\" \/><\/a><\/p>\n<p><a name=\"RANDOPEDESTRE\"><\/a><\/p>\n<h2>Bouger \u00e0 Banon<\/h2>\n<blockquote><p>Le pays de Banon offre de belles randonn\u00e9es \u00e0 pied ou en VTT, \u00e9vasion, paysages et patrimoine sont au programme, dans une nature pr\u00e9serv\u00e9e.<\/p>\n<p>La Parenth\u00e8se est \u00ab\u00a0<strong><em>une maison des randonneurs<\/em><\/strong>\u00a0\u00bb : connaissant bien la r\u00e9gion pour l&rsquo;avoir sillonn\u00e9e \u00e0 pied et en VTT, nous vous proposons de partager cette connaissance : r\u00e9daction de topos, pr\u00eat de cartes et de livres, conseils de balades ou de randonn\u00e9es plus ambitieuses, etc.<\/p>\n<pre>La page RANDO est en construction, vous trouverez sur place \u00e0 La Parenth\u00e8se toutes les informations utiles \u00e0 l'\u00e9laboration puis \u00e0 la conduite de vos randonn\u00e9es.<\/pre>\n<\/blockquote>\n<h3>Les <strong>RANDOS PEDESTRES<\/strong><\/h3>\n<p>De nombreuses randonn\u00e9es sont possibles autour de Banon, sur le plateau du Contadour et sur les cr\u00eates de la Montagne de Lure. De la balade d&rsquo;une heure au tour itin\u00e9rant de plusieurs jours, un large choix d&rsquo;itin\u00e9raire est disponible, <strong><a href=\"https:\/\/laparenthese-banon.com\/GITE\/randos-autour-de-banon\/\">se reporter \u00e0 la page RANDO<\/a><\/strong>.<\/p>\n<p>Randos \u00e0 partir de Banon \u00e0 pied, visite des vieux villages abandonn\u00e9s, d\u00e9couverte des bergeries de pierre s\u00e8che, randonn\u00e9e au long court sur les cr\u00eates de Lure, exploration de coins secrets, vallons cach\u00e9s, gorges, bories, &#8230;<\/p>\n<p>Vous pouvez \u00e9galement vous reporter \u00e0 <strong><a href=\"http:\/\/giteabanon.fr\/randonnees-pedestres-en-pays-de-banon.html\" target=\"_blank\" rel=\"noopener noreferrer\">l&rsquo;ancien site de La Parenth\u00e8se : pages randonn\u00e9es ICI<\/a><\/strong>.<\/p>\n<p>Chaque ann\u00e9e en avril, La F\u00eate de La Randonn\u00e9e (organis\u00e9e par l&rsquo;association \u00ab\u00a0Randonner en Haute-Provence\u00a0\u00bb) permet de d\u00e9couvrir, avec des accompaganteurs, les paysages et le patrimoine de Haute-Provence, <strong><a href=\"https:\/\/laparenthese-banon.com\/GITE\/calendrier_2017_1\/\">Informations ICI<\/a><\/strong>.<\/p>\n<h3>Les <strong>RANDOS VTT<\/strong><\/h3>\n<p>Le pays de Banon n&rsquo;est pas (encore) identifi\u00e9 comme un centre d&rsquo;int\u00e9r\u00eat pour le VTT, les grands itin\u00e9raires qui traversent la Haute-Provence ou les monts du Vaucluse ne passent pas \u00e0 Banon. Pourtant la r\u00e9gion offre de tr\u00e8s belles possibilit\u00e9s de rouler en VTT, en b\u00e9n\u00e9ficiant de tr\u00e8s beaux panoramas et de beaux sentiers loin des foules.<\/p>\n<p>Pour preuve les itin\u00e9raires de <strong><a href=\"https:\/\/laparenthese-banon.com\/GITE\/larandodufromage\/\">La Rando du Fromage<\/a><\/strong> (dont l&rsquo;auteur de ces lignes est un des organisateurs !).<\/p>\n<p>Un gros travail de balisage reste \u00e0 mener pour faire connaitre le potentiel de la r\u00e9gion et faciliter sa fr\u00e9quentation, il n&rsquo;en demeure pas moins vrai que les sentiers sont l\u00e0, accessibles d\u00e8s \u00e0 pr\u00e9sent.<\/p>\n<p>La Parenth\u00e8se Banon se propose de vous fournir toutes les informations utiles pour rouler autour de Banon et Lure : conseils, traces GPS, cartes, etc., <strong><a href=\"https:\/\/laparenthese-banon.com\/GITE\/randos-autour-de-banon\/\">se reporter \u00e0 la page RANDO<\/a>.<\/strong><\/p>\n<h3>Les autres <strong>activit\u00e9s<\/strong><\/h3>\n<blockquote><p>\u21d2\u00a0 V\u00e9lo de route, cyclotourisme &#8230;<br \/>\n\u21d2\u00a0 Prendre de la Hauteur : parapente et montgolfi\u00e8re &#8230;<br \/>\n\u21d2\u00a0 Escalade &#8230;<br \/>\n\u21d2\u00a0 Autres r\u00e9f\u00e9rences <strong><a href=\"http:\/\/giteabanon.fr\/Activites-pleine-Nature.html\" target=\"_blank\" rel=\"noopener noreferrer\">sur gite-\u00e0-Banon ICI<\/a><\/strong> &#8230;<\/p><\/blockquote>\n<h4>Le v\u00e9lo \u00e0 Banon et autres lieux &#8230;<\/h4>\n<p style=\"padding-left: 30px;\"><span style=\"color: #333333;\"><strong>Le v\u00e9lo de route, le cyclotourisme ou le VTC<\/strong><\/span>\u00a0: les paysages vallonn\u00e9s, les petites routes tranquilles, les vallons et les cr\u00eates, les collines sillonn\u00e9es de chemins et de pistes sont propices \u00e0 la d\u00e9couverte en v\u00e9lo ou en VTC.<br \/>\nItin\u00e9rance d&rsquo;ampleur entre Ventoux &#8211; Luberon\u00a0&#8211; Lure, ou sorties \u00e0 la journ\u00e9e vous trouverez un assortiment des plaisirs de rouler pour la ballade ou la performance.<\/p>\n<p style=\"padding-left: 30px;\"><span style=\"color: #333333;\"><strong>Sur la route<\/strong><\/span>, visitez les villages du pays de Banon ou rayonnez plus loin vers les sites du Lub\u00e9ron (voir sur\u00a0\u00a0<a href=\"http:\/\/velo-luberon.pnrpaca.org\/\">velo-luberon.pnrpaca.org<\/a>\u00a0ou\u00a0<a href=\"http:\/\/www.veloloisirluberon.com\/\">veloloisirluberon.com<\/a>\u00a0).<\/p>\n<blockquote><p><em>A noter : La Parenth\u00e8se met \u00e0 disposition des cyclistes et VTTistes un garage \u00e0 v\u00e9lo s\u00e9curis\u00e9 et du mat\u00e9riel de premier d\u00e9pannage<\/em>.<\/p>\n<p>La Parenth\u00e8se est recommand\u00e9e par la F\u00e9d\u00e9ration Fran\u00e7aise de Cyclotourisme<br \/>\n(voir \u00ab\u00a0<span style=\"color: #333333;\"><strong>Les Bonnes Adresses<\/strong><\/span>\u00a0\u00bb sur\u00a0<a href=\"http:\/\/www.veloenfrance.fr\/\" target=\"_blank\" rel=\"noopener noreferrer\">www.veloenfrance.fr<\/a>)<\/p><\/blockquote>\n<h4>Prendre de la hauteur &#8230;<\/h4>\n<div style=\"padding-left: 30px;\"><span style=\"color: #333333;\"><strong>Prendre de la hauteur :<\/strong><span style=\"color: #000000;\">pour\u00a0<\/span><\/span><span style=\"color: #000000;\">survoler\u00a0les plus beaux paysages de Haute-Provence &#8230;<\/span><\/div>\n<div style=\"padding-left: 30px;\"><span style=\"color: #333333;\"><strong>Parapente<\/strong><\/span>\u00a0: d\u00e9collez du Grou de Bane au dessus de Banon, par vos propres moyens ou encadr\u00e9 par des professionnels : moniteur \u00e0 Banon (<strong><a href=\"http:\/\/jokairparapente.free.fr\/\" target=\"_blank\" rel=\"noopener noreferrer\">JokAirParapente<\/a><\/strong>).<\/div>\n<p style=\"padding-left: 30px;\"><span style=\"color: #333333;\"><strong>Montgolfi\u00e8re<\/strong><\/span>\u00a0: il est possible de survoler le Pays de Forcalquier et la Montagne de Lure en Ballon \u00e0 air chaud une exp\u00e9rience inoubliable.<\/p>\n<h4>Escalade etc &#8230;<\/h4>\n<p style=\"padding-left: 30px;\"><span style=\"color: #333333;\"><strong>Escalade<\/strong><\/span>\u00a0proche de Banon :<\/p>\n<blockquote><p><a href=\"http:\/\/grimperdansle04.jimdo.com\/les-sites-du-04\/volx\/\" target=\"_blank\" rel=\"noopener noreferrer\">le grand site de Volx<\/a>\u00a0\u00e0 30 km environ,<\/p>\n<p>\u00e0 15 km de Banon, la petite mais int\u00e9ressante \u00a0<strong><a href=\"http:\/\/climbingaway.fr\/fr\/site-escalade\/site-d-escalade-du-refour\" target=\"_blank\" rel=\"noopener noreferrer\">falaise des gorges d&rsquo;Oppedette<\/a><\/strong>,<\/p>\n<p>ou le\u00a0<a href=\"http:\/\/climbingaway.fr\/fr\/site-escalade\/rocher-des-abeilles-provence-alpes-cote-d-azur\" target=\"_blank\" rel=\"noopener noreferrer\">rocher des Abeilles<\/a>\u00a0\u00e0 Apt.<\/p><\/blockquote>\n<p style=\"padding-left: 30px;\">Un peu plus loin : consultez le site\u00a0<a href=\"http:\/\/climbingaway.fr\/fr\/sites-escalade\/les-20-sites-autour-de-chez-toi\" target=\"_blank\" rel=\"noopener noreferrer\">Climbing Away<\/a>\u00a0qui indique les sites autour d&rsquo;un point g\u00e9ographique que vous indiquez.<\/p>\n<p style=\"padding-left: 30px;\"><span style=\"color: #333333;\"><strong>Via Ferrata<\/strong><\/span>\u00a0: la\u00a0<a href=\"http:\/\/www.viaferrata-alpes.com\/\" target=\"_blank\" rel=\"noopener noreferrer\">Via ferrata de la Grande Fistoire<\/a>\u00a0est situ\u00e9e dans les Alpes de Haute Provence sur la commune du Caire, \u00e0 25 km au nord est de Sisteron.<\/p>\n<p style=\"padding-left: 30px;\">Autres Via Ferrata des Alpes de Haute Provence sur\u00a0<a href=\"http:\/\/www.ffme.fr\/site\/via-ferrata-liste.html\" target=\"_blank\" rel=\"noopener noreferrer\">le site de la FFME<\/a>.<\/p>\n<hr \/>\n<h1>Culture \u00e0 Banon<\/h1>\n<blockquote><p>Cette page vous invite \u00e0 \u00e9couter, lire, visiter, admirer : les activit\u00e9s culturelles au village et autour de Banon.<\/p>\n<p>\u21d2 \u00a0Offre culturelle \u00e0 Banon et alentours\u00a0&#8230;<br \/>\n\u21d2 \u00a0La Librairie LE BLEUET\u00a0&#8230;<br \/>\n\u21d2 \u00a0Chapitre Astronomie &#8230;<\/p><\/blockquote>\n<p>Cliquez sur l&rsquo;image ci-dessous pour acc\u00e9der \u00e0 la page <a href=\"https:\/\/laparenthese-banon.com\/GITE\/informations\/culture-a-banon\/\">CULTURE \u00e0\u00a0<strong>BANON<\/strong><\/a><\/p>\n<p><a href=\"https:\/\/laparenthese-banon.com\/GITE\/informations\/culture-a-banon\/\"><img loading=\"lazy\" class=\"alignnone wp-image-559 size-full\" src=\"https:\/\/laparenthese-banon.com\/GITE\/wp-content\/uploads\/2017\/04\/Page_Informations_Bbis.jpg\" alt=\"\" width=\"1238\" height=\"297\" srcset=\"https:\/\/laparenthese-banon.com\/GITE\/wp-content\/uploads\/2017\/04\/Page_Informations_Bbis.jpg 1238w, https:\/\/laparenthese-banon.com\/GITE\/wp-content\/uploads\/2017\/04\/Page_Informations_Bbis-300x72.jpg 300w, https:\/\/laparenthese-banon.com\/GITE\/wp-content\/uploads\/2017\/04\/Page_Informations_Bbis-768x184.jpg 768w, https:\/\/laparenthese-banon.com\/GITE\/wp-content\/uploads\/2017\/04\/Page_Informations_Bbis-1024x246.jpg 1024w\" sizes=\"(max-width: 1238px) 100vw, 1238px\" \/><\/a><\/p>\n<hr \/>\n<p><a name=\"IMMANQUABLES\"><\/a><\/p>\n<h1>Les Immanquables<\/h1>\n<div class=\"hold-3box\" style=\"width:width;\"><\/p>\n<ul class=\"list-cuisines\">\n<li><strong><a href=\"https:\/\/laparenthese-banon.com\/GITE\/les-lavandes\/\">Les LAVANDES<\/a><\/strong><\/li>\n<li><strong><a href=\"https:\/\/laparenthese-banon.com\/GITE\/informations\/culture-a-banon#LEBLEUET\">Le Bleuet<\/a><\/strong><\/li>\n<li>Les Bergeries de Pierre S\u00e8che<\/li>\n<li>Le v\u00e9lo entre Lure et Ventoux<\/li>\n<li>Les Ocres proven\u00e7ales<\/li>\n<li>Les Randos au Contadour et Lure<\/li>\n<li><a href=\"https:\/\/laparenthese-banon.com\/GITE\/larandodufromage\/\"><strong>Le VTT et la Rando du Fromage<\/strong><\/a><\/li>\n<li>Le Fromage de ch\u00e8vre<\/li>\n<li>( suite en construction &#8230;)<\/li>\n<\/ul>\n<p><\/div>\n<p><img loading=\"lazy\" class=\"alignleft wp-image-688 size-full\" src=\"https:\/\/laparenthese-banon.com\/GITE\/wp-content\/uploads\/2017\/04\/Page_Immanquables_A.jpg\" alt=\"\" width=\"1234\" height=\"475\" srcset=\"https:\/\/laparenthese-banon.com\/GITE\/wp-content\/uploads\/2017\/04\/Page_Immanquables_A.jpg 1234w, https:\/\/laparenthese-banon.com\/GITE\/wp-content\/uploads\/2017\/04\/Page_Immanquables_A-300x115.jpg 300w, https:\/\/laparenthese-banon.com\/GITE\/wp-content\/uploads\/2017\/04\/Page_Immanquables_A-768x296.jpg 768w, https:\/\/laparenthese-banon.com\/GITE\/wp-content\/uploads\/2017\/04\/Page_Immanquables_A-1024x394.jpg 1024w\" sizes=\"(max-width: 1234px) 100vw, 1234px\" \/><\/p>\n<hr \/>\n<h1>Quelques LIENS &#8230;<\/h1>\n<blockquote><p><span style=\"color: #333333;\"><strong>La Parenth\u00e8se aime aussi :<\/strong><\/span><\/p>\n<ul>\n<li>&lt; r\u00e9daction r\u00e9serv\u00e9e &gt;<\/li>\n<\/ul>\n<\/blockquote>\n<p>&lt; PAGE EN CONSTRUCTION &#8230; &gt;<\/p>\n<hr \/>\n","protected":false},"excerpt":{"rendered":"<p>Cette page pr\u00e9sente les principales informations concernant l&rsquo;environnement de la maison d&rsquo;h\u00f4tes ainsi que les sites touristiques et les\u00a0activit\u00e9s de pleine nature. Ces pages vous invitent \u00e0 d\u00e9couvrir le village et la r\u00e9gion de Banon, entre Lure, Ventoux et Luberon,&#8230; <\/p>\n","protected":false},"author":1,"featured_media":0,"parent":0,"menu_order":0,"comment_status":"closed","ping_status":"closed","template":"","meta":[],"yoast_head":"<!-- This site is optimized with the Yoast SEO plugin v19.8 - https:\/\/yoast.com\/wordpress\/plugins\/seo\/ -->\n<title>Informations<\/title>\n<meta name=\"description\" content=\"Cette page pr\u00e9sente les principales informations concernant l&#039;environnement de la maison d&#039;h\u00f4tes ainsi que les sites touristiques et les\u00a0activit\u00e9s de\" \/>\n<meta name=\"robots\" content=\"index, follow, max-snippet:-1, max-image-preview:large, max-video-preview:-1\" \/>\n<link rel=\"canonical\" href=\"https:\/\/laparenthese-banon.com\/GITE\/informations\/\" \/>\n<meta property=\"og:locale\" content=\"fr_FR\" \/>\n<meta property=\"og:type\" content=\"article\" \/>\n<meta property=\"og:title\" content=\"Informations\" \/>\n<meta property=\"og:description\" content=\"Cette page pr\u00e9sente les principales informations concernant l&#039;environnement de la maison d&#039;h\u00f4tes ainsi que les sites touristiques et les\u00a0activit\u00e9s de\" \/>\n<meta property=\"og:url\" content=\"https:\/\/laparenthese-banon.com\/GITE\/informations\/\" \/>\n<meta property=\"og:site_name\" content=\"La Parenth\u00e8se Banon\" \/>\n<meta property=\"article:modified_time\" content=\"2019-11-07T15:34:22+00:00\" \/>\n<meta property=\"og:image\" content=\"https:\/\/laparenthese-banon.com\/GITE\/wp-content\/uploads\/2017\/04\/Page_Informations_A.jpg\" \/>\n<meta name=\"twitter:card\" content=\"summary_large_image\" \/>\n<meta name=\"twitter:label1\" content=\"Dur\u00e9e de lecture estim\u00e9e\" \/>\n\t<meta name=\"twitter:data1\" content=\"5 minutes\" \/>\n<script type=\"application\/ld+json\" class=\"yoast-schema-graph\">{\"@context\":\"https:\/\/schema.org\",\"@graph\":[{\"@type\":\"WebPage\",\"@id\":\"https:\/\/laparenthese-banon.com\/GITE\/informations\/\",\"url\":\"https:\/\/laparenthese-banon.com\/GITE\/informations\/\",\"name\":\"Informations\",\"isPartOf\":{\"@id\":\"https:\/\/laparenthese-banon.com\/GITE\/#website\"},\"datePublished\":\"2017-04-26T17:12:12+00:00\",\"dateModified\":\"2019-11-07T15:34:22+00:00\",\"description\":\"Cette page pr\u00e9sente les principales informations concernant l'environnement de la maison d'h\u00f4tes ainsi que les sites touristiques et les\u00a0activit\u00e9s de\",\"breadcrumb\":{\"@id\":\"https:\/\/laparenthese-banon.com\/GITE\/informations\/#breadcrumb\"},\"inLanguage\":\"fr-FR\",\"potentialAction\":[{\"@type\":\"ReadAction\",\"target\":[\"https:\/\/laparenthese-banon.com\/GITE\/informations\/\"]}]},{\"@type\":\"BreadcrumbList\",\"@id\":\"https:\/\/laparenthese-banon.com\/GITE\/informations\/#breadcrumb\",\"itemListElement\":[{\"@type\":\"ListItem\",\"position\":1,\"name\":\"Accueil\",\"item\":\"https:\/\/laparenthese-banon.com\/GITE\/\"},{\"@type\":\"ListItem\",\"position\":2,\"name\":\"Informations\"}]},{\"@type\":\"WebSite\",\"@id\":\"https:\/\/laparenthese-banon.com\/GITE\/#website\",\"url\":\"https:\/\/laparenthese-banon.com\/GITE\/\",\"name\":\"La Parenth\u00e8se Banon\",\"description\":\"Maison d&#039;H\u00f4tes et de Randonneurs en Haute-Provence\",\"potentialAction\":[{\"@type\":\"SearchAction\",\"target\":{\"@type\":\"EntryPoint\",\"urlTemplate\":\"https:\/\/laparenthese-banon.com\/GITE\/?s={search_term_string}\"},\"query-input\":\"required name=search_term_string\"}],\"inLanguage\":\"fr-FR\"}]}<\/script>\n<!-- \/ Yoast SEO plugin. -->","yoast_head_json":{"title":"Informations","description":"Cette page pr\u00e9sente les principales informations concernant l'environnement de la maison d'h\u00f4tes ainsi que les sites touristiques et les\u00a0activit\u00e9s de","robots":{"index":"index","follow":"follow","max-snippet":"max-snippet:-1","max-image-preview":"max-image-preview:large","max-video-preview":"max-video-preview:-1"},"canonical":"https:\/\/laparenthese-banon.com\/GITE\/informations\/","og_locale":"fr_FR","og_type":"article","og_title":"Informations","og_description":"Cette page pr\u00e9sente les principales informations concernant l'environnement de la maison d'h\u00f4tes ainsi que les sites touristiques et les\u00a0activit\u00e9s de","og_url":"https:\/\/laparenthese-banon.com\/GITE\/informations\/","og_site_name":"La Parenth\u00e8se Banon","article_modified_time":"2019-11-07T15:34:22+00:00","og_image":[{"url":"https:\/\/laparenthese-banon.com\/GITE\/wp-content\/uploads\/2017\/04\/Page_Informations_A.jpg"}],"twitter_card":"summary_large_image","twitter_misc":{"Dur\u00e9e de lecture estim\u00e9e":"5 minutes"},"schema":{"@context":"https:\/\/schema.org","@graph":[{"@type":"WebPage","@id":"https:\/\/laparenthese-banon.com\/GITE\/informations\/","url":"https:\/\/laparenthese-banon.com\/GITE\/informations\/","name":"Informations","isPartOf":{"@id":"https:\/\/laparenthese-banon.com\/GITE\/#website"},"datePublished":"2017-04-26T17:12:12+00:00","dateModified":"2019-11-07T15:34:22+00:00","description":"Cette page pr\u00e9sente les principales informations concernant l'environnement de la maison d'h\u00f4tes ainsi que les sites touristiques et les\u00a0activit\u00e9s de","breadcrumb":{"@id":"https:\/\/laparenthese-banon.com\/GITE\/informations\/#breadcrumb"},"inLanguage":"fr-FR","potentialAction":[{"@type":"ReadAction","target":["https:\/\/laparenthese-banon.com\/GITE\/informations\/"]}]},{"@type":"BreadcrumbList","@id":"https:\/\/laparenthese-banon.com\/GITE\/informations\/#breadcrumb","itemListElement":[{"@type":"ListItem","position":1,"name":"Accueil","item":"https:\/\/laparenthese-banon.com\/GITE\/"},{"@type":"ListItem","position":2,"name":"Informations"}]},{"@type":"WebSite","@id":"https:\/\/laparenthese-banon.com\/GITE\/#website","url":"https:\/\/laparenthese-banon.com\/GITE\/","name":"La Parenth\u00e8se Banon","description":"Maison d&#039;H\u00f4tes et de Randonneurs en Haute-Provence","potentialAction":[{"@type":"SearchAction","target":{"@type":"EntryPoint","urlTemplate":"https:\/\/laparenthese-banon.com\/GITE\/?s={search_term_string}"},"query-input":"required name=search_term_string"}],"inLanguage":"fr-FR"}]}},"_links":{"self":[{"href":"https:\/\/laparenthese-banon.com\/GITE\/wp-json\/wp\/v2\/pages\/295"}],"collection":[{"href":"https:\/\/laparenthese-banon.com\/GITE\/wp-json\/wp\/v2\/pages"}],"about":[{"href":"https:\/\/laparenthese-banon.com\/GITE\/wp-json\/wp\/v2\/types\/page"}],"author":[{"embeddable":true,"href":"https:\/\/laparenthese-banon.com\/GITE\/wp-json\/wp\/v2\/users\/1"}],"replies":[{"embeddable":true,"href":"https:\/\/laparenthese-banon.com\/GITE\/wp-json\/wp\/v2\/comments?post=295"}],"version-history":[{"count":38,"href":"https:\/\/laparenthese-banon.com\/GITE\/wp-json\/wp\/v2\/pages\/295\/revisions"}],"predecessor-version":[{"id":1191,"href":"https:\/\/laparenthese-banon.com\/GITE\/wp-json\/wp\/v2\/pages\/295\/revisions\/1191"}],"wp:attachment":[{"href":"https:\/\/laparenthese-banon.com\/GITE\/wp-json\/wp\/v2\/media?parent=295"}],"curies":[{"name":"wp","href":"https:\/\/api.w.org\/{rel}","templated":true}]}}