{"id":299,"date":"2017-04-27T17:35:59","date_gmt":"2017-04-27T15:35:59","guid":{"rendered":"http:\/\/laparenthese-banon.com\/GITE\/?page_id=299"},"modified":"2019-11-07T16:46:06","modified_gmt":"2019-11-07T15:46:06","slug":"point-virgule","status":"publish","type":"page","link":"https:\/\/laparenthese-banon.com\/GITE\/les-chambres\/point-virgule\/","title":{"rendered":"Chambre POINT-VIRGULE"},"content":{"rendered":"<blockquote><p>La chambre\u00a0<strong>POINT-VIRGULE<\/strong> vous accueille \u00e0 l&rsquo;\u00e9tage, cot\u00e9 Montagne de Lure. L&rsquo;acc\u00e8s \u00e0 cette chambre s&rsquo;effectue directement par l&rsquo;ext\u00e9rieur par un escalier d\u00e9di\u00e9 (<strong>entr\u00e9e privative<\/strong>). Tr\u00e8s lumineuse, cette chambre dispose de 3 fen\u00eatres et d&rsquo;une porte fen\u00eatre.<\/p>\n<pre><div class=\"clear\"><\/div><a href=\"https:\/\/laparenthese-banon.com\/GITE\/fermeture\/\"  title=\"Bouton RESERVER\" class=\"grad-btn-medium btn-align-left\" style=\"background-color:#62000f; color:#e7e7e7\">RESERVATION clotur\u00e9e<\/a><div class=\"clear\"><\/div><\/pre>\n<\/blockquote>\n<h3>La\u00a0chambre TRIPLE<\/h3>\n<blockquote><p>Parfaite pour un couple avec son entr\u00e9e ind\u00e9pendante, son coin cosy (canap\u00e9) et sa grande penderie,<strong> Point-virgule <\/strong>peut aussi accueillir une famille avec un voire\u00a0deux enfants (lit d&rsquo;appoint en utilisant le lit gigogne). La chambre dispose d&rsquo;une salle d&rsquo;eau priv\u00e9e avec une grande douche \u00e0 l&rsquo;italienne et des toilettes.<\/p><\/blockquote>\n<p>La photo panoramique ci-dessous permet une vue de l&rsquo;ensemble de la chambre avec le lit double et le canap\u00e9-lit.<\/p>\n<p><img loading=\"lazy\" class=\"alignnone size-full wp-image-302\" src=\"http:\/\/laparenthese-banon.com\/GITE\/wp-content\/uploads\/2017\/04\/Page_Chambres_P2.jpg\" alt=\"\" width=\"1238\" height=\"576\" srcset=\"https:\/\/laparenthese-banon.com\/GITE\/wp-content\/uploads\/2017\/04\/Page_Chambres_P2.jpg 1238w, https:\/\/laparenthese-banon.com\/GITE\/wp-content\/uploads\/2017\/04\/Page_Chambres_P2-300x140.jpg 300w, https:\/\/laparenthese-banon.com\/GITE\/wp-content\/uploads\/2017\/04\/Page_Chambres_P2-768x357.jpg 768w, https:\/\/laparenthese-banon.com\/GITE\/wp-content\/uploads\/2017\/04\/Page_Chambres_P2-1024x476.jpg 1024w\" sizes=\"(max-width: 1238px) 100vw, 1238px\" \/><\/p>\n<h3><\/h3>\n<h4>Informations :<\/h4>\n<ul>\n<li>\u2192 Un grand lit de 160\u00d7200, convertible sur demande en deux lits de 80\u00d7200,<br \/>\n\u2192 Un\u00a0canap\u00e9-lit de 90\u00d7190, avec possibilit\u00e9 d&rsquo;utiliser en lit d&rsquo;appoint le lit gigogne de 80&#215;190,<br \/>\n\u2192 Une salle d&rsquo;eau avec une grande douche \u00e0 l&rsquo;italienne et un WC, radiateur s\u00e8che-serviettes, s\u00e8che-cheveux.<br \/>\n\u2192 Plateau de courtoisie (th\u00e9, caf\u00e9).<br \/>\n\u2192 Surfaces : chambre 18,5 m\u00b2, salle d&rsquo;eau 4 m\u00b2.<\/li>\n<\/ul>\n<hr \/>\n<h3>Galerie photos<\/h3>\n\n\t\t<style type=\"text\/css\">\n\t\t\t#gallery-1 {\n\t\t\t\tmargin: auto;\n\t\t\t}\n\t\t\t#gallery-1 .gallery-item {\n\t\t\t\tfloat: left;\n\t\t\t\tmargin-top: 10px;\n\t\t\t\ttext-align: center;\n\t\t\t\twidth: 20%;\n\t\t\t}\n\t\t\t#gallery-1 img {\n\t\t\t\tborder: 2px solid #cfcfcf;\n\t\t\t}\n\t\t\t#gallery-1 .gallery-caption {\n\t\t\t\tmargin-left: 0;\n\t\t\t}\n\t\t\t\/* see gallery_shortcode() in wp-includes\/media.php *\/\n\t\t<\/style>\n\t\t<div id='gallery-1' class='gallery galleryid-299 gallery-columns-5 gallery-size-thumbnail'><dl class='gallery-item'>\n\t\t\t<dt class='gallery-icon landscape'>\n\t\t\t\t<a href='https:\/\/laparenthese-banon.com\/GITE\/wp-content\/uploads\/2017\/04\/Page_Chambres_F4-1.jpg' title=\"\" data-rl_title=\"\" class=\"rl-gallery-link\" data-rl_caption=\"\" data-rel=\"lightbox-gallery-1\"><img width=\"150\" height=\"150\" src=\"https:\/\/laparenthese-banon.com\/GITE\/wp-content\/uploads\/2017\/04\/Page_Chambres_F4-1-150x150.jpg\" class=\"attachment-thumbnail size-thumbnail\" alt=\"\" loading=\"lazy\" aria-describedby=\"gallery-1-308\" \/><\/a>\n\t\t\t<\/dt>\n\t\t\t\t<dd class='wp-caption-text gallery-caption' id='gallery-1-308'>\n\t\t\t\tChambre ind\u00e9pendante Point Virgule\n\t\t\t\t<\/dd><\/dl><dl class='gallery-item'>\n\t\t\t<dt class='gallery-icon landscape'>\n\t\t\t\t<a href='https:\/\/laparenthese-banon.com\/GITE\/wp-content\/uploads\/2017\/04\/Page_Chambres_F3.jpg' title=\"\" data-rl_title=\"\" class=\"rl-gallery-link\" data-rl_caption=\"\" data-rel=\"lightbox-gallery-1\"><img width=\"150\" height=\"150\" src=\"https:\/\/laparenthese-banon.com\/GITE\/wp-content\/uploads\/2017\/04\/Page_Chambres_F3-150x150.jpg\" class=\"attachment-thumbnail size-thumbnail\" alt=\"\" loading=\"lazy\" aria-describedby=\"gallery-1-150\" \/><\/a>\n\t\t\t<\/dt>\n\t\t\t\t<dd class='wp-caption-text gallery-caption' id='gallery-1-150'>\n\t\t\t\tLit double ou 2 lits simples\n\t\t\t\t<\/dd><\/dl><dl class='gallery-item'>\n\t\t\t<dt class='gallery-icon landscape'>\n\t\t\t\t<a href='https:\/\/laparenthese-banon.com\/GITE\/wp-content\/uploads\/2017\/04\/Page_Chambres_F5.jpg' title=\"\" data-rl_title=\"\" class=\"rl-gallery-link\" data-rl_caption=\"\" data-rel=\"lightbox-gallery-1\"><img width=\"150\" height=\"150\" src=\"https:\/\/laparenthese-banon.com\/GITE\/wp-content\/uploads\/2017\/04\/Page_Chambres_F5-150x150.jpg\" class=\"attachment-thumbnail size-thumbnail\" alt=\"\" loading=\"lazy\" aria-describedby=\"gallery-1-309\" \/><\/a>\n\t\t\t<\/dt>\n\t\t\t\t<dd class='wp-caption-text gallery-caption' id='gallery-1-309'>\n\t\t\t\tLe canap\u00e9 lits gigognes\n\t\t\t\t<\/dd><\/dl><dl class='gallery-item'>\n\t\t\t<dt class='gallery-icon landscape'>\n\t\t\t\t<a href='https:\/\/laparenthese-banon.com\/GITE\/wp-content\/uploads\/2017\/04\/SdE-Point-Virgule_F6.jpg' title=\"\" data-rl_title=\"\" class=\"rl-gallery-link\" data-rl_caption=\"\" data-rel=\"lightbox-gallery-1\"><img width=\"150\" height=\"150\" src=\"https:\/\/laparenthese-banon.com\/GITE\/wp-content\/uploads\/2017\/04\/SdE-Point-Virgule_F6-150x150.jpg\" class=\"attachment-thumbnail size-thumbnail\" alt=\"\" loading=\"lazy\" aria-describedby=\"gallery-1-310\" \/><\/a>\n\t\t\t<\/dt>\n\t\t\t\t<dd class='wp-caption-text gallery-caption' id='gallery-1-310'>\n\t\t\t\tLa salle d&rsquo;eau Point Virgule\n\t\t\t\t<\/dd><\/dl><dl class='gallery-item'>\n\t\t\t<dt class='gallery-icon landscape'>\n\t\t\t\t<a href='https:\/\/laparenthese-banon.com\/GITE\/wp-content\/uploads\/2017\/04\/Page_Chambres_F8.jpg' title=\"\" data-rl_title=\"\" class=\"rl-gallery-link\" data-rl_caption=\"\" data-rel=\"lightbox-gallery-1\"><img width=\"150\" height=\"150\" src=\"https:\/\/laparenthese-banon.com\/GITE\/wp-content\/uploads\/2017\/04\/Page_Chambres_F8-150x150.jpg\" class=\"attachment-thumbnail size-thumbnail\" alt=\"\" loading=\"lazy\" aria-describedby=\"gallery-1-312\" \/><\/a>\n\t\t\t<\/dt>\n\t\t\t\t<dd class='wp-caption-text gallery-caption' id='gallery-1-312'>\n\t\t\t\tEntr\u00e9e ind\u00e9pendante Point Virgule\n\t\t\t\t<\/dd><\/dl><br style=\"clear: both\" \/>\n\t\t<\/div>\n\n","protected":false},"excerpt":{"rendered":"<p>La chambre\u00a0POINT-VIRGULE vous accueille \u00e0 l&rsquo;\u00e9tage, cot\u00e9 Montagne de Lure. L&rsquo;acc\u00e8s \u00e0 cette chambre s&rsquo;effectue directement par l&rsquo;ext\u00e9rieur par un escalier d\u00e9di\u00e9 (entr\u00e9e privative). Tr\u00e8s lumineuse, cette chambre dispose de 3 fen\u00eatres et d&rsquo;une porte fen\u00eatre. La\u00a0chambre TRIPLE Parfaite pour&#8230; <\/p>\n","protected":false},"author":1,"featured_media":301,"parent":129,"menu_order":2,"comment_status":"closed","ping_status":"closed","template":"","meta":[],"yoast_head":"<!-- This site is optimized with the Yoast SEO plugin v19.8 - https:\/\/yoast.com\/wordpress\/plugins\/seo\/ -->\n<title>Chambre POINT-VIRGULE<\/title>\n<meta name=\"description\" content=\"La chambre\u00a0POINT-VIRGULE vous accueille \u00e0 l&#039;\u00e9tage, cot\u00e9 Montagne de Lure. L&#039;acc\u00e8s \u00e0 cette chambre s&#039;effectue directement par l&#039;ext\u00e9rieur par un escalier\" \/>\n<meta name=\"robots\" content=\"index, follow, max-snippet:-1, max-image-preview:large, max-video-preview:-1\" \/>\n<link rel=\"canonical\" href=\"https:\/\/laparenthese-banon.com\/GITE\/les-chambres\/point-virgule\/\" \/>\n<meta property=\"og:locale\" content=\"fr_FR\" \/>\n<meta property=\"og:type\" content=\"article\" \/>\n<meta property=\"og:title\" content=\"Chambre POINT-VIRGULE\" \/>\n<meta property=\"og:description\" content=\"La chambre\u00a0POINT-VIRGULE vous accueille \u00e0 l&#039;\u00e9tage, cot\u00e9 Montagne de Lure. L&#039;acc\u00e8s \u00e0 cette chambre s&#039;effectue directement par l&#039;ext\u00e9rieur par un escalier\" \/>\n<meta property=\"og:url\" content=\"https:\/\/laparenthese-banon.com\/GITE\/les-chambres\/point-virgule\/\" \/>\n<meta property=\"og:site_name\" content=\"La Parenth\u00e8se Banon\" \/>\n<meta property=\"article:modified_time\" content=\"2019-11-07T15:46:06+00:00\" \/>\n<meta property=\"og:image\" content=\"https:\/\/laparenthese-banon.com\/GITE\/wp-content\/uploads\/2017\/04\/Page_Chambres_P1.jpg\" \/>\n\t<meta property=\"og:image:width\" content=\"1400\" \/>\n\t<meta property=\"og:image:height\" content=\"334\" \/>\n\t<meta property=\"og:image:type\" content=\"image\/jpeg\" \/>\n<meta name=\"twitter:card\" content=\"summary_large_image\" \/>\n<meta name=\"twitter:label1\" content=\"Dur\u00e9e de lecture estim\u00e9e\" \/>\n\t<meta name=\"twitter:data1\" content=\"1 minute\" \/>\n<script type=\"application\/ld+json\" class=\"yoast-schema-graph\">{\"@context\":\"https:\/\/schema.org\",\"@graph\":[{\"@type\":\"WebPage\",\"@id\":\"https:\/\/laparenthese-banon.com\/GITE\/les-chambres\/point-virgule\/\",\"url\":\"https:\/\/laparenthese-banon.com\/GITE\/les-chambres\/point-virgule\/\",\"name\":\"Chambre POINT-VIRGULE\",\"isPartOf\":{\"@id\":\"https:\/\/laparenthese-banon.com\/GITE\/#website\"},\"datePublished\":\"2017-04-27T15:35:59+00:00\",\"dateModified\":\"2019-11-07T15:46:06+00:00\",\"description\":\"La chambre\u00a0POINT-VIRGULE vous accueille \u00e0 l'\u00e9tage, cot\u00e9 Montagne de Lure. L'acc\u00e8s \u00e0 cette chambre s'effectue directement par l'ext\u00e9rieur par un escalier\",\"breadcrumb\":{\"@id\":\"https:\/\/laparenthese-banon.com\/GITE\/les-chambres\/point-virgule\/#breadcrumb\"},\"inLanguage\":\"fr-FR\",\"potentialAction\":[{\"@type\":\"ReadAction\",\"target\":[\"https:\/\/laparenthese-banon.com\/GITE\/les-chambres\/point-virgule\/\"]}]},{\"@type\":\"BreadcrumbList\",\"@id\":\"https:\/\/laparenthese-banon.com\/GITE\/les-chambres\/point-virgule\/#breadcrumb\",\"itemListElement\":[{\"@type\":\"ListItem\",\"position\":1,\"name\":\"Accueil\",\"item\":\"https:\/\/laparenthese-banon.com\/GITE\/\"},{\"@type\":\"ListItem\",\"position\":2,\"name\":\"Les chambres\",\"item\":\"https:\/\/laparenthese-banon.com\/GITE\/les-chambres\/\"},{\"@type\":\"ListItem\",\"position\":3,\"name\":\"Chambre POINT-VIRGULE\"}]},{\"@type\":\"WebSite\",\"@id\":\"https:\/\/laparenthese-banon.com\/GITE\/#website\",\"url\":\"https:\/\/laparenthese-banon.com\/GITE\/\",\"name\":\"La Parenth\u00e8se Banon\",\"description\":\"Maison d&#039;H\u00f4tes et de Randonneurs en Haute-Provence\",\"potentialAction\":[{\"@type\":\"SearchAction\",\"target\":{\"@type\":\"EntryPoint\",\"urlTemplate\":\"https:\/\/laparenthese-banon.com\/GITE\/?s={search_term_string}\"},\"query-input\":\"required name=search_term_string\"}],\"inLanguage\":\"fr-FR\"}]}<\/script>\n<!-- \/ Yoast SEO plugin. -->","yoast_head_json":{"title":"Chambre POINT-VIRGULE","description":"La chambre\u00a0POINT-VIRGULE vous accueille \u00e0 l'\u00e9tage, cot\u00e9 Montagne de Lure. L'acc\u00e8s \u00e0 cette chambre s'effectue directement par l'ext\u00e9rieur par un escalier","robots":{"index":"index","follow":"follow","max-snippet":"max-snippet:-1","max-image-preview":"max-image-preview:large","max-video-preview":"max-video-preview:-1"},"canonical":"https:\/\/laparenthese-banon.com\/GITE\/les-chambres\/point-virgule\/","og_locale":"fr_FR","og_type":"article","og_title":"Chambre POINT-VIRGULE","og_description":"La chambre\u00a0POINT-VIRGULE vous accueille \u00e0 l'\u00e9tage, cot\u00e9 Montagne de Lure. L'acc\u00e8s \u00e0 cette chambre s'effectue directement par l'ext\u00e9rieur par un escalier","og_url":"https:\/\/laparenthese-banon.com\/GITE\/les-chambres\/point-virgule\/","og_site_name":"La Parenth\u00e8se Banon","article_modified_time":"2019-11-07T15:46:06+00:00","og_image":[{"width":1400,"height":334,"url":"https:\/\/laparenthese-banon.com\/GITE\/wp-content\/uploads\/2017\/04\/Page_Chambres_P1.jpg","type":"image\/jpeg"}],"twitter_card":"summary_large_image","twitter_misc":{"Dur\u00e9e de lecture estim\u00e9e":"1 minute"},"schema":{"@context":"https:\/\/schema.org","@graph":[{"@type":"WebPage","@id":"https:\/\/laparenthese-banon.com\/GITE\/les-chambres\/point-virgule\/","url":"https:\/\/laparenthese-banon.com\/GITE\/les-chambres\/point-virgule\/","name":"Chambre POINT-VIRGULE","isPartOf":{"@id":"https:\/\/laparenthese-banon.com\/GITE\/#website"},"datePublished":"2017-04-27T15:35:59+00:00","dateModified":"2019-11-07T15:46:06+00:00","description":"La chambre\u00a0POINT-VIRGULE vous accueille \u00e0 l'\u00e9tage, cot\u00e9 Montagne de Lure. L'acc\u00e8s \u00e0 cette chambre s'effectue directement par l'ext\u00e9rieur par un escalier","breadcrumb":{"@id":"https:\/\/laparenthese-banon.com\/GITE\/les-chambres\/point-virgule\/#breadcrumb"},"inLanguage":"fr-FR","potentialAction":[{"@type":"ReadAction","target":["https:\/\/laparenthese-banon.com\/GITE\/les-chambres\/point-virgule\/"]}]},{"@type":"BreadcrumbList","@id":"https:\/\/laparenthese-banon.com\/GITE\/les-chambres\/point-virgule\/#breadcrumb","itemListElement":[{"@type":"ListItem","position":1,"name":"Accueil","item":"https:\/\/laparenthese-banon.com\/GITE\/"},{"@type":"ListItem","position":2,"name":"Les chambres","item":"https:\/\/laparenthese-banon.com\/GITE\/les-chambres\/"},{"@type":"ListItem","position":3,"name":"Chambre POINT-VIRGULE"}]},{"@type":"WebSite","@id":"https:\/\/laparenthese-banon.com\/GITE\/#website","url":"https:\/\/laparenthese-banon.com\/GITE\/","name":"La Parenth\u00e8se Banon","description":"Maison d&#039;H\u00f4tes et de Randonneurs en Haute-Provence","potentialAction":[{"@type":"SearchAction","target":{"@type":"EntryPoint","urlTemplate":"https:\/\/laparenthese-banon.com\/GITE\/?s={search_term_string}"},"query-input":"required name=search_term_string"}],"inLanguage":"fr-FR"}]}},"_links":{"self":[{"href":"https:\/\/laparenthese-banon.com\/GITE\/wp-json\/wp\/v2\/pages\/299"}],"collection":[{"href":"https:\/\/laparenthese-banon.com\/GITE\/wp-json\/wp\/v2\/pages"}],"about":[{"href":"https:\/\/laparenthese-banon.com\/GITE\/wp-json\/wp\/v2\/types\/page"}],"author":[{"embeddable":true,"href":"https:\/\/laparenthese-banon.com\/GITE\/wp-json\/wp\/v2\/users\/1"}],"replies":[{"embeddable":true,"href":"https:\/\/laparenthese-banon.com\/GITE\/wp-json\/wp\/v2\/comments?post=299"}],"version-history":[{"count":7,"href":"https:\/\/laparenthese-banon.com\/GITE\/wp-json\/wp\/v2\/pages\/299\/revisions"}],"predecessor-version":[{"id":1197,"href":"https:\/\/laparenthese-banon.com\/GITE\/wp-json\/wp\/v2\/pages\/299\/revisions\/1197"}],"up":[{"embeddable":true,"href":"https:\/\/laparenthese-banon.com\/GITE\/wp-json\/wp\/v2\/pages\/129"}],"wp:featuredmedia":[{"embeddable":true,"href":"https:\/\/laparenthese-banon.com\/GITE\/wp-json\/wp\/v2\/media\/301"}],"wp:attachment":[{"href":"https:\/\/laparenthese-banon.com\/GITE\/wp-json\/wp\/v2\/media?parent=299"}],"curies":[{"name":"wp","href":"https:\/\/api.w.org\/{rel}","templated":true}]}}