{"id":438,"date":"2017-05-06T14:54:28","date_gmt":"2017-05-06T12:54:28","guid":{"rendered":"http:\/\/laparenthese-banon.com\/GITE\/?page_id=438"},"modified":"2018-10-30T18:27:47","modified_gmt":"2018-10-30T17:27:47","slug":"pays-de-banon","status":"publish","type":"page","link":"https:\/\/laparenthese-banon.com\/GITE\/informations\/pays-de-banon\/","title":{"rendered":"Le PAYS de BANON"},"content":{"rendered":"<blockquote><p>Cette page vous invite \u00e0 d\u00e9couvrir le village et la r\u00e9gion de Banon, entre Lure, Ventoux et Luberon, d\u00e9couvrez les ressources de la Haute Provence, r\u00e9gion authentique o\u00f9 l&rsquo;on respire le plaisir de vivre.<\/p>\n<p>\u21d2 <a href=\"#VILLAGEBANON\">Pr\u00e9sentation du village &#8230;<\/a><br \/>\n\u21d2 <a href=\"#GASTRONOMIETERROIR\">Gastronomie et Terroir &#8230;<\/a><br \/>\n\u21d2 <a href=\"#PATRIMOINEHP\">Le Patrimoine &#8230;<\/a><br \/>\n\u21d2 <a href=\"#VILLAGEAUTOUR\">Quelques liens utiles &#8230;<\/a><\/p><\/blockquote>\n<p><a name=\"VILLAGEBANON\"><\/a><\/p>\n<h3>Le Village de <strong>BANON<\/strong><\/h3>\n<p><strong>Banon\u00a0<\/strong>dans les Alpes de Haute Provence est b\u00e2ti sur la pente d&rsquo;un coteau bien ensoleill\u00e9, le vieux village a conserv\u00e9 son allure m\u00e9di\u00e9vale de bourg fortifi\u00e9, avec ses maisons-remparts, ses passages couverts et son magnifique portail du XIV\u00e8me si\u00e8cle (<a href=\"https:\/\/fr.wikipedia.org\/wiki\/Banon_(Alpes-de-Haute-Provence)\" target=\"_blank\" rel=\"noopener noreferrer\"><strong>Wiki Banon ICI<\/strong><\/a>).<\/p>\n<p>Le village invite \u00e0 parcourir ses ruelles, \u00e0 monter \u00e0 \u00ab l&rsquo;Eglise Haute \u00bb (1652 &#8211; lieu r\u00e9gulier d&rsquo;expositions et de concerts), \u00e0 visiter ses commerces r\u00e9put\u00e9s et \u00e0 profiter de ses terrasses de caf\u00e9.<\/p>\n<p>Le pays de Banon sur les contreforts de la montagne de Lure se situe entre Sisteron, Apt et Forcalquier. Cette terre de Haute-Provence, entre la montagne de Lure au nord, le Luberon au sud et le Ventoux \u00e0 l&rsquo;ouest, pourra satisfaire nombreuses de vos envies de nature, de patrimoine et de douceur de vivre.<\/p>\n<p><a href=\"http:\/\/laparenthese-banon.com\/GITE\/wp-content\/uploads\/2017\/05\/Page_Banon_A.jpg\" data-rel=\"lightbox-image-0\" data-rl_title=\"Page_Banon_A\" data-rl_caption=\"\" title=\"Page_Banon_A\"><img loading=\"lazy\" class=\"aligncenter wp-image-442 size-medium\" src=\"http:\/\/laparenthese-banon.com\/GITE\/wp-content\/uploads\/2017\/05\/Page_Banon_A-300x200.jpg\" alt=\"\" width=\"300\" height=\"200\" srcset=\"https:\/\/laparenthese-banon.com\/GITE\/wp-content\/uploads\/2017\/05\/Page_Banon_A-300x200.jpg 300w, https:\/\/laparenthese-banon.com\/GITE\/wp-content\/uploads\/2017\/05\/Page_Banon_A-768x512.jpg 768w, https:\/\/laparenthese-banon.com\/GITE\/wp-content\/uploads\/2017\/05\/Page_Banon_A-1024x683.jpg 1024w\" sizes=\"(max-width: 300px) 100vw, 300px\" \/><\/a><br \/>\n<a name=\"GASTRONOMIETERROIR\"><\/a><\/p>\n<h3>La Gastronomie et le <strong>TERROIR<\/strong><\/h3>\n<p>Les deux incontournables, <strong>le fromage\u00a0de\u00a0Banon AOP<\/strong>, tome de ch\u00e8vre entour\u00e9e de feuilles de ch\u00e2taigner, et <strong>la brindille<\/strong> (fine saucisse s\u00e8che) nature ou parfum\u00e9e de la\u00a0charcuterie Melchio, mais aussi le miel de lavande.<\/p>\n<div id=\"attachment_446\" style=\"width: 310px\" class=\"wp-caption alignnone\"><a href=\"http:\/\/laparenthese-banon.com\/GITE\/wp-content\/uploads\/2017\/05\/Page_Banon_B.jpg\" data-rel=\"lightbox-image-1\" data-rl_title=\"Page_Banon_B\" data-rl_caption=\"\" title=\"Page_Banon_B\"><img aria-describedby=\"caption-attachment-446\" loading=\"lazy\" class=\"wp-image-446 size-medium\" src=\"http:\/\/laparenthese-banon.com\/GITE\/wp-content\/uploads\/2017\/05\/Page_Banon_B-300x144.jpg\" alt=\"\" width=\"300\" height=\"144\" srcset=\"https:\/\/laparenthese-banon.com\/GITE\/wp-content\/uploads\/2017\/05\/Page_Banon_B-300x144.jpg 300w, https:\/\/laparenthese-banon.com\/GITE\/wp-content\/uploads\/2017\/05\/Page_Banon_B-768x368.jpg 768w, https:\/\/laparenthese-banon.com\/GITE\/wp-content\/uploads\/2017\/05\/Page_Banon_B.jpg 838w\" sizes=\"(max-width: 300px) 100vw, 300px\" \/><\/a><p id=\"caption-attachment-446\" class=\"wp-caption-text\">Pliage des feuilles du Banon AOP<\/p><\/div>\n<p>Visitez l&rsquo;\u00e9comus\u00e9e de la\u00a0Fromagerie de Banon\u00a0ou demandez conseils dans les commerces gastronomiques de Banon ou encore sur les march\u00e9s du samedi et du mardi (actifs toute l&rsquo;ann\u00e9e).<\/p>\n<p>Quel vin (\u00e0 consommer avec mod\u00e9ration) pour accompagner le fromage de ch\u00e8vre ?<br \/>\nD\u00e9guster une ardoise d\u00e9licatement compos\u00e9e de produits du terroir et de verrines d\u00e9licieuses ?<br \/>\nPoussez la porte du bar \u00e0 vin &#8211; caviste\u00a0<a href=\"https:\/\/restaurant-caviste-banon-04.fr\/\" target=\"_blank\" rel=\"noopener noreferrer\"><strong>Les Vins au Vert<\/strong><\/a>, et laissez-vous guider &#8230;<\/p>\n<p>Une belle table \u00e0 Banon ?\u00a0<a href=\"https:\/\/www.latabledepanturle.eu\/\" target=\"_blank\" rel=\"noopener noreferrer\"><strong>La Table de Panturle<\/strong><\/a>\u00a0vous propose son menu carte compos\u00e9 \u00e0 partir d&rsquo;une cuisine du march\u00e9 liant tradition et cr\u00e9ativit\u00e9.<\/p>\n<p>Bref, si l&rsquo;air pur de Haute-Provence vous ouvre l&rsquo;app\u00e9tit, vous n&rsquo;aurez aucun probl\u00e8me pour trouver de quoi vous r\u00e9galer !<br \/>\n<a name=\"PATRIMOINEHP\"><\/a><\/p>\n<h3>Le Patrimoine de <strong>HAUTE-PROVENCE<\/strong><\/h3>\n<p>La Haute-Provence est un pays de pastoralisme et ses bergeries appel\u00e9es \u00ab\u00a0jas\u00a0\u00bb sont de v\u00e9ritables joyaux de l&rsquo;architecture de pierre \u00e9difi\u00e9es pour la plupart au XIX\u00e8me si\u00e8cle.<br \/>\nVous d\u00e9couvrirez ces bergeries et les \u00ab\u00a0cabanons pointues\u00a0\u00bb (des bories) au gr\u00e9 de vos randonn\u00e9es p\u00e9destres ou en VTT, autour de Banon et sur le plateau du Contadour (voir les chemins de pierre s\u00e8che).<\/p>\n<p>Consultez<a href=\"https:\/\/laparenthese-banon.com\/GITE\/pierre-seche-a-banon\/\"><strong> ICI<\/strong> <\/a>l&rsquo;article d\u00e9di\u00e9 aux bergeries de Pierre S\u00e8che.<\/p>\n<p><a href=\"https:\/\/laparenthese-banon.com\/GITE\/pierre-seche-a-banon\/\"><img loading=\"lazy\" class=\"alignnone wp-image-447 size-medium\" src=\"http:\/\/laparenthese-banon.com\/GITE\/wp-content\/uploads\/2017\/05\/Page_Banon_C-300x200.jpg\" alt=\"\" width=\"300\" height=\"200\" srcset=\"https:\/\/laparenthese-banon.com\/GITE\/wp-content\/uploads\/2017\/05\/Page_Banon_C-300x200.jpg 300w, https:\/\/laparenthese-banon.com\/GITE\/wp-content\/uploads\/2017\/05\/Page_Banon_C-768x512.jpg 768w, https:\/\/laparenthese-banon.com\/GITE\/wp-content\/uploads\/2017\/05\/Page_Banon_C-1024x683.jpg 1024w\" sizes=\"(max-width: 300px) 100vw, 300px\" \/><\/a><\/p>\n<p>A banon visitez le vieux village et L&rsquo;\u00e9glise Haute qui abrite d&rsquo;avril \u00e0 octobre des expositions d&rsquo;art, regards crois\u00e9s d&rsquo;artistes peintres, sculpteurs, &#8230; C&rsquo;est \u00e9galement un tr\u00e8s beau lieu de concerts.<br \/>\nSe reporter au\u00a0site de <strong>Banon-Culture<\/strong>\u00a0sur la page \u00ab\u00a0<a href=\"https:\/\/laparenthese-banon.com\/GITE\/banon-culture\/\">Expositions et spectacles vivants \u00e0 Banon<\/a>\u00ab\u00a0.<\/p>\n<p>Dans les environs proches chaque village propose\u00a0de belles visites\u00a0entre patrimoine architectural et jolis points de vue (Simiane la Rotonde, Vach\u00e8res, Forcalquier, Lurs, &#8230; ). Par exemple ne ratez pas le tr\u00e8s beau <strong><a href=\"https:\/\/www.musee-de-salagon.com\/accueil.html\" target=\"_blank\" rel=\"noopener noreferrer\">Prieur\u00e9 de\u00a0Salagon<\/a><\/strong> \u00e0 Mane.<\/p>\n<hr \/>\n<p><a name=\"VILLAGEAUTOUR\"><\/a><\/p>\n<h1>Les villages alentour<\/h1>\n<div><strong><span style=\"color: #333333;\">Quelques liens utiles sur les sites autour de Banon :<\/span><\/strong><\/div>\n<blockquote>\n<div>\n<ul>\n<li><a href=\"https:\/\/www.village-banon.fr\/\" target=\"_blank\" rel=\"noopener noreferrer\">Village de Banon<\/a><\/li>\n<li><a href=\"https:\/\/www.reillanne-en-luberon.com\/\" target=\"_blank\" rel=\"noopener noreferrer\">Village de Reillanne<\/a><\/li>\n<li><a href=\"https:\/\/www.revestdubion.fr\/\" target=\"_blank\" rel=\"noopener noreferrer\">Vilage de Revest-du-Bion<\/a><\/li>\n<li><a href=\"https:\/\/www.simiane-la-rotonde.fr\/\" target=\"_blank\" rel=\"noopener noreferrer\">village de\u00a0Simiane la rotonde<\/a><\/li>\n<li><a href=\"https:\/\/www.saintmichellobservatoire.com\/\" target=\"_blank\" rel=\"noopener noreferrer\">Village de Saint Michel l&rsquo;observatoire<\/a><\/li>\n<li><a href=\"https:\/\/www.musee-de-salagon.com\/\" target=\"_blank\" rel=\"noopener noreferrer\">Mane et le Prieur\u00e9 de Salagon<\/a><\/li>\n<li><a href=\"https:\/\/www.forcalquier.com\/\" target=\"_blank\" rel=\"noopener noreferrer\">Pays de Forcalquier Montagne de Lure<\/a><\/li>\n<li><a class=\"lientrans\" href=\"https:\/\/www.alpes-haute-provence.com\/\" target=\"_blank\" rel=\"noopener noreferrer\">Agence de D\u00e9veloppement Touristique des Alpes de Haute-Provence<\/a><\/li>\n<\/ul>\n<\/div>\n<\/blockquote>\n<div>\n<div><span style=\"color: #333333;\"><strong>Et un peu plus loin :<\/strong><\/span><\/div>\n<\/div>\n<blockquote>\n<div>\n<ul>\n<li><a href=\"https:\/\/www.saultenprovence.com\/\" target=\"_blank\" rel=\"noopener noreferrer\">Pays de Sault<\/a><\/li>\n<li><a href=\"https:\/\/www.ventoux-saveurs.fr\/\" target=\"_blank\" rel=\"noopener noreferrer\">Ventoux saveurs<\/a><\/li>\n<li><a class=\"contenu\" href=\"https:\/\/www.montbrunlesbainsofficedutourisme.fr\/\" target=\"_blank\" rel=\"noopener noreferrer\">Village de Montbrun-les-Bains<\/a><\/li>\n<li><a href=\"https:\/\/giteabanon.fr\/www.ot-monieux.com\" target=\"_blank\" rel=\"noopener noreferrer\">Village de Monieux<\/a><\/li>\n<li><a href=\"https:\/\/www.luberon-apt.fr\/index.php\/fr\/\" target=\"_blank\" rel=\"noopener noreferrer\">Pays d\u2019Apt<\/a><\/li>\n<li><\/li>\n<\/ul>\n<\/div>\n<\/blockquote>\n<div>\n<hr \/>\n<p>&nbsp;<\/p>\n<\/div>\n","protected":false},"excerpt":{"rendered":"<p>Cette page vous invite \u00e0 d\u00e9couvrir le village et la r\u00e9gion de Banon, entre Lure, Ventoux et Luberon, d\u00e9couvrez les ressources de la Haute Provence, r\u00e9gion authentique o\u00f9 l&rsquo;on respire le plaisir de vivre. \u21d2 Pr\u00e9sentation du village &#8230; \u21d2&#8230; <\/p>\n","protected":false},"author":1,"featured_media":0,"parent":295,"menu_order":1,"comment_status":"closed","ping_status":"closed","template":"template-right-sidebar.php","meta":[],"yoast_head":"<!-- This site is optimized with the Yoast SEO plugin v19.8 - https:\/\/yoast.com\/wordpress\/plugins\/seo\/ -->\n<title>Le PAYS de BANON<\/title>\n<meta name=\"description\" content=\"Cette page vous invite \u00e0 d\u00e9couvrir le village et la r\u00e9gion de Banon, entre Lure, Ventoux et Luberon, d\u00e9couvrez les ressources de la Haute Provence, r\u00e9gion\" \/>\n<meta name=\"robots\" content=\"index, follow, max-snippet:-1, max-image-preview:large, max-video-preview:-1\" \/>\n<link rel=\"canonical\" href=\"https:\/\/laparenthese-banon.com\/GITE\/informations\/pays-de-banon\/\" \/>\n<meta property=\"og:locale\" content=\"fr_FR\" \/>\n<meta property=\"og:type\" content=\"article\" \/>\n<meta property=\"og:title\" content=\"Le PAYS de BANON\" \/>\n<meta property=\"og:description\" content=\"Cette page vous invite \u00e0 d\u00e9couvrir le village et la r\u00e9gion de Banon, entre Lure, Ventoux et Luberon, d\u00e9couvrez les ressources de la Haute Provence, r\u00e9gion\" \/>\n<meta property=\"og:url\" content=\"https:\/\/laparenthese-banon.com\/GITE\/informations\/pays-de-banon\/\" \/>\n<meta property=\"og:site_name\" content=\"La Parenth\u00e8se Banon\" \/>\n<meta property=\"article:modified_time\" content=\"2018-10-30T17:27:47+00:00\" \/>\n<meta property=\"og:image\" content=\"http:\/\/laparenthese-banon.com\/GITE\/wp-content\/uploads\/2017\/05\/Page_Banon_A-300x200.jpg\" \/>\n<meta name=\"twitter:card\" content=\"summary_large_image\" \/>\n<meta name=\"twitter:label1\" content=\"Dur\u00e9e de lecture estim\u00e9e\" \/>\n\t<meta name=\"twitter:data1\" content=\"3 minutes\" \/>\n<script type=\"application\/ld+json\" class=\"yoast-schema-graph\">{\"@context\":\"https:\/\/schema.org\",\"@graph\":[{\"@type\":\"WebPage\",\"@id\":\"https:\/\/laparenthese-banon.com\/GITE\/informations\/pays-de-banon\/\",\"url\":\"https:\/\/laparenthese-banon.com\/GITE\/informations\/pays-de-banon\/\",\"name\":\"Le PAYS de BANON\",\"isPartOf\":{\"@id\":\"https:\/\/laparenthese-banon.com\/GITE\/#website\"},\"datePublished\":\"2017-05-06T12:54:28+00:00\",\"dateModified\":\"2018-10-30T17:27:47+00:00\",\"description\":\"Cette page vous invite \u00e0 d\u00e9couvrir le village et la r\u00e9gion de Banon, entre Lure, Ventoux et Luberon, d\u00e9couvrez les ressources de la Haute Provence, r\u00e9gion\",\"breadcrumb\":{\"@id\":\"https:\/\/laparenthese-banon.com\/GITE\/informations\/pays-de-banon\/#breadcrumb\"},\"inLanguage\":\"fr-FR\",\"potentialAction\":[{\"@type\":\"ReadAction\",\"target\":[\"https:\/\/laparenthese-banon.com\/GITE\/informations\/pays-de-banon\/\"]}]},{\"@type\":\"BreadcrumbList\",\"@id\":\"https:\/\/laparenthese-banon.com\/GITE\/informations\/pays-de-banon\/#breadcrumb\",\"itemListElement\":[{\"@type\":\"ListItem\",\"position\":1,\"name\":\"Accueil\",\"item\":\"https:\/\/laparenthese-banon.com\/GITE\/\"},{\"@type\":\"ListItem\",\"position\":2,\"name\":\"Informations\",\"item\":\"https:\/\/laparenthese-banon.com\/GITE\/informations\/\"},{\"@type\":\"ListItem\",\"position\":3,\"name\":\"Le PAYS de BANON\"}]},{\"@type\":\"WebSite\",\"@id\":\"https:\/\/laparenthese-banon.com\/GITE\/#website\",\"url\":\"https:\/\/laparenthese-banon.com\/GITE\/\",\"name\":\"La Parenth\u00e8se Banon\",\"description\":\"Maison d&#039;H\u00f4tes et de Randonneurs en Haute-Provence\",\"potentialAction\":[{\"@type\":\"SearchAction\",\"target\":{\"@type\":\"EntryPoint\",\"urlTemplate\":\"https:\/\/laparenthese-banon.com\/GITE\/?s={search_term_string}\"},\"query-input\":\"required name=search_term_string\"}],\"inLanguage\":\"fr-FR\"}]}<\/script>\n<!-- \/ Yoast SEO plugin. -->","yoast_head_json":{"title":"Le PAYS de BANON","description":"Cette page vous invite \u00e0 d\u00e9couvrir le village et la r\u00e9gion de Banon, entre Lure, Ventoux et Luberon, d\u00e9couvrez les ressources de la Haute Provence, r\u00e9gion","robots":{"index":"index","follow":"follow","max-snippet":"max-snippet:-1","max-image-preview":"max-image-preview:large","max-video-preview":"max-video-preview:-1"},"canonical":"https:\/\/laparenthese-banon.com\/GITE\/informations\/pays-de-banon\/","og_locale":"fr_FR","og_type":"article","og_title":"Le PAYS de BANON","og_description":"Cette page vous invite \u00e0 d\u00e9couvrir le village et la r\u00e9gion de Banon, entre Lure, Ventoux et Luberon, d\u00e9couvrez les ressources de la Haute Provence, r\u00e9gion","og_url":"https:\/\/laparenthese-banon.com\/GITE\/informations\/pays-de-banon\/","og_site_name":"La Parenth\u00e8se Banon","article_modified_time":"2018-10-30T17:27:47+00:00","og_image":[{"url":"http:\/\/laparenthese-banon.com\/GITE\/wp-content\/uploads\/2017\/05\/Page_Banon_A-300x200.jpg"}],"twitter_card":"summary_large_image","twitter_misc":{"Dur\u00e9e de lecture estim\u00e9e":"3 minutes"},"schema":{"@context":"https:\/\/schema.org","@graph":[{"@type":"WebPage","@id":"https:\/\/laparenthese-banon.com\/GITE\/informations\/pays-de-banon\/","url":"https:\/\/laparenthese-banon.com\/GITE\/informations\/pays-de-banon\/","name":"Le PAYS de BANON","isPartOf":{"@id":"https:\/\/laparenthese-banon.com\/GITE\/#website"},"datePublished":"2017-05-06T12:54:28+00:00","dateModified":"2018-10-30T17:27:47+00:00","description":"Cette page vous invite \u00e0 d\u00e9couvrir le village et la r\u00e9gion de Banon, entre Lure, Ventoux et Luberon, d\u00e9couvrez les ressources de la Haute Provence, r\u00e9gion","breadcrumb":{"@id":"https:\/\/laparenthese-banon.com\/GITE\/informations\/pays-de-banon\/#breadcrumb"},"inLanguage":"fr-FR","potentialAction":[{"@type":"ReadAction","target":["https:\/\/laparenthese-banon.com\/GITE\/informations\/pays-de-banon\/"]}]},{"@type":"BreadcrumbList","@id":"https:\/\/laparenthese-banon.com\/GITE\/informations\/pays-de-banon\/#breadcrumb","itemListElement":[{"@type":"ListItem","position":1,"name":"Accueil","item":"https:\/\/laparenthese-banon.com\/GITE\/"},{"@type":"ListItem","position":2,"name":"Informations","item":"https:\/\/laparenthese-banon.com\/GITE\/informations\/"},{"@type":"ListItem","position":3,"name":"Le PAYS de BANON"}]},{"@type":"WebSite","@id":"https:\/\/laparenthese-banon.com\/GITE\/#website","url":"https:\/\/laparenthese-banon.com\/GITE\/","name":"La Parenth\u00e8se Banon","description":"Maison d&#039;H\u00f4tes et de Randonneurs en Haute-Provence","potentialAction":[{"@type":"SearchAction","target":{"@type":"EntryPoint","urlTemplate":"https:\/\/laparenthese-banon.com\/GITE\/?s={search_term_string}"},"query-input":"required name=search_term_string"}],"inLanguage":"fr-FR"}]}},"_links":{"self":[{"href":"https:\/\/laparenthese-banon.com\/GITE\/wp-json\/wp\/v2\/pages\/438"}],"collection":[{"href":"https:\/\/laparenthese-banon.com\/GITE\/wp-json\/wp\/v2\/pages"}],"about":[{"href":"https:\/\/laparenthese-banon.com\/GITE\/wp-json\/wp\/v2\/types\/page"}],"author":[{"embeddable":true,"href":"https:\/\/laparenthese-banon.com\/GITE\/wp-json\/wp\/v2\/users\/1"}],"replies":[{"embeddable":true,"href":"https:\/\/laparenthese-banon.com\/GITE\/wp-json\/wp\/v2\/comments?post=438"}],"version-history":[{"count":16,"href":"https:\/\/laparenthese-banon.com\/GITE\/wp-json\/wp\/v2\/pages\/438\/revisions"}],"predecessor-version":[{"id":1017,"href":"https:\/\/laparenthese-banon.com\/GITE\/wp-json\/wp\/v2\/pages\/438\/revisions\/1017"}],"up":[{"embeddable":true,"href":"https:\/\/laparenthese-banon.com\/GITE\/wp-json\/wp\/v2\/pages\/295"}],"wp:attachment":[{"href":"https:\/\/laparenthese-banon.com\/GITE\/wp-json\/wp\/v2\/media?parent=438"}],"curies":[{"name":"wp","href":"https:\/\/api.w.org\/{rel}","templated":true}]}}