{"id":485,"date":"2017-05-09T19:42:29","date_gmt":"2017-05-09T17:42:29","guid":{"rendered":"http:\/\/laparenthese-banon.com\/GITE\/?page_id=485"},"modified":"2017-11-30T17:51:31","modified_gmt":"2017-11-30T16:51:31","slug":"journal","status":"publish","type":"page","link":"https:\/\/laparenthese-banon.com\/GITE\/contact\/journal\/","title":{"rendered":"Journal"},"content":{"rendered":"<blockquote><p>Les derniers articles et les commentaires<\/p><\/blockquote>\n<h3>Journal <strong>La Parenth\u00e8se<\/strong><\/h3>\n<p>&nbsp;<\/p>\n","protected":false},"excerpt":{"rendered":"<p>Les derniers articles et les commentaires Journal La Parenth\u00e8se &nbsp;<\/p>\n","protected":false},"author":1,"featured_media":0,"parent":282,"menu_order":2,"comment_status":"open","ping_status":"closed","template":"blog-right-sidebar.php","meta":[],"yoast_head":"<!-- This site is optimized with the Yoast SEO plugin v19.8 - https:\/\/yoast.com\/wordpress\/plugins\/seo\/ -->\n<title>Journal<\/title>\n<meta name=\"description\" content=\"Retrouvez les \u00e9v\u00e9nements et les informations concernant la maison d&#039;h\u00f4tes ainsi que l&#039;actualit\u00e9 de Banon et des la Haute-Provence.\" \/>\n<meta name=\"robots\" content=\"index, follow, max-snippet:-1, max-image-preview:large, max-video-preview:-1\" \/>\n<link rel=\"canonical\" href=\"https:\/\/laparenthese-banon.com\/GITE\/contact\/journal\/\" \/>\n<meta property=\"og:locale\" content=\"fr_FR\" \/>\n<meta property=\"og:type\" content=\"article\" \/>\n<meta property=\"og:title\" content=\"Journal\" \/>\n<meta property=\"og:description\" content=\"Retrouvez les \u00e9v\u00e9nements et les informations concernant la maison d&#039;h\u00f4tes ainsi que l&#039;actualit\u00e9 de Banon et des la Haute-Provence.\" \/>\n<meta property=\"og:url\" content=\"https:\/\/laparenthese-banon.com\/GITE\/contact\/journal\/\" \/>\n<meta property=\"og:site_name\" content=\"La Parenth\u00e8se Banon\" \/>\n<meta property=\"article:modified_time\" content=\"2017-11-30T16:51:31+00:00\" \/>\n<meta name=\"twitter:card\" content=\"summary_large_image\" \/>\n<script type=\"application\/ld+json\" class=\"yoast-schema-graph\">{\"@context\":\"https:\/\/schema.org\",\"@graph\":[{\"@type\":\"WebPage\",\"@id\":\"https:\/\/laparenthese-banon.com\/GITE\/contact\/journal\/\",\"url\":\"https:\/\/laparenthese-banon.com\/GITE\/contact\/journal\/\",\"name\":\"Journal\",\"isPartOf\":{\"@id\":\"https:\/\/laparenthese-banon.com\/GITE\/#website\"},\"datePublished\":\"2017-05-09T17:42:29+00:00\",\"dateModified\":\"2017-11-30T16:51:31+00:00\",\"description\":\"Retrouvez les \u00e9v\u00e9nements et les informations concernant la maison d'h\u00f4tes ainsi que l'actualit\u00e9 de Banon et des la Haute-Provence.\",\"breadcrumb\":{\"@id\":\"https:\/\/laparenthese-banon.com\/GITE\/contact\/journal\/#breadcrumb\"},\"inLanguage\":\"fr-FR\",\"potentialAction\":[{\"@type\":\"ReadAction\",\"target\":[\"https:\/\/laparenthese-banon.com\/GITE\/contact\/journal\/\"]}]},{\"@type\":\"BreadcrumbList\",\"@id\":\"https:\/\/laparenthese-banon.com\/GITE\/contact\/journal\/#breadcrumb\",\"itemListElement\":[{\"@type\":\"ListItem\",\"position\":1,\"name\":\"Accueil\",\"item\":\"https:\/\/laparenthese-banon.com\/GITE\/\"},{\"@type\":\"ListItem\",\"position\":2,\"name\":\"Contact\",\"item\":\"https:\/\/laparenthese-banon.com\/GITE\/contact\/\"},{\"@type\":\"ListItem\",\"position\":3,\"name\":\"Journal\"}]},{\"@type\":\"WebSite\",\"@id\":\"https:\/\/laparenthese-banon.com\/GITE\/#website\",\"url\":\"https:\/\/laparenthese-banon.com\/GITE\/\",\"name\":\"La Parenth\u00e8se Banon\",\"description\":\"Maison d&#039;H\u00f4tes et de Randonneurs en Haute-Provence\",\"potentialAction\":[{\"@type\":\"SearchAction\",\"target\":{\"@type\":\"EntryPoint\",\"urlTemplate\":\"https:\/\/laparenthese-banon.com\/GITE\/?s={search_term_string}\"},\"query-input\":\"required name=search_term_string\"}],\"inLanguage\":\"fr-FR\"}]}<\/script>\n<!-- \/ Yoast SEO plugin. -->","yoast_head_json":{"title":"Journal","description":"Retrouvez les \u00e9v\u00e9nements et les informations concernant la maison d'h\u00f4tes ainsi que l'actualit\u00e9 de Banon et des la Haute-Provence.","robots":{"index":"index","follow":"follow","max-snippet":"max-snippet:-1","max-image-preview":"max-image-preview:large","max-video-preview":"max-video-preview:-1"},"canonical":"https:\/\/laparenthese-banon.com\/GITE\/contact\/journal\/","og_locale":"fr_FR","og_type":"article","og_title":"Journal","og_description":"Retrouvez les \u00e9v\u00e9nements et les informations concernant la maison d'h\u00f4tes ainsi que l'actualit\u00e9 de Banon et des la Haute-Provence.","og_url":"https:\/\/laparenthese-banon.com\/GITE\/contact\/journal\/","og_site_name":"La Parenth\u00e8se Banon","article_modified_time":"2017-11-30T16:51:31+00:00","twitter_card":"summary_large_image","schema":{"@context":"https:\/\/schema.org","@graph":[{"@type":"WebPage","@id":"https:\/\/laparenthese-banon.com\/GITE\/contact\/journal\/","url":"https:\/\/laparenthese-banon.com\/GITE\/contact\/journal\/","name":"Journal","isPartOf":{"@id":"https:\/\/laparenthese-banon.com\/GITE\/#website"},"datePublished":"2017-05-09T17:42:29+00:00","dateModified":"2017-11-30T16:51:31+00:00","description":"Retrouvez les \u00e9v\u00e9nements et les informations concernant la maison d'h\u00f4tes ainsi que l'actualit\u00e9 de Banon et des la Haute-Provence.","breadcrumb":{"@id":"https:\/\/laparenthese-banon.com\/GITE\/contact\/journal\/#breadcrumb"},"inLanguage":"fr-FR","potentialAction":[{"@type":"ReadAction","target":["https:\/\/laparenthese-banon.com\/GITE\/contact\/journal\/"]}]},{"@type":"BreadcrumbList","@id":"https:\/\/laparenthese-banon.com\/GITE\/contact\/journal\/#breadcrumb","itemListElement":[{"@type":"ListItem","position":1,"name":"Accueil","item":"https:\/\/laparenthese-banon.com\/GITE\/"},{"@type":"ListItem","position":2,"name":"Contact","item":"https:\/\/laparenthese-banon.com\/GITE\/contact\/"},{"@type":"ListItem","position":3,"name":"Journal"}]},{"@type":"WebSite","@id":"https:\/\/laparenthese-banon.com\/GITE\/#website","url":"https:\/\/laparenthese-banon.com\/GITE\/","name":"La Parenth\u00e8se Banon","description":"Maison d&#039;H\u00f4tes et de Randonneurs en Haute-Provence","potentialAction":[{"@type":"SearchAction","target":{"@type":"EntryPoint","urlTemplate":"https:\/\/laparenthese-banon.com\/GITE\/?s={search_term_string}"},"query-input":"required name=search_term_string"}],"inLanguage":"fr-FR"}]}},"_links":{"self":[{"href":"https:\/\/laparenthese-banon.com\/GITE\/wp-json\/wp\/v2\/pages\/485"}],"collection":[{"href":"https:\/\/laparenthese-banon.com\/GITE\/wp-json\/wp\/v2\/pages"}],"about":[{"href":"https:\/\/laparenthese-banon.com\/GITE\/wp-json\/wp\/v2\/types\/page"}],"author":[{"embeddable":true,"href":"https:\/\/laparenthese-banon.com\/GITE\/wp-json\/wp\/v2\/users\/1"}],"replies":[{"embeddable":true,"href":"https:\/\/laparenthese-banon.com\/GITE\/wp-json\/wp\/v2\/comments?post=485"}],"version-history":[{"count":1,"href":"https:\/\/laparenthese-banon.com\/GITE\/wp-json\/wp\/v2\/pages\/485\/revisions"}],"predecessor-version":[{"id":487,"href":"https:\/\/laparenthese-banon.com\/GITE\/wp-json\/wp\/v2\/pages\/485\/revisions\/487"}],"up":[{"embeddable":true,"href":"https:\/\/laparenthese-banon.com\/GITE\/wp-json\/wp\/v2\/pages\/282"}],"wp:attachment":[{"href":"https:\/\/laparenthese-banon.com\/GITE\/wp-json\/wp\/v2\/media?parent=485"}],"curies":[{"name":"wp","href":"https:\/\/api.w.org\/{rel}","templated":true}]}}