{"id":522,"date":"2017-05-10T17:10:21","date_gmt":"2017-05-10T15:10:21","guid":{"rendered":"http:\/\/laparenthese-banon.com\/GITE\/?page_id=522"},"modified":"2017-07-01T09:04:13","modified_gmt":"2017-07-01T07:04:13","slug":"culture-a-banon","status":"publish","type":"page","link":"https:\/\/laparenthese-banon.com\/GITE\/informations\/culture-a-banon\/","title":{"rendered":"Culture \u00e0 BANON"},"content":{"rendered":"<blockquote><p>Cette page vous invite \u00e0 \u00e9couter, lire, visiter, admirer : les activit\u00e9s culturelles au village et autour de Banon.<\/p>\n<p>\u21d2 <a href=\"#AUTOURBANON\">\u00e0 Banon et aux allentours du village &#8230;<\/a><br \/>\n\u21d2 <a href=\"#LEBLEUET\">La Grande Librairie &#8230;<\/a><br \/>\n\u21d2 <a href=\"#ASTROBANON\">Astronomie &#8230;<\/a><\/p><\/blockquote>\n<p><a name=\"AUTOURBANON\"><\/a><\/p>\n<h3>Culture en pays de <strong>BANON<\/strong><\/h3>\n<p><strong>Banon Culture<\/strong> : depuis le printemps 2006, Banon Culture en relation avec L&rsquo;\u00c9glise Haute,\u00a0organise\u00a0r\u00e9guli\u00e8rement d&rsquo;avril \u00e0 octobre des expositions et des spectacles (musique, danse, th\u00e9\u00e2tre, etc&#8230;).<\/p>\n<blockquote><p>Vous trouverez les annonces des manifestations <a href=\"https:\/\/laparenthese-banon.com\/GITE\/banon-culture\/\">Banon-Culture ICI<\/a>.<\/p>\n<p>Agenda des <a href=\"https:\/\/www.village-banon.fr\/fr\/actualites\" target=\"_blank\" rel=\"noopener noreferrer\">manifestations culturelles \u00e0 Banon ICI<\/a>.<\/p><\/blockquote>\n<p><strong>En Haute-Provence<\/strong> : agenda des manifestations culturelles, des f\u00eates de village et des autres \u00e9v\u00e9nements<\/p>\n<blockquote><p>Lien sur\u00a0<a href=\"https:\/\/www.tourisme-alpes-haute-provence.com\/agenda-manifestations\/\" target=\"_blank\" rel=\"noopener noreferrer\">l&rsquo;agenda culturel des Alpes de Haute-Provence<\/a>.<\/p><\/blockquote>\n<p><strong>Les villages proches\u00a0de Banon<\/strong> : l&rsquo;Eglise Saint-Christophe \u00e0 Vach\u00e8res, Le ch\u00e2teau\u00a0\u00e0 Simiane-La-Rotonde et un peu plus loin, Sault-Ventoux.<\/p>\n<blockquote><p><span style=\"color: #730011;\"><strong>L&rsquo;Eglise Saint-Christophe \u00e0 Vach\u00e8res<\/strong><\/span>\u00a0: organisation d&rsquo;expositions et de concerts, visite de l&rsquo;ancienne Eglise r\u00e9nov\u00e9e et du village.Voir\u00a0<a href=\"https:\/\/www.eglise-stchristophe.com\/\" target=\"_blank\" rel=\"noopener noreferrer\">ICI le programme<\/a> de l&rsquo;Eglise Saint-Christophe \u00e0 Vach\u00e8re.<\/p>\n<p><strong><span style=\"color: #730011;\">Le\u00a0Festival International de Musique Ancienne\u00a0de Simiane-La-Rotonde<\/span><\/strong> : un programme de qualit\u00e9 dans le cadre exceptionnel du ch\u00e2teau de Simiane. <a href=\"https:\/\/www.festival-simiane.com\/\" target=\"_blank\" rel=\"noopener noreferrer\">Voir le programme ICI<\/a>.<br \/>\nConsultez \u00e9galement <a href=\"https:\/\/www.simiane-la-rotonde.fr\/\" target=\"_blank\" rel=\"noopener noreferrer\">le\u00a0site du village ICI<\/a>.<\/p>\n<p><a href=\"https:\/\/www.ventoux-sud.com\/agenda\/\" target=\"_blank\" rel=\"noopener noreferrer\">Consultez ICI l&rsquo;agenda<\/a> culturel et le patrimoine du\u00a0<strong><span style=\"color: #730011;\">Pays de Saul<\/span>t<\/strong>, entre Ventoux &#8211; Lure et Luberon.<\/p><\/blockquote>\n<p><a name=\"LEBLEUET\"><\/a><\/p>\n<h3>La librairie <strong>LE BLEUET<\/strong><\/h3>\n<p>Etape incontournable \u00e0 Banon : l&rsquo;incroyable librairie <a href=\"https:\/\/www.lebleuet.fr\/\" target=\"_blank\" rel=\"noopener noreferrer\"><strong>Le Bleuet<\/strong><\/a>, venez vous perdre dans les d\u00e9dales de cette librairie hors norme o\u00f9 vous trouverez surement le bouquin que vous cherchiez depuis longtemps et aussi probablement ceux que vous ne saviez pas que vous cherchiez !<\/p>\n<p>Litt\u00e9rature,\u00a0Essais, Guides touristiques, BD, Arts, etc.\u00a0: vous trouverez \u00e0 Banon, au c\u0153ur du village une des principales librairies de France (cf. le site\u00a0<strong><a href=\"https:\/\/www.lebleuet.fr\/\" target=\"_blank\" rel=\"noopener noreferrer\">Le Bleuet<\/a><\/strong>), en 2016 Isabelle et Marc Gaucherand ont repris la librairie et \u0153uvrent d&rsquo;arrache pied pour que ce beau navire de la culture poursuive son Odyss\u00e9e et embarque avec elle les lecteurs assidus, les curieux et les fl\u00e2neurs, bref tous ceux pour\u00a0qui\u00a0les livres sont importants et pour qui il est essentiel de disposer de lieux de cette qualit\u00e9. Le Bleuet, une vraie mine d&rsquo;ouvrages pour vos apr\u00e8s midi ou soir\u00e9es de lecture sur la terrasse de la Parenth\u00e8se.<\/p>\n<blockquote><p>L&rsquo;actualit\u00e9 de la <strong><a href=\"https:\/\/www.facebook.com\/Librairie.LeBleuet\/\" target=\"_blank\" rel=\"noopener noreferrer\">librairie c&rsquo;est ICI<\/a><\/strong>.<\/p><\/blockquote>\n<p>\n\t\t<style type=\"text\/css\">\n\t\t\t#gallery-1 {\n\t\t\t\tmargin: auto;\n\t\t\t}\n\t\t\t#gallery-1 .gallery-item {\n\t\t\t\tfloat: left;\n\t\t\t\tmargin-top: 10px;\n\t\t\t\ttext-align: center;\n\t\t\t\twidth: 33%;\n\t\t\t}\n\t\t\t#gallery-1 img {\n\t\t\t\tborder: 2px solid #cfcfcf;\n\t\t\t}\n\t\t\t#gallery-1 .gallery-caption {\n\t\t\t\tmargin-left: 0;\n\t\t\t}\n\t\t\t\/* see gallery_shortcode() in wp-includes\/media.php *\/\n\t\t<\/style>\n\t\t<div id='gallery-1' class='gallery galleryid-522 gallery-columns-3 gallery-size-thumbnail'><dl class='gallery-item'>\n\t\t\t<dt class='gallery-icon portrait'>\n\t\t\t\t<a href='https:\/\/laparenthese-banon.com\/GITE\/wp-content\/uploads\/2017\/05\/P1070354.jpg' title=\"\" data-rl_title=\"\" class=\"rl-gallery-link\" data-rl_caption=\"\" data-rel=\"lightbox-gallery-1\"><img width=\"150\" height=\"150\" src=\"https:\/\/laparenthese-banon.com\/GITE\/wp-content\/uploads\/2017\/05\/P1070354-150x150.jpg\" class=\"attachment-thumbnail size-thumbnail\" alt=\"\" loading=\"lazy\" aria-describedby=\"gallery-1-542\" \/><\/a>\n\t\t\t<\/dt>\n\t\t\t\t<dd class='wp-caption-text gallery-caption' id='gallery-1-542'>\n\t\t\t\tLa grande librairie Le Bleuet \u00e0 Banon\n\t\t\t\t<\/dd><\/dl><dl class='gallery-item'>\n\t\t\t<dt class='gallery-icon landscape'>\n\t\t\t\t<a href='https:\/\/laparenthese-banon.com\/GITE\/wp-content\/uploads\/2017\/05\/P1000386.jpg' title=\"\" data-rl_title=\"\" class=\"rl-gallery-link\" data-rl_caption=\"\" data-rel=\"lightbox-gallery-1\"><img width=\"150\" height=\"150\" src=\"https:\/\/laparenthese-banon.com\/GITE\/wp-content\/uploads\/2017\/05\/P1000386-150x150.jpg\" class=\"attachment-thumbnail size-thumbnail\" alt=\"\" loading=\"lazy\" aria-describedby=\"gallery-1-541\" \/><\/a>\n\t\t\t<\/dt>\n\t\t\t\t<dd class='wp-caption-text gallery-caption' id='gallery-1-541'>\n\t\t\t\tDes livres la journ\u00e9e\n\t\t\t\t<\/dd><\/dl><dl class='gallery-item'>\n\t\t\t<dt class='gallery-icon landscape'>\n\t\t\t\t<a href='https:\/\/laparenthese-banon.com\/GITE\/wp-content\/uploads\/2017\/05\/IMG_8830.jpg' title=\"\" data-rl_title=\"\" class=\"rl-gallery-link\" data-rl_caption=\"\" data-rel=\"lightbox-gallery-1\"><img width=\"150\" height=\"150\" src=\"https:\/\/laparenthese-banon.com\/GITE\/wp-content\/uploads\/2017\/05\/IMG_8830-150x150.jpg\" class=\"attachment-thumbnail size-thumbnail\" alt=\"\" loading=\"lazy\" aria-describedby=\"gallery-1-539\" \/><\/a>\n\t\t\t<\/dt>\n\t\t\t\t<dd class='wp-caption-text gallery-caption' id='gallery-1-539'>\n\t\t\t\tDes livres le soir.\n\t\t\t\t<\/dd><\/dl><br style=\"clear: both\" \/><dl class='gallery-item'>\n\t\t\t<dt class='gallery-icon portrait'>\n\t\t\t\t<a href='https:\/\/laparenthese-banon.com\/GITE\/wp-content\/uploads\/2017\/05\/P1090423.jpg' title=\"\" data-rl_title=\"\" class=\"rl-gallery-link\" data-rl_caption=\"\" data-rel=\"lightbox-gallery-1\"><img width=\"150\" height=\"150\" src=\"https:\/\/laparenthese-banon.com\/GITE\/wp-content\/uploads\/2017\/05\/P1090423-150x150.jpg\" class=\"attachment-thumbnail size-thumbnail\" alt=\"\" loading=\"lazy\" aria-describedby=\"gallery-1-538\" \/><\/a>\n\t\t\t<\/dt>\n\t\t\t\t<dd class='wp-caption-text gallery-caption' id='gallery-1-538'>\n\t\t\t\tHivers comme \u00e9t\u00e9\n\t\t\t\t<\/dd><\/dl><dl class='gallery-item'>\n\t\t\t<dt class='gallery-icon landscape'>\n\t\t\t\t<a href='https:\/\/laparenthese-banon.com\/GITE\/wp-content\/uploads\/2017\/05\/LeBleuet_entete.jpg' title=\"\" data-rl_title=\"\" class=\"rl-gallery-link\" data-rl_caption=\"\" data-rel=\"lightbox-gallery-1\"><img width=\"150\" height=\"150\" src=\"https:\/\/laparenthese-banon.com\/GITE\/wp-content\/uploads\/2017\/05\/LeBleuet_entete-150x150.jpg\" class=\"attachment-thumbnail size-thumbnail\" alt=\"\" loading=\"lazy\" aria-describedby=\"gallery-1-540\" \/><\/a>\n\t\t\t<\/dt>\n\t\t\t\t<dd class='wp-caption-text gallery-caption' id='gallery-1-540'>\n\t\t\t\tLa librairie est ouverte tous les jours (du lundi au dimanche, jours f\u00e9ri\u00e9s inclus) de 10h \u00e0 19h non stop.\n\t\t\t\t<\/dd><\/dl><dl class='gallery-item'>\n\t\t\t<dt class='gallery-icon landscape'>\n\t\t\t\t<a href='https:\/\/laparenthese-banon.com\/GITE\/wp-content\/uploads\/2017\/05\/P1010697.jpg' title=\"\" data-rl_title=\"\" class=\"rl-gallery-link\" data-rl_caption=\"\" data-rel=\"lightbox-gallery-1\"><img width=\"150\" height=\"150\" src=\"https:\/\/laparenthese-banon.com\/GITE\/wp-content\/uploads\/2017\/05\/P1010697-150x150.jpg\" class=\"attachment-thumbnail size-thumbnail\" alt=\"\" loading=\"lazy\" aria-describedby=\"gallery-1-747\" \/><\/a>\n\t\t\t<\/dt>\n\t\t\t\t<dd class='wp-caption-text gallery-caption' id='gallery-1-747'>\n\t\t\t\tD\u00e9dicaces au Bleuet pour la F\u00eate du Fromage\n\t\t\t\t<\/dd><\/dl><br style=\"clear: both\" \/>\n\t\t<\/div>\n<br \/>\n<a name=\"ASTROBANON\"><\/a><\/p>\n<h1>Astronomie<\/h1>\n<blockquote><p><strong>Astronomie et ciel nocturne en Haute-Provence<\/strong>\u00a0: le ciel ici est propice \u00e0 l&rsquo;observation astronomique. On trouve \u00e0 proximit\u00e9 de Banon, des installations de tout premier ordre ouvertes au public avec l&rsquo;organisation d&rsquo;exposition, de festival, d&rsquo;observations publiques, de soir\u00e9es d\u00e9couvertes.<\/p><\/blockquote>\n<p><a href=\"http:\/\/laparenthese-banon.com\/GITE\/wp-content\/uploads\/2017\/05\/Page_Culture_B.jpg\" data-rel=\"lightbox-image-6\" data-rl_title=\"Page_Culture_B\" data-rl_caption=\"\" title=\"Page_Culture_B\"><img loading=\"lazy\" class=\"alignnone wp-image-554 size-full\" src=\"http:\/\/laparenthese-banon.com\/GITE\/wp-content\/uploads\/2017\/05\/Page_Culture_B.jpg\" alt=\"\" width=\"760\" height=\"474\" srcset=\"https:\/\/laparenthese-banon.com\/GITE\/wp-content\/uploads\/2017\/05\/Page_Culture_B.jpg 760w, https:\/\/laparenthese-banon.com\/GITE\/wp-content\/uploads\/2017\/05\/Page_Culture_B-300x187.jpg 300w\" sizes=\"(max-width: 760px) 100vw, 760px\" \/><\/a><\/p>\n<p>La montagne de Lure a vu s&rsquo;\u00e9riger un des tout premiers observatoire en France :\u00a0GODEFROY WENDELIN, math\u00e9maticien flamand n\u00e9 en 1580, fut pr\u00e9cepteur dans une riche famille de Forcalquier entre 1598 et 1612. Il cr\u00e9a en <strong>1603<\/strong> un observatoire m\u00e9t\u00e9orologique et astronomique pr\u00e8s de la ligne de cr\u00eate du massif de Lure, sur la calotte herb\u00e9e du Contras, \u00e0 1614 m d&rsquo;altitude. Aujourd&rsquo;hui rien ne subsiste de cet \u00e9difice, cependant en hommage \u00e0 l&rsquo;astronome d\u00e9c\u00e9d\u00e9 en 1667, sur la route vers le pas de la Graille vous trouverez\u00a0sur la gauche en montant une st\u00e8le de 1953 (aujourd&rsquo;hui peu lisible). Elle rappelle l&rsquo;activit\u00e9 de ce scientifique dans la montagne de Lure.<\/p>\n<blockquote><p>Voir les informations et l&rsquo;agenda des manifestations et des visites \u00e0 <strong>Saint Michel l&rsquo;Observatoire<\/strong><\/p>\n<p>Les <a href=\"https:\/\/www.saintmichellobservatoire.com\/astronomie\/historique\" target=\"_blank\" rel=\"noopener noreferrer\">rubriques ASTRO<\/a> sur le site du village de St Michel l&rsquo;Observatoire.<br \/>\net \u00e9galement sur <a href=\"https:\/\/www.obs-hp.fr\/welcome.shtml\" target=\"_blank\" rel=\"noopener noreferrer\">le site\u00a0l&rsquo;Observatoire de Haute-Provence<\/a>,<br \/>\nainsi que sur le <a href=\"https:\/\/www.centre-astro.com\/\" target=\"_blank\" rel=\"noopener noreferrer\">site du\u00a0Centre d&rsquo;Astronomie<\/a>.<\/p><\/blockquote>\n<p>Mais aussi sur le plateau d&rsquo;Albion et la Montagne de Lure<\/p>\n<blockquote><p><a href=\"https:\/\/www.obs-sirene.com\/\" target=\"_blank\" rel=\"noopener noreferrer\">Observatoire astronomique Sirene<\/a> \u00ab\u00a0Le ciel pour tous\u00a0\u00bb<br \/>\n\u00a0\u00bb Situ\u00e9 dans le parc naturel r\u00e9gional du Luberon, sur la commune de Lagarde d&rsquo;Apt, <strong>l&rsquo;observatoire astronomique Sirene<\/strong> accueille tous les publics pour des s\u00e9ances d&rsquo;observation et de d\u00e9couverte du ciel.\u00a0\u00bb<\/p>\n<p><strong>La Soci\u00e9t\u00e9 Astronomique de La Montagne de Lure<\/strong> :\u00a0association \u00abloi 1901\u00bb, sans but lucratif,\u00a0organise des soir\u00e9e d&rsquo;observation publiques ainsi que des soir\u00e9es pour les groupes. Les soir\u00e9es publiques d&rsquo;observation ont lieu \u00e0 l&rsquo;Observatoire Marc Bianchi (Montagne de Lure) en r\u00e8gle g\u00e9n\u00e9rale un samedi soir par mois : <a href=\"https:\/\/www.astrosurf.com\/saml\/SOIREES_DOBSERVATION.html\" target=\"_blank\" rel=\"noopener noreferrer\">toutes les informations ICI<\/a>.<\/p><\/blockquote>\n<div>\n<hr \/>\n<p>&lt; Suite du SITE EN CONSTRUCTION ! &gt;<\/p>\n<\/div>\n","protected":false},"excerpt":{"rendered":"<p>Cette page vous invite \u00e0 \u00e9couter, lire, visiter, admirer : les activit\u00e9s culturelles au village et autour de Banon. \u21d2 \u00e0 Banon et aux allentours du village &#8230; \u21d2 La Grande Librairie &#8230; \u21d2 Astronomie &#8230; Culture en pays de&#8230; <\/p>\n","protected":false},"author":1,"featured_media":549,"parent":295,"menu_order":2,"comment_status":"closed","ping_status":"closed","template":"template-right-sidebar.php","meta":[],"yoast_head":"<!-- This site is optimized with the Yoast SEO plugin v19.8 - https:\/\/yoast.com\/wordpress\/plugins\/seo\/ -->\n<title>Culture \u00e0 BANON<\/title>\n<meta name=\"description\" content=\"Cette page vous invite \u00e0 \u00e9couter, lire, visiter, admirer : les activit\u00e9s culturelles au village et autour de Banon. \u21d2 \u00e0 Banon et aux allentours du village\" \/>\n<meta name=\"robots\" content=\"index, follow, max-snippet:-1, max-image-preview:large, max-video-preview:-1\" \/>\n<link rel=\"canonical\" href=\"https:\/\/laparenthese-banon.com\/GITE\/informations\/culture-a-banon\/\" \/>\n<meta property=\"og:locale\" content=\"fr_FR\" \/>\n<meta property=\"og:type\" content=\"article\" \/>\n<meta property=\"og:title\" content=\"Culture \u00e0 BANON\" \/>\n<meta property=\"og:description\" content=\"Cette page vous invite \u00e0 \u00e9couter, lire, visiter, admirer : les activit\u00e9s culturelles au village et autour de Banon. \u21d2 \u00e0 Banon et aux allentours du village\" \/>\n<meta property=\"og:url\" content=\"https:\/\/laparenthese-banon.com\/GITE\/informations\/culture-a-banon\/\" \/>\n<meta property=\"og:site_name\" content=\"La Parenth\u00e8se Banon\" \/>\n<meta property=\"article:modified_time\" content=\"2017-07-01T07:04:13+00:00\" \/>\n<meta property=\"og:image\" content=\"https:\/\/laparenthese-banon.com\/GITE\/wp-content\/uploads\/2017\/05\/Banner_Culure_Abis.jpg\" \/>\n\t<meta property=\"og:image:width\" content=\"1400\" \/>\n\t<meta property=\"og:image:height\" content=\"334\" \/>\n\t<meta property=\"og:image:type\" content=\"image\/jpeg\" \/>\n<meta name=\"twitter:card\" content=\"summary_large_image\" \/>\n<meta name=\"twitter:label1\" content=\"Dur\u00e9e de lecture estim\u00e9e\" \/>\n\t<meta name=\"twitter:data1\" content=\"3 minutes\" \/>\n<script type=\"application\/ld+json\" class=\"yoast-schema-graph\">{\"@context\":\"https:\/\/schema.org\",\"@graph\":[{\"@type\":\"WebPage\",\"@id\":\"https:\/\/laparenthese-banon.com\/GITE\/informations\/culture-a-banon\/\",\"url\":\"https:\/\/laparenthese-banon.com\/GITE\/informations\/culture-a-banon\/\",\"name\":\"Culture \u00e0 BANON\",\"isPartOf\":{\"@id\":\"https:\/\/laparenthese-banon.com\/GITE\/#website\"},\"datePublished\":\"2017-05-10T15:10:21+00:00\",\"dateModified\":\"2017-07-01T07:04:13+00:00\",\"description\":\"Cette page vous invite \u00e0 \u00e9couter, lire, visiter, admirer : les activit\u00e9s culturelles au village et autour de Banon. \u21d2 \u00e0 Banon et aux allentours du village\",\"breadcrumb\":{\"@id\":\"https:\/\/laparenthese-banon.com\/GITE\/informations\/culture-a-banon\/#breadcrumb\"},\"inLanguage\":\"fr-FR\",\"potentialAction\":[{\"@type\":\"ReadAction\",\"target\":[\"https:\/\/laparenthese-banon.com\/GITE\/informations\/culture-a-banon\/\"]}]},{\"@type\":\"BreadcrumbList\",\"@id\":\"https:\/\/laparenthese-banon.com\/GITE\/informations\/culture-a-banon\/#breadcrumb\",\"itemListElement\":[{\"@type\":\"ListItem\",\"position\":1,\"name\":\"Accueil\",\"item\":\"https:\/\/laparenthese-banon.com\/GITE\/\"},{\"@type\":\"ListItem\",\"position\":2,\"name\":\"Informations\",\"item\":\"https:\/\/laparenthese-banon.com\/GITE\/informations\/\"},{\"@type\":\"ListItem\",\"position\":3,\"name\":\"Culture \u00e0 BANON\"}]},{\"@type\":\"WebSite\",\"@id\":\"https:\/\/laparenthese-banon.com\/GITE\/#website\",\"url\":\"https:\/\/laparenthese-banon.com\/GITE\/\",\"name\":\"La Parenth\u00e8se Banon\",\"description\":\"Maison d&#039;H\u00f4tes et de Randonneurs en Haute-Provence\",\"potentialAction\":[{\"@type\":\"SearchAction\",\"target\":{\"@type\":\"EntryPoint\",\"urlTemplate\":\"https:\/\/laparenthese-banon.com\/GITE\/?s={search_term_string}\"},\"query-input\":\"required name=search_term_string\"}],\"inLanguage\":\"fr-FR\"}]}<\/script>\n<!-- \/ Yoast SEO plugin. -->","yoast_head_json":{"title":"Culture \u00e0 BANON","description":"Cette page vous invite \u00e0 \u00e9couter, lire, visiter, admirer : les activit\u00e9s culturelles au village et autour de Banon. \u21d2 \u00e0 Banon et aux allentours du village","robots":{"index":"index","follow":"follow","max-snippet":"max-snippet:-1","max-image-preview":"max-image-preview:large","max-video-preview":"max-video-preview:-1"},"canonical":"https:\/\/laparenthese-banon.com\/GITE\/informations\/culture-a-banon\/","og_locale":"fr_FR","og_type":"article","og_title":"Culture \u00e0 BANON","og_description":"Cette page vous invite \u00e0 \u00e9couter, lire, visiter, admirer : les activit\u00e9s culturelles au village et autour de Banon. \u21d2 \u00e0 Banon et aux allentours du village","og_url":"https:\/\/laparenthese-banon.com\/GITE\/informations\/culture-a-banon\/","og_site_name":"La Parenth\u00e8se Banon","article_modified_time":"2017-07-01T07:04:13+00:00","og_image":[{"width":1400,"height":334,"url":"https:\/\/laparenthese-banon.com\/GITE\/wp-content\/uploads\/2017\/05\/Banner_Culure_Abis.jpg","type":"image\/jpeg"}],"twitter_card":"summary_large_image","twitter_misc":{"Dur\u00e9e de lecture estim\u00e9e":"3 minutes"},"schema":{"@context":"https:\/\/schema.org","@graph":[{"@type":"WebPage","@id":"https:\/\/laparenthese-banon.com\/GITE\/informations\/culture-a-banon\/","url":"https:\/\/laparenthese-banon.com\/GITE\/informations\/culture-a-banon\/","name":"Culture \u00e0 BANON","isPartOf":{"@id":"https:\/\/laparenthese-banon.com\/GITE\/#website"},"datePublished":"2017-05-10T15:10:21+00:00","dateModified":"2017-07-01T07:04:13+00:00","description":"Cette page vous invite \u00e0 \u00e9couter, lire, visiter, admirer : les activit\u00e9s culturelles au village et autour de Banon. \u21d2 \u00e0 Banon et aux allentours du village","breadcrumb":{"@id":"https:\/\/laparenthese-banon.com\/GITE\/informations\/culture-a-banon\/#breadcrumb"},"inLanguage":"fr-FR","potentialAction":[{"@type":"ReadAction","target":["https:\/\/laparenthese-banon.com\/GITE\/informations\/culture-a-banon\/"]}]},{"@type":"BreadcrumbList","@id":"https:\/\/laparenthese-banon.com\/GITE\/informations\/culture-a-banon\/#breadcrumb","itemListElement":[{"@type":"ListItem","position":1,"name":"Accueil","item":"https:\/\/laparenthese-banon.com\/GITE\/"},{"@type":"ListItem","position":2,"name":"Informations","item":"https:\/\/laparenthese-banon.com\/GITE\/informations\/"},{"@type":"ListItem","position":3,"name":"Culture \u00e0 BANON"}]},{"@type":"WebSite","@id":"https:\/\/laparenthese-banon.com\/GITE\/#website","url":"https:\/\/laparenthese-banon.com\/GITE\/","name":"La Parenth\u00e8se Banon","description":"Maison d&#039;H\u00f4tes et de Randonneurs en Haute-Provence","potentialAction":[{"@type":"SearchAction","target":{"@type":"EntryPoint","urlTemplate":"https:\/\/laparenthese-banon.com\/GITE\/?s={search_term_string}"},"query-input":"required name=search_term_string"}],"inLanguage":"fr-FR"}]}},"_links":{"self":[{"href":"https:\/\/laparenthese-banon.com\/GITE\/wp-json\/wp\/v2\/pages\/522"}],"collection":[{"href":"https:\/\/laparenthese-banon.com\/GITE\/wp-json\/wp\/v2\/pages"}],"about":[{"href":"https:\/\/laparenthese-banon.com\/GITE\/wp-json\/wp\/v2\/types\/page"}],"author":[{"embeddable":true,"href":"https:\/\/laparenthese-banon.com\/GITE\/wp-json\/wp\/v2\/users\/1"}],"replies":[{"embeddable":true,"href":"https:\/\/laparenthese-banon.com\/GITE\/wp-json\/wp\/v2\/comments?post=522"}],"version-history":[{"count":19,"href":"https:\/\/laparenthese-banon.com\/GITE\/wp-json\/wp\/v2\/pages\/522\/revisions"}],"predecessor-version":[{"id":748,"href":"https:\/\/laparenthese-banon.com\/GITE\/wp-json\/wp\/v2\/pages\/522\/revisions\/748"}],"up":[{"embeddable":true,"href":"https:\/\/laparenthese-banon.com\/GITE\/wp-json\/wp\/v2\/pages\/295"}],"wp:featuredmedia":[{"embeddable":true,"href":"https:\/\/laparenthese-banon.com\/GITE\/wp-json\/wp\/v2\/media\/549"}],"wp:attachment":[{"href":"https:\/\/laparenthese-banon.com\/GITE\/wp-json\/wp\/v2\/media?parent=522"}],"curies":[{"name":"wp","href":"https:\/\/api.w.org\/{rel}","templated":true}]}}