{"id":665,"date":"2017-05-20T12:09:36","date_gmt":"2017-05-20T10:09:36","guid":{"rendered":"http:\/\/laparenthese-banon.com\/GITE\/?page_id=665"},"modified":"2019-04-07T19:39:09","modified_gmt":"2019-04-07T17:39:09","slug":"randos-autour-de-banon","status":"publish","type":"page","link":"https:\/\/laparenthese-banon.com\/GITE\/informations\/randos-autour-de-banon\/","title":{"rendered":"Les Randos \u00e0 Banon"},"content":{"rendered":"\n<blockquote><p>Cette page pr\u00e9sente les randonn\u00e9es p\u00e9destres et VTT autour de Banon : pays de Banon, plateau du Contadour et cr\u00eates de Lure, pays de Forcalquier et nord Luberon, bref la cible est clairement la Haute-Provence.<\/p><p>Cette page est en cours de r\u00e9alisation, elle est donc pour l&rsquo;instant tr\u00e8s loin d&rsquo;\u00eatre exhaustive (le sera t&rsquo;elle jamais &#8230;) !<\/p><pre><strong><span style=\"color: #730011;\">Offrez-vous une Parenth\u00e8se active ou contemplative au c\u0153ur de la Provence de Giono !<\/span><\/strong><\/pre><\/blockquote>\n\n\n\n<h3>Au <strong>sommaire<\/strong><\/h3>\n\n\n\n<div class=\"hold-3box\" style=\"width:width;\"><\/p>\n\n\n\n<ul class=\"list-cuisines\"><li><strong><a href=\"#RANDOPEDESTRE\">Les Randos&nbsp;p\u00e9destres<\/a><\/strong><\/li><li><strong><a href=\"#RANDOVTT\">Les Randos&nbsp;\u00e0 VTT<\/a><\/strong><\/li><li>&#8230;<\/li><li>Liens utiles<\/li><\/ul>\n\n\n\n<p><\/div>\n\n\n\n<h3>La carte des&nbsp;<strong>RANDOS<\/strong><\/h3>\n\n\n\n<blockquote class=\"wp-block-quote\"><p>La carte ci-dessous pr\u00e9sente les randonn\u00e9es dont propos\u00e9es par La Parenh\u00e8se.<br>Selon l&rsquo;avancement des travaux, un topo et une trace GPS seront associ\u00e9s \u00e0 la fiche descriptive de chaque rando.<\/p><p>Cliquez sur \u00ab\u00a0<strong><a href=\"https:\/\/macarte.ign.fr\/carte\/61a5990cd3c9c253cc1f311a1ad2aead\/Banon_Rando\" target=\"_blank\" rel=\"noopener noreferrer\">Afficher la CARTE<\/a><\/strong>\u00a0\u00bb pour acc\u00e9der \u00e0 la carte en plein \u00e9cran.<\/p><\/blockquote>\n\n\n\n<div class=\"one_half name of animation\"><\/p>\n\n\n\n<figure><iframe loading=\"lazy\" src=\"https:\/\/macarte.ign.fr\/carte\/61a5990cd3c9c253cc1f311a1ad2aead\/Banon_Rando\" width=\"360\" height=\"240\" frameborder=\"0\" marginwidth=\"0\" marginheight=\"0\"><\/iframe><\/figure>\n\n\n\n<p><\/div>\n\n\n\n<div class=\"one_half name of animation last_column\">\n\n\n\n<h3><a href=\"https:\/\/macarte.ign.fr\/carte\/61a5990cd3c9c253cc1f311a1ad2aead\/Banon_Rando\" target=\"_blank\" rel=\"noopener noreferrer\">Afficher&nbsp;la <strong>CARTE<\/strong><\/a><\/h3>\n\n\n\n<ul><li>\u21d2 <strong>Zoom<\/strong> \u00ab\u00a0+\u00a0\u00bb et \u00ab\u00a0&#8211;\u00a0\u00bb (ou roulette souris, ou 2 doigts tactiles).<\/li><li>\u21d2 <strong>Centrage<\/strong> de la carte.<\/li><li>\u21d2 S\u00e9lection des \u00e9l\u00e9ments de <strong>cartographie<\/strong> (plan, carte IGN, photos etc.).<\/li><li>\u21d2 Pointer un trac\u00e9 ou un <strong>marqueur<\/strong> pour acc\u00e9der \u00e0 une&nbsp;Rando.<\/li><li>&nbsp;<\/li><\/ul>\n\n\n\n<hr class=\"wp-block-separator\"\/>\n\n\n\n<p><\/div><br><\/p>\n\n\n\n<div style=\"height:56px\" aria-hidden=\"true\" class=\"wp-block-spacer\"><\/div>\n\n\n\n<h3 style=\"text-align:left\">Rando <strong>accompagn\u00e9e<\/strong><\/h3>\n\n\n\n<p>Vous d\u00e9sirez b\u00e9n\u00e9ficier d&rsquo;un guide pour vos randonn\u00e9es, La Parenth\u00e8se vous conseille les services d&rsquo;Hubert BLOND, accompagnateur en montagne et sp\u00e9cialiste des architectures de pierre s\u00e8che et grand connaisseur de la r\u00e9gion.<\/p>\n\n\n\n<blockquote class=\"wp-block-quote\"><p style=\"padding-left: 60px;\">T\u00e9l. <strong>04 92 75 10 22 &#8211; 06 80 02 59 64<\/strong><br>mail : <strong>blond.hubert@yahoo.fr<\/strong><\/p><\/blockquote>\n\n\n\n<div class=\"wp-block-image\"><figure class=\"aligncenter\"><a href=\"http:\/\/www.lebleuet.fr\/9782917395240-parcours-poetiques-du-berger-albert-blond-hubert\/\" target=\"_blank\" rel=\"noopener noreferrer\"><img loading=\"lazy\" width=\"300\" height=\"243\" src=\"http:\/\/laparenthese-banon.com\/GITE\/wp-content\/uploads\/2018\/06\/BergerAlbert_couv-300x243.jpg\" alt=\"\" class=\"wp-image-934\" srcset=\"https:\/\/laparenthese-banon.com\/GITE\/wp-content\/uploads\/2018\/06\/BergerAlbert_couv-300x243.jpg 300w, https:\/\/laparenthese-banon.com\/GITE\/wp-content\/uploads\/2018\/06\/BergerAlbert_couv.jpg 595w\" sizes=\"(max-width: 300px) 100vw, 300px\" \/><\/a><\/figure><\/div>\n\n\n\n<p>Voir \u00e9galement son splendide ouvrage sur le Berger Albert et le patrimoine pastoral de Haute-Provence.<\/p>\n\n\n\n<p>Voir \u00e9galement la page sur <a href=\"https:\/\/laparenthese-banon.com\/GITE\/pierre-seche-a-banon\/\"><strong>le patrimoine pastoral<\/strong><\/a> de Haute-Provence.<\/p>\n\n\n\n<p><a name=\"RANDOPEDESTRE\"><\/a><\/p>\n\n\n\n<hr class=\"wp-block-separator\"\/>\n\n\n\n<h1>Les Randos P\u00e9destres<\/h1>\n\n\n\n<blockquote class=\"wp-block-quote\"><p>Listes des randonn\u00e9es &#8230; &lt; En cours de REDACTION &#8230;&nbsp;&gt;<\/p><\/blockquote>\n\n\n\n<h3>Liste des Topos<\/h3>\n\n\n\n\n<table id=\"tablepress-1\" class=\"tablepress tablepress-id-1\">\n<thead>\n<tr class=\"row-1 odd\">\n\t<th class=\"column-1\">R\u00e9f.<\/th><th class=\"column-2\">Titre<\/th><th class=\"column-3\">Difficult\u00e9<\/th><th class=\"column-4\">Temps<\/th><th class=\"column-5\">Distance<\/th><th class=\"column-6\">D+ (m)<\/th><th class=\"column-7\">D\u00e9part<\/th><th class=\"column-8\">Lien TOPO<\/th><th class=\"column-9\">&nbsp;<\/th>\n<\/tr>\n<\/thead>\n<tbody class=\"row-hover\">\n<tr class=\"row-2 even\">\n\t<td class=\"column-1\">PB4<\/td><td class=\"column-2\">Contadour - Belv\u00e8d\u00e8re du Pape<\/td><td class=\"column-3\">Facile<\/td><td class=\"column-4\">3 \u00e0 4 h<\/td><td class=\"column-5\">11 km<\/td><td class=\"column-6\">350<\/td><td class=\"column-7\">Contadour<\/td><td class=\"column-8\"><a href=\"https:\/\/laparenthese-banon.com\/GITE\/traces-en-cours\/\" target=\"_blank\">Pas de TRACE disponible<\/a><\/td><td class=\"column-9\"><div id=\"attachment_742\" style=\"width: 528px\" class=\"wp-caption alignleft\"><a href=\"https:\/\/laparenthese-banon.com\/GITE\/wp-content\/uploads\/2017\/06\/IGN_TAB_PB4.jpg\" data-rel=\"lightbox-image-0\" data-rl_title=\"IGN_TAB_PB4\" data-rl_caption=\"\" title=\"IGN_TAB_PB4\"><img aria-describedby=\"caption-attachment-742\" src=\"https:\/\/laparenthese-banon.com\/GITE\/wp-content\/uploads\/2017\/06\/IGN_TAB_PB4.jpg\" alt=\"\" width=\"518\" height=\"200\" class=\"size-full wp-image-742\" \/><\/a><p id=\"caption-attachment-742\" class=\"wp-caption-text\">Cr\u00eates de Lure<\/p><\/div><\/td>\n<\/tr>\n<\/tbody>\n<\/table>\n<!-- #tablepress-1 from cache -->\n\n\n\n<h3>Les topos du Tour de Lure<\/h3>\n\n\n\n<blockquote class=\"wp-block-quote\"><p>Outre le \u00ab\u00a0Grand Tour de Lure\u00a0\u00bb (<a href=\"https:\/\/www.tourisme-alpes-haute-provence.com\/gr-de-pays-les-tours-de-lure\/\" target=\"_blank\" rel=\"noopener noreferrer\">cf. GPR correspondant<\/a>), circuit d&rsquo;une semaine, diff\u00e9rentes variantes plus courtes, appel\u00e9es ici \u00ab\u00a0Petit tour de la Montagne de Lure) sont possibles.<\/p><p><a href=\"https:\/\/laparenthese-banon.com\/GITE\/traces-en-cours\/#TOURLURE\">Sont d\u00e9crit ici quelques suggestions de circuits autour de Banon.<\/a><\/p><\/blockquote>\n\n\n\n<div class=\"wp-block-image\"><figure class=\"aligncenter\"><a href=\"https:\/\/laparenthese-banon.com\/GITE\/wp-content\/uploads\/2017\/05\/TL3-4_GEN.jpg\" data-rel=\"lightbox-image-1\" data-rl_title=\"TL3-4_GEN\" data-rl_caption=\"\" title=\"TL3-4_GEN\"><img loading=\"lazy\" width=\"297\" height=\"300\" src=\"https:\/\/laparenthese-banon.com\/GITE\/wp-content\/uploads\/2017\/05\/TL3-4_GEN-297x300.jpg\" alt=\"\" class=\"wp-image-850\" srcset=\"https:\/\/laparenthese-banon.com\/GITE\/wp-content\/uploads\/2017\/05\/TL3-4_GEN-297x300.jpg 297w, https:\/\/laparenthese-banon.com\/GITE\/wp-content\/uploads\/2017\/05\/TL3-4_GEN.jpg 526w\" sizes=\"(max-width: 297px) 100vw, 297px\" \/><\/a><figcaption>Circuits \u00ab\u00a0Petits Tour de Lure\u00a0\u00bb autour de Banon<\/figcaption><\/figure><\/div>\n\n\n\n<p><a name=\"RANDOVTT\"><\/a><\/p>\n\n\n\n<hr class=\"wp-block-separator\"\/>\n\n\n\n<h1>Les Randos VTT<\/h1>\n\n\n\n<blockquote class=\"wp-block-quote\"><p>Listes des randonn\u00e9es &#8230; &lt; REDACTION \u00e0 VENIR &#8230;&nbsp;&gt;<\/p><\/blockquote>\n\n\n\n<h3>LIENS activit\u00e9s VTT<\/h3>\n\n\n\n<blockquote class=\"wp-block-quote\"><p><strong><a href=\"http:\/\/www.vtt.alpes-haute-provence.fr\/\" target=\"_blank\" rel=\"noopener noreferrer\">Le site du VTT du d\u00e9partement Alpes de Haute-Provence<\/a><\/strong>.<\/p><p><strong><a href=\"https:\/\/www.tourisme-alpes-haute-provence.com\/le-vtt\/\" target=\"_blank\" rel=\"noopener noreferrer\">Le site VTT d\u00e9di\u00e9 \u00e0 la Haute-Provence<\/a><\/strong>.<\/p><p><strong><a href=\"http:\/\/randovttbanon.fr\/\" target=\"_blank\" rel=\"noopener noreferrer\">La Rando du Fromage \u00e0 Banon<\/a><\/strong>.<\/p><\/blockquote>\n\n\n\n<hr class=\"wp-block-separator\"\/>\n","protected":false},"excerpt":{"rendered":"<p>Cette page pr\u00e9sente les randonn\u00e9es p\u00e9destres et VTT autour de Banon : pays de Banon, plateau du Contadour et cr\u00eates de Lure, pays de Forcalquier et nord Luberon, bref la cible est clairement la Haute-Provence. Cette page est en cours&#8230; <\/p>\n","protected":false},"author":1,"featured_media":0,"parent":295,"menu_order":0,"comment_status":"closed","ping_status":"closed","template":"","meta":[],"yoast_head":"<!-- This site is optimized with the Yoast SEO plugin v19.8 - https:\/\/yoast.com\/wordpress\/plugins\/seo\/ -->\n<title>Les Randos \u00e0 Banon<\/title>\n<meta name=\"description\" content=\"Cette page pr\u00e9sente les randonn\u00e9es p\u00e9destres et VTT autour de Banon : pays de Banon, plateau du Contadour et cr\u00eates de Lure, pays de Forcalquier et nord\" \/>\n<meta name=\"robots\" content=\"index, follow, max-snippet:-1, max-image-preview:large, max-video-preview:-1\" \/>\n<link rel=\"canonical\" href=\"https:\/\/laparenthese-banon.com\/GITE\/informations\/randos-autour-de-banon\/\" \/>\n<meta property=\"og:locale\" content=\"fr_FR\" \/>\n<meta property=\"og:type\" content=\"article\" \/>\n<meta property=\"og:title\" content=\"Les Randos \u00e0 Banon\" \/>\n<meta property=\"og:description\" content=\"Cette page pr\u00e9sente les randonn\u00e9es p\u00e9destres et VTT autour de Banon : pays de Banon, plateau du Contadour et cr\u00eates de Lure, pays de Forcalquier et nord\" \/>\n<meta property=\"og:url\" content=\"https:\/\/laparenthese-banon.com\/GITE\/informations\/randos-autour-de-banon\/\" \/>\n<meta property=\"og:site_name\" content=\"La Parenth\u00e8se Banon\" \/>\n<meta property=\"article:modified_time\" content=\"2019-04-07T17:39:09+00:00\" \/>\n<meta property=\"og:image\" content=\"http:\/\/laparenthese-banon.com\/GITE\/wp-content\/uploads\/2018\/06\/BergerAlbert_couv-300x243.jpg\" \/>\n<meta name=\"twitter:card\" content=\"summary_large_image\" \/>\n<meta name=\"twitter:label1\" content=\"Dur\u00e9e de lecture estim\u00e9e\" \/>\n\t<meta name=\"twitter:data1\" content=\"2 minutes\" \/>\n<script type=\"application\/ld+json\" class=\"yoast-schema-graph\">{\"@context\":\"https:\/\/schema.org\",\"@graph\":[{\"@type\":\"WebPage\",\"@id\":\"https:\/\/laparenthese-banon.com\/GITE\/informations\/randos-autour-de-banon\/\",\"url\":\"https:\/\/laparenthese-banon.com\/GITE\/informations\/randos-autour-de-banon\/\",\"name\":\"Les Randos \u00e0 Banon\",\"isPartOf\":{\"@id\":\"https:\/\/laparenthese-banon.com\/GITE\/#website\"},\"datePublished\":\"2017-05-20T10:09:36+00:00\",\"dateModified\":\"2019-04-07T17:39:09+00:00\",\"description\":\"Cette page pr\u00e9sente les randonn\u00e9es p\u00e9destres et VTT autour de Banon : pays de Banon, plateau du Contadour et cr\u00eates de Lure, pays de Forcalquier et nord\",\"breadcrumb\":{\"@id\":\"https:\/\/laparenthese-banon.com\/GITE\/informations\/randos-autour-de-banon\/#breadcrumb\"},\"inLanguage\":\"fr-FR\",\"potentialAction\":[{\"@type\":\"ReadAction\",\"target\":[\"https:\/\/laparenthese-banon.com\/GITE\/informations\/randos-autour-de-banon\/\"]}]},{\"@type\":\"BreadcrumbList\",\"@id\":\"https:\/\/laparenthese-banon.com\/GITE\/informations\/randos-autour-de-banon\/#breadcrumb\",\"itemListElement\":[{\"@type\":\"ListItem\",\"position\":1,\"name\":\"Accueil\",\"item\":\"https:\/\/laparenthese-banon.com\/GITE\/\"},{\"@type\":\"ListItem\",\"position\":2,\"name\":\"Informations\",\"item\":\"https:\/\/laparenthese-banon.com\/GITE\/informations\/\"},{\"@type\":\"ListItem\",\"position\":3,\"name\":\"Les Randos \u00e0 Banon\"}]},{\"@type\":\"WebSite\",\"@id\":\"https:\/\/laparenthese-banon.com\/GITE\/#website\",\"url\":\"https:\/\/laparenthese-banon.com\/GITE\/\",\"name\":\"La Parenth\u00e8se Banon\",\"description\":\"Maison d&#039;H\u00f4tes et de Randonneurs en Haute-Provence\",\"potentialAction\":[{\"@type\":\"SearchAction\",\"target\":{\"@type\":\"EntryPoint\",\"urlTemplate\":\"https:\/\/laparenthese-banon.com\/GITE\/?s={search_term_string}\"},\"query-input\":\"required name=search_term_string\"}],\"inLanguage\":\"fr-FR\"}]}<\/script>\n<!-- \/ Yoast SEO plugin. -->","yoast_head_json":{"title":"Les Randos \u00e0 Banon","description":"Cette page pr\u00e9sente les randonn\u00e9es p\u00e9destres et VTT autour de Banon : pays de Banon, plateau du Contadour et cr\u00eates de Lure, pays de Forcalquier et nord","robots":{"index":"index","follow":"follow","max-snippet":"max-snippet:-1","max-image-preview":"max-image-preview:large","max-video-preview":"max-video-preview:-1"},"canonical":"https:\/\/laparenthese-banon.com\/GITE\/informations\/randos-autour-de-banon\/","og_locale":"fr_FR","og_type":"article","og_title":"Les Randos \u00e0 Banon","og_description":"Cette page pr\u00e9sente les randonn\u00e9es p\u00e9destres et VTT autour de Banon : pays de Banon, plateau du Contadour et cr\u00eates de Lure, pays de Forcalquier et nord","og_url":"https:\/\/laparenthese-banon.com\/GITE\/informations\/randos-autour-de-banon\/","og_site_name":"La Parenth\u00e8se Banon","article_modified_time":"2019-04-07T17:39:09+00:00","og_image":[{"url":"http:\/\/laparenthese-banon.com\/GITE\/wp-content\/uploads\/2018\/06\/BergerAlbert_couv-300x243.jpg"}],"twitter_card":"summary_large_image","twitter_misc":{"Dur\u00e9e de lecture estim\u00e9e":"2 minutes"},"schema":{"@context":"https:\/\/schema.org","@graph":[{"@type":"WebPage","@id":"https:\/\/laparenthese-banon.com\/GITE\/informations\/randos-autour-de-banon\/","url":"https:\/\/laparenthese-banon.com\/GITE\/informations\/randos-autour-de-banon\/","name":"Les Randos \u00e0 Banon","isPartOf":{"@id":"https:\/\/laparenthese-banon.com\/GITE\/#website"},"datePublished":"2017-05-20T10:09:36+00:00","dateModified":"2019-04-07T17:39:09+00:00","description":"Cette page pr\u00e9sente les randonn\u00e9es p\u00e9destres et VTT autour de Banon : pays de Banon, plateau du Contadour et cr\u00eates de Lure, pays de Forcalquier et nord","breadcrumb":{"@id":"https:\/\/laparenthese-banon.com\/GITE\/informations\/randos-autour-de-banon\/#breadcrumb"},"inLanguage":"fr-FR","potentialAction":[{"@type":"ReadAction","target":["https:\/\/laparenthese-banon.com\/GITE\/informations\/randos-autour-de-banon\/"]}]},{"@type":"BreadcrumbList","@id":"https:\/\/laparenthese-banon.com\/GITE\/informations\/randos-autour-de-banon\/#breadcrumb","itemListElement":[{"@type":"ListItem","position":1,"name":"Accueil","item":"https:\/\/laparenthese-banon.com\/GITE\/"},{"@type":"ListItem","position":2,"name":"Informations","item":"https:\/\/laparenthese-banon.com\/GITE\/informations\/"},{"@type":"ListItem","position":3,"name":"Les Randos \u00e0 Banon"}]},{"@type":"WebSite","@id":"https:\/\/laparenthese-banon.com\/GITE\/#website","url":"https:\/\/laparenthese-banon.com\/GITE\/","name":"La Parenth\u00e8se Banon","description":"Maison d&#039;H\u00f4tes et de Randonneurs en Haute-Provence","potentialAction":[{"@type":"SearchAction","target":{"@type":"EntryPoint","urlTemplate":"https:\/\/laparenthese-banon.com\/GITE\/?s={search_term_string}"},"query-input":"required name=search_term_string"}],"inLanguage":"fr-FR"}]}},"_links":{"self":[{"href":"https:\/\/laparenthese-banon.com\/GITE\/wp-json\/wp\/v2\/pages\/665"}],"collection":[{"href":"https:\/\/laparenthese-banon.com\/GITE\/wp-json\/wp\/v2\/pages"}],"about":[{"href":"https:\/\/laparenthese-banon.com\/GITE\/wp-json\/wp\/v2\/types\/page"}],"author":[{"embeddable":true,"href":"https:\/\/laparenthese-banon.com\/GITE\/wp-json\/wp\/v2\/users\/1"}],"replies":[{"embeddable":true,"href":"https:\/\/laparenthese-banon.com\/GITE\/wp-json\/wp\/v2\/comments?post=665"}],"version-history":[{"count":36,"href":"https:\/\/laparenthese-banon.com\/GITE\/wp-json\/wp\/v2\/pages\/665\/revisions"}],"predecessor-version":[{"id":1092,"href":"https:\/\/laparenthese-banon.com\/GITE\/wp-json\/wp\/v2\/pages\/665\/revisions\/1092"}],"up":[{"embeddable":true,"href":"https:\/\/laparenthese-banon.com\/GITE\/wp-json\/wp\/v2\/pages\/295"}],"wp:attachment":[{"href":"https:\/\/laparenthese-banon.com\/GITE\/wp-json\/wp\/v2\/media?parent=665"}],"curies":[{"name":"wp","href":"https:\/\/api.w.org\/{rel}","templated":true}]}}