{"id":799,"date":"2017-10-06T15:15:25","date_gmt":"2017-10-06T13:15:25","guid":{"rendered":"http:\/\/laparenthese-banon.com\/GITE\/?page_id=799"},"modified":"2019-04-26T19:05:27","modified_gmt":"2019-04-26T17:05:27","slug":"contenu-du-site","status":"publish","type":"page","link":"https:\/\/laparenthese-banon.com\/GITE\/la-maison-d-hotes\/contenu-du-site\/","title":{"rendered":"Contenu du site &#8230;"},"content":{"rendered":"\n<blockquote class=\"wp-block-quote\"><p>Plan du site : pour acc\u00e9der \u00e0 l&rsquo;ensemble des pages et des articles du site &#8230;<\/p><cite>Voir \u00e9galement la rubrique <strong><a href=\"https:\/\/laparenthese-banon.com\/GITE\/nouveau-site-internet\/\">A PROPOS<\/a><\/strong>.<\/cite><\/blockquote>\n\n\n\n<h2>Voir&nbsp;le MENU d\u00e9taill\u00e9 ci-contre&nbsp;<strong>\u21d2<\/strong><\/h2>\n\n\n\n<div class=\"wp-block-image\"><figure class=\"alignleft\"><img loading=\"lazy\" width=\"150\" height=\"150\" src=\"http:\/\/laparenthese-banon.com\/GITE\/wp-content\/uploads\/2017\/10\/Annonce_site-150x150.jpg\" alt=\"\" class=\"wp-image-810\"\/><\/figure><\/div>\n\n\n\n<p><strong>Pour acc\u00e9der \u00e0 l&rsquo;ensemble des pages du site voir \u00e0 droite :<\/strong><\/p>\n\n\n\n<hr class=\"wp-block-separator\"\/>\n\n\n\n<div style=\"height:112px\" aria-hidden=\"true\" class=\"wp-block-spacer\"><\/div>\n\n\n\n<h2>La photo du jour &#8230;<\/h2>\n\n\n\n<p><em>Cliquer sur l&rsquo;icone ci-dessous pour acc\u00e9der \u00e0 l&rsquo;album photo \u00ab\u00a0impressions subjectives\u00a0\u00bb de La Parenth\u00e8se.<\/em><\/p>\n\n\n\n<div class=\"wp-block-image\"><figure class=\"alignleft is-resized\"><a href=\"https:\/\/laparenthese-banon.com\/GITE\/galerie-photos\/\"><img loading=\"lazy\" src=\"http:\/\/laparenthese-banon.com\/GITE\/wp-content\/uploads\/2018\/10\/PhotoJour_IconeLogo-300x297.jpg\" alt=\"\" class=\"wp-image-953\" width=\"249\" height=\"247\" srcset=\"https:\/\/laparenthese-banon.com\/GITE\/wp-content\/uploads\/2018\/10\/PhotoJour_IconeLogo-300x297.jpg 300w, https:\/\/laparenthese-banon.com\/GITE\/wp-content\/uploads\/2018\/10\/PhotoJour_IconeLogo-150x150.jpg 150w, https:\/\/laparenthese-banon.com\/GITE\/wp-content\/uploads\/2018\/10\/PhotoJour_IconeLogo.jpg 478w\" sizes=\"(max-width: 249px) 100vw, 249px\" \/><\/a><figcaption>Acc\u00e9der \u00e0 la galerie<\/figcaption><\/figure><\/div>\n\n\n\n<hr class=\"wp-block-separator\"\/>\n\n\n\n<div style=\"height:292px\" aria-hidden=\"true\" class=\"wp-block-spacer\"><\/div>\n\n\n\n<h2 style=\"text-align:left\">Le journal<\/h2>\n\n\n\n<p><em>Cliquer sur l&rsquo;image ci-dessous pour acc\u00e9der au journal de La Parenth\u00e8se.<\/em><\/p>\n\n\n\n<div class=\"wp-block-image\"><figure class=\"alignleft\"><a href=\"https:\/\/laparenthese-banon.com\/GITE\/contact\/journal\/\"><img loading=\"lazy\" width=\"1024\" height=\"458\" src=\"http:\/\/laparenthese-banon.com\/GITE\/wp-content\/uploads\/2017\/10\/Annonce_journal-1024x458.jpg\" alt=\"\" class=\"wp-image-805\" srcset=\"https:\/\/laparenthese-banon.com\/GITE\/wp-content\/uploads\/2017\/10\/Annonce_journal-1024x458.jpg 1024w, https:\/\/laparenthese-banon.com\/GITE\/wp-content\/uploads\/2017\/10\/Annonce_journal-300x134.jpg 300w, https:\/\/laparenthese-banon.com\/GITE\/wp-content\/uploads\/2017\/10\/Annonce_journal-768x344.jpg 768w, https:\/\/laparenthese-banon.com\/GITE\/wp-content\/uploads\/2017\/10\/Annonce_journal.jpg 1296w\" sizes=\"(max-width: 1024px) 100vw, 1024px\" \/><\/a><\/figure><\/div>\n\n\n\n<p><\/p>\n","protected":false},"excerpt":{"rendered":"<p>Plan du site : pour acc\u00e9der \u00e0 l&rsquo;ensemble des pages et des articles du site &#8230; Voir \u00e9galement la rubrique A PROPOS. Voir&nbsp;le MENU d\u00e9taill\u00e9 ci-contre&nbsp;\u21d2 Pour acc\u00e9der \u00e0 l&rsquo;ensemble des pages du site voir \u00e0 droite : La photo&#8230; <\/p>\n","protected":false},"author":1,"featured_media":800,"parent":2,"menu_order":1,"comment_status":"open","ping_status":"closed","template":"template-right-sidebar.php","meta":[],"yoast_head":"<!-- This site is optimized with the Yoast SEO plugin v19.8 - https:\/\/yoast.com\/wordpress\/plugins\/seo\/ -->\n<title>Contenu du site ...<\/title>\n<meta name=\"description\" content=\"R\u00e9capitulatif de l&#039;ensemble des pages et des articles du site. Pr\u00e9sentation de la maison d&#039;h\u00f4tes et description des chambres. Services et actualit\u00e9s.\" \/>\n<meta name=\"robots\" content=\"index, follow, max-snippet:-1, max-image-preview:large, max-video-preview:-1\" \/>\n<link rel=\"canonical\" href=\"https:\/\/laparenthese-banon.com\/GITE\/la-maison-d-hotes\/contenu-du-site\/\" \/>\n<meta property=\"og:locale\" content=\"fr_FR\" \/>\n<meta property=\"og:type\" content=\"article\" \/>\n<meta property=\"og:title\" content=\"Contenu du site ...\" \/>\n<meta property=\"og:description\" content=\"R\u00e9capitulatif de l&#039;ensemble des pages et des articles du site. Pr\u00e9sentation de la maison d&#039;h\u00f4tes et description des chambres. Services et actualit\u00e9s.\" \/>\n<meta property=\"og:url\" content=\"https:\/\/laparenthese-banon.com\/GITE\/la-maison-d-hotes\/contenu-du-site\/\" \/>\n<meta property=\"og:site_name\" content=\"La Parenth\u00e8se Banon\" \/>\n<meta property=\"article:modified_time\" content=\"2019-04-26T17:05:27+00:00\" \/>\n<meta property=\"og:image\" content=\"https:\/\/laparenthese-banon.com\/GITE\/wp-content\/uploads\/2017\/10\/Page_Contenu_A.jpg\" \/>\n\t<meta property=\"og:image:width\" content=\"1400\" \/>\n\t<meta property=\"og:image:height\" content=\"334\" \/>\n\t<meta property=\"og:image:type\" content=\"image\/jpeg\" \/>\n<meta name=\"twitter:card\" content=\"summary_large_image\" \/>\n<script type=\"application\/ld+json\" class=\"yoast-schema-graph\">{\"@context\":\"https:\/\/schema.org\",\"@graph\":[{\"@type\":\"WebPage\",\"@id\":\"https:\/\/laparenthese-banon.com\/GITE\/la-maison-d-hotes\/contenu-du-site\/\",\"url\":\"https:\/\/laparenthese-banon.com\/GITE\/la-maison-d-hotes\/contenu-du-site\/\",\"name\":\"Contenu du site ...\",\"isPartOf\":{\"@id\":\"https:\/\/laparenthese-banon.com\/GITE\/#website\"},\"datePublished\":\"2017-10-06T13:15:25+00:00\",\"dateModified\":\"2019-04-26T17:05:27+00:00\",\"description\":\"R\u00e9capitulatif de l'ensemble des pages et des articles du site. Pr\u00e9sentation de la maison d'h\u00f4tes et description des chambres. Services et actualit\u00e9s.\",\"breadcrumb\":{\"@id\":\"https:\/\/laparenthese-banon.com\/GITE\/la-maison-d-hotes\/contenu-du-site\/#breadcrumb\"},\"inLanguage\":\"fr-FR\",\"potentialAction\":[{\"@type\":\"ReadAction\",\"target\":[\"https:\/\/laparenthese-banon.com\/GITE\/la-maison-d-hotes\/contenu-du-site\/\"]}]},{\"@type\":\"BreadcrumbList\",\"@id\":\"https:\/\/laparenthese-banon.com\/GITE\/la-maison-d-hotes\/contenu-du-site\/#breadcrumb\",\"itemListElement\":[{\"@type\":\"ListItem\",\"position\":1,\"name\":\"Accueil\",\"item\":\"https:\/\/laparenthese-banon.com\/GITE\/\"},{\"@type\":\"ListItem\",\"position\":2,\"name\":\"La maison d&rsquo;h\u00f4tes\",\"item\":\"https:\/\/laparenthese-banon.com\/GITE\/la-maison-d-hotes\/\"},{\"@type\":\"ListItem\",\"position\":3,\"name\":\"Contenu du site &#8230;\"}]},{\"@type\":\"WebSite\",\"@id\":\"https:\/\/laparenthese-banon.com\/GITE\/#website\",\"url\":\"https:\/\/laparenthese-banon.com\/GITE\/\",\"name\":\"La Parenth\u00e8se Banon\",\"description\":\"Maison d&#039;H\u00f4tes et de Randonneurs en Haute-Provence\",\"potentialAction\":[{\"@type\":\"SearchAction\",\"target\":{\"@type\":\"EntryPoint\",\"urlTemplate\":\"https:\/\/laparenthese-banon.com\/GITE\/?s={search_term_string}\"},\"query-input\":\"required name=search_term_string\"}],\"inLanguage\":\"fr-FR\"}]}<\/script>\n<!-- \/ Yoast SEO plugin. -->","yoast_head_json":{"title":"Contenu du site ...","description":"R\u00e9capitulatif de l'ensemble des pages et des articles du site. Pr\u00e9sentation de la maison d'h\u00f4tes et description des chambres. Services et actualit\u00e9s.","robots":{"index":"index","follow":"follow","max-snippet":"max-snippet:-1","max-image-preview":"max-image-preview:large","max-video-preview":"max-video-preview:-1"},"canonical":"https:\/\/laparenthese-banon.com\/GITE\/la-maison-d-hotes\/contenu-du-site\/","og_locale":"fr_FR","og_type":"article","og_title":"Contenu du site ...","og_description":"R\u00e9capitulatif de l'ensemble des pages et des articles du site. Pr\u00e9sentation de la maison d'h\u00f4tes et description des chambres. Services et actualit\u00e9s.","og_url":"https:\/\/laparenthese-banon.com\/GITE\/la-maison-d-hotes\/contenu-du-site\/","og_site_name":"La Parenth\u00e8se Banon","article_modified_time":"2019-04-26T17:05:27+00:00","og_image":[{"width":1400,"height":334,"url":"https:\/\/laparenthese-banon.com\/GITE\/wp-content\/uploads\/2017\/10\/Page_Contenu_A.jpg","type":"image\/jpeg"}],"twitter_card":"summary_large_image","schema":{"@context":"https:\/\/schema.org","@graph":[{"@type":"WebPage","@id":"https:\/\/laparenthese-banon.com\/GITE\/la-maison-d-hotes\/contenu-du-site\/","url":"https:\/\/laparenthese-banon.com\/GITE\/la-maison-d-hotes\/contenu-du-site\/","name":"Contenu du site ...","isPartOf":{"@id":"https:\/\/laparenthese-banon.com\/GITE\/#website"},"datePublished":"2017-10-06T13:15:25+00:00","dateModified":"2019-04-26T17:05:27+00:00","description":"R\u00e9capitulatif de l'ensemble des pages et des articles du site. Pr\u00e9sentation de la maison d'h\u00f4tes et description des chambres. Services et actualit\u00e9s.","breadcrumb":{"@id":"https:\/\/laparenthese-banon.com\/GITE\/la-maison-d-hotes\/contenu-du-site\/#breadcrumb"},"inLanguage":"fr-FR","potentialAction":[{"@type":"ReadAction","target":["https:\/\/laparenthese-banon.com\/GITE\/la-maison-d-hotes\/contenu-du-site\/"]}]},{"@type":"BreadcrumbList","@id":"https:\/\/laparenthese-banon.com\/GITE\/la-maison-d-hotes\/contenu-du-site\/#breadcrumb","itemListElement":[{"@type":"ListItem","position":1,"name":"Accueil","item":"https:\/\/laparenthese-banon.com\/GITE\/"},{"@type":"ListItem","position":2,"name":"La maison d&rsquo;h\u00f4tes","item":"https:\/\/laparenthese-banon.com\/GITE\/la-maison-d-hotes\/"},{"@type":"ListItem","position":3,"name":"Contenu du site &#8230;"}]},{"@type":"WebSite","@id":"https:\/\/laparenthese-banon.com\/GITE\/#website","url":"https:\/\/laparenthese-banon.com\/GITE\/","name":"La Parenth\u00e8se Banon","description":"Maison d&#039;H\u00f4tes et de Randonneurs en Haute-Provence","potentialAction":[{"@type":"SearchAction","target":{"@type":"EntryPoint","urlTemplate":"https:\/\/laparenthese-banon.com\/GITE\/?s={search_term_string}"},"query-input":"required name=search_term_string"}],"inLanguage":"fr-FR"}]}},"_links":{"self":[{"href":"https:\/\/laparenthese-banon.com\/GITE\/wp-json\/wp\/v2\/pages\/799"}],"collection":[{"href":"https:\/\/laparenthese-banon.com\/GITE\/wp-json\/wp\/v2\/pages"}],"about":[{"href":"https:\/\/laparenthese-banon.com\/GITE\/wp-json\/wp\/v2\/types\/page"}],"author":[{"embeddable":true,"href":"https:\/\/laparenthese-banon.com\/GITE\/wp-json\/wp\/v2\/users\/1"}],"replies":[{"embeddable":true,"href":"https:\/\/laparenthese-banon.com\/GITE\/wp-json\/wp\/v2\/comments?post=799"}],"version-history":[{"count":32,"href":"https:\/\/laparenthese-banon.com\/GITE\/wp-json\/wp\/v2\/pages\/799\/revisions"}],"predecessor-version":[{"id":1146,"href":"https:\/\/laparenthese-banon.com\/GITE\/wp-json\/wp\/v2\/pages\/799\/revisions\/1146"}],"up":[{"embeddable":true,"href":"https:\/\/laparenthese-banon.com\/GITE\/wp-json\/wp\/v2\/pages\/2"}],"wp:featuredmedia":[{"embeddable":true,"href":"https:\/\/laparenthese-banon.com\/GITE\/wp-json\/wp\/v2\/media\/800"}],"wp:attachment":[{"href":"https:\/\/laparenthese-banon.com\/GITE\/wp-json\/wp\/v2\/media?parent=799"}],"curies":[{"name":"wp","href":"https:\/\/api.w.org\/{rel}","templated":true}]}}