{"id":52,"date":"2020-09-28T18:17:30","date_gmt":"2020-09-28T16:17:30","guid":{"rendered":"http:\/\/laparenthese-banon.com\/GTMC\/?page_id=52"},"modified":"2020-10-30T19:11:27","modified_gmt":"2020-10-30T18:11:27","slug":"la-carte-du-parcours","status":"publish","type":"page","link":"https:\/\/laparenthese-banon.com\/GTMC\/la-carte-du-parcours\/","title":{"rendered":"La carte du parcours"},"content":{"rendered":"\n<p>Rappel : les calques permettent d&rsquo;afficher plus ou moins de d\u00e9tails sur cette carte :<\/p>\n\n\n\n<ul class=\"wp-block-list\"><li>Le calque #0 : trac\u00e9 complet sans \u00e9tapes, masquer ce calque pour acc\u00e9der aux \u00e9tapes.<\/li><li>Le calque #1 : les \u00e9tapes.<\/li><li>etc &#8230;<\/li><\/ul>\n\n\n\n<figure class=\"wp-block-image size-large\"><img loading=\"lazy\" decoding=\"async\" width=\"141\" height=\"79\" src=\"https:\/\/laparenthese-banon.com\/GTMC\/wp-content\/uploads\/2020\/10\/Icone_Calques.jpg\" alt=\"\" class=\"wp-image-190\"\/><figcaption>Acc\u00e8s \u00e0 la liste des calques \u00e0 masquer\/afficher.<\/figcaption><\/figure>\n\n\n\n<h3 class=\"has-large-font-size wp-block-heading\">La carte &#8230;<\/h3>\n\n\n<p style=\"text-align: center;\"><iframe loading=\"lazy\" src=\"\/\/umap.openstreetmap.fr\/fr\/map\/magtmc-vtt_501248?scaleControl=true&amp;miniMap=true&amp;scrollWheelZoom=true&amp;zoomControl=true&amp;allowEdit=false&amp;moreControl=true&amp;searchControl=null&amp;tilelayersControl=null&amp;embedControl=false&amp;datalayersControl=expanded&amp;onLoadPanel=undefined&amp;captionBar=false&amp;editinosmControl=false&amp;datalayers=1409952%2C1408913%2C1408968%2C1410275#7\/44.821\/2.895\" width=\"100%\" height=\"600px\" frameborder=\"0\" allowfullscreen=\"allowfullscreen\"><\/iframe><\/p>\n<p><span style=\"color: #2c5b76;\"><strong><a style=\"color: #2c5b76;\" href=\"\/\/umap.openstreetmap.fr\/fr\/map\/magtmc-vtt_501248\" target=\"_blank\" rel=\"noopener noreferrer\">Voir la carte en plein \u00e9cran<\/a><\/strong><\/span><\/p>\n\n\n<hr class=\"wp-block-separator is-style-wide\" id=\"LaTRACEGPS\"\/>\n\n\n\n<h3 class=\"has-large-font-size wp-block-heading\">Les traces GPS<\/h3>\n\n\n\n<p>La trace GPS telle que pr\u00e9vue initialement lors de la pr\u00e9paration du p\u00e9riple.<\/p>\n\n\n\n<div class=\"wp-block-file\"><a href=\"https:\/\/laparenthese-banon.com\/GTMC\/wp-content\/uploads\/PERSO\/A_GTMC_PersoTer Reduit.gpx\" class=\"wp-block-file__button\" download=\"\">T\u00e9l\u00e9charger la trace pr\u00e9vue<\/a><\/div>\n\n\n\n<p>La trace GPS r\u00e9elle enregistr\u00e9e et r\u00e9duite \u00e0 8000 points.<\/p>\n\n\n\n<div class=\"wp-block-file\"><a href=\"https:\/\/laparenthese-banon.com\/GTMC\/wp-content\/uploads\/PERSO\/GTMC_TOTAL_2020_R8000.gpx\" class=\"wp-block-file__button\" download=\"\">T\u00e9l\u00e9charger la trace R\u00e9elle r\u00e9duite<\/a><\/div>\n\n\n\n<hr class=\"wp-block-separator is-style-wide\"\/>\n\n\n\n<h3 class=\"has-text-color has-large-font-size wp-block-heading\" style=\"color:#2c5b76\">Les \u00e9tapes du parcours<\/h3>\n\n\n<ul class=\"wp-block-latest-posts__list wp-block-latest-posts\"><li><a class=\"wp-block-latest-posts__post-title\" href=\"https:\/\/laparenthese-banon.com\/GTMC\/contenu-du-site\/\">Contenu du site<\/a><\/li>\n<li><a class=\"wp-block-latest-posts__post-title\" href=\"https:\/\/laparenthese-banon.com\/GTMC\/etape-0-rallier-clermont-ferrand\/\">Etape #0 : Rallier Clermont-Ferrand<\/a><\/li>\n<li><a class=\"wp-block-latest-posts__post-title\" href=\"https:\/\/laparenthese-banon.com\/GTMC\/etape-1-riom-a-laschamps\/\">Etape #1 : Riom \u00e0 Laschamps<\/a><\/li>\n<li><a class=\"wp-block-latest-posts__post-title\" href=\"https:\/\/laparenthese-banon.com\/GTMC\/etape-2-laschamps-a-haut-brion\/\">Etape #2 : Laschamps \u00e0 Haut-Brion<\/a><\/li>\n<li><a class=\"wp-block-latest-posts__post-title\" href=\"https:\/\/laparenthese-banon.com\/GTMC\/etape-3-haut-brion-a-neussargues\/\">Etape #3 : Haut-Brion \u00e0 Neussargues<\/a><\/li>\n<li><a class=\"wp-block-latest-posts__post-title\" href=\"https:\/\/laparenthese-banon.com\/GTMC\/etape-4-neussargues-a-paulhac-en-margeride\/\">Etape #4 : Neussargues \u00e0 Paulhac en Margeride<\/a><\/li>\n<li><a class=\"wp-block-latest-posts__post-title\" href=\"https:\/\/laparenthese-banon.com\/GTMC\/etape-5-paulhac-en-margeride-au-giraldes\/\">Etape #5 : Paulhac en Margeride au Girald\u00e8s<\/a><\/li>\n<li><a class=\"wp-block-latest-posts__post-title\" href=\"https:\/\/laparenthese-banon.com\/GTMC\/etape-6-le-giraldes-au-mont-lozere\/\">Etape #6 : Le Girald\u00e8s au Mont Loz\u00e8re<\/a><\/li>\n<li><a class=\"wp-block-latest-posts__post-title\" href=\"https:\/\/laparenthese-banon.com\/GTMC\/etape-7-du-mont-lozere-a-florac\/\">Etape #7 : du Mont Loz\u00e8re \u00e0 Florac<\/a><\/li>\n<li><a class=\"wp-block-latest-posts__post-title\" href=\"https:\/\/laparenthese-banon.com\/GTMC\/etape-8-de-florac-a-lhom\/\">Etape #8 : de Florac \u00e0 L&rsquo;HOM<\/a><\/li>\n<\/ul>\n\n\n<div class=\"wp-block-cover has-background-dim\" style=\"background-image:url(https:\/\/laparenthese-banon.com\/GTMC\/wp-content\/uploads\/2020\/10\/Baniere_P1080597.jpg)\"><div class=\"wp-block-cover__inner-container is-layout-flow wp-block-cover-is-layout-flow\">\n<p class=\"has-text-align-left has-pale-cyan-blue-color has-text-color has-large-font-size\">Magique GTMC &#8230;<\/p>\n<\/div><\/div>\n","protected":false},"excerpt":{"rendered":"<p>Rappel : les calques permettent d&rsquo;afficher plus ou moins de d\u00e9tails sur cette carte : Le calque #0 : trac\u00e9 complet sans \u00e9tapes, masquer ce calque pour acc\u00e9der aux \u00e9tapes. Le calque #1 : les \u00e9tapes. etc &#8230; La carte &#8230; Voir la carte en plein \u00e9cran Les traces GPS La trace GPS telle que &hellip; <\/p>\n<p class=\"link-more\"><a href=\"https:\/\/laparenthese-banon.com\/GTMC\/la-carte-du-parcours\/\" class=\"more-link\">Continuer la lecture<span class=\"screen-reader-text\"> de &laquo;&nbsp;La carte du parcours&nbsp;&raquo;<\/span><\/a><\/p>\n","protected":false},"author":1,"featured_media":192,"parent":0,"menu_order":0,"comment_status":"closed","ping_status":"closed","template":"","meta":{"_vp_format_video_url":"","_vp_image_focal_point":[],"footnotes":""},"class_list":["post-52","page","type-page","status-publish","has-post-thumbnail","hentry"],"_links":{"self":[{"href":"https:\/\/laparenthese-banon.com\/GTMC\/wp-json\/wp\/v2\/pages\/52","targetHints":{"allow":["GET"]}}],"collection":[{"href":"https:\/\/laparenthese-banon.com\/GTMC\/wp-json\/wp\/v2\/pages"}],"about":[{"href":"https:\/\/laparenthese-banon.com\/GTMC\/wp-json\/wp\/v2\/types\/page"}],"author":[{"embeddable":true,"href":"https:\/\/laparenthese-banon.com\/GTMC\/wp-json\/wp\/v2\/users\/1"}],"replies":[{"embeddable":true,"href":"https:\/\/laparenthese-banon.com\/GTMC\/wp-json\/wp\/v2\/comments?post=52"}],"version-history":[{"count":27,"href":"https:\/\/laparenthese-banon.com\/GTMC\/wp-json\/wp\/v2\/pages\/52\/revisions"}],"predecessor-version":[{"id":733,"href":"https:\/\/laparenthese-banon.com\/GTMC\/wp-json\/wp\/v2\/pages\/52\/revisions\/733"}],"wp:featuredmedia":[{"embeddable":true,"href":"https:\/\/laparenthese-banon.com\/GTMC\/wp-json\/wp\/v2\/media\/192"}],"wp:attachment":[{"href":"https:\/\/laparenthese-banon.com\/GTMC\/wp-json\/wp\/v2\/media?parent=52"}],"curies":[{"name":"wp","href":"https:\/\/api.w.org\/{rel}","templated":true}]}}