{"id":66,"date":"2020-09-29T13:15:42","date_gmt":"2020-09-29T11:15:42","guid":{"rendered":"https:\/\/laparenthese-banon.com\/GTMC\/?page_id=66"},"modified":"2020-10-28T20:39:46","modified_gmt":"2020-10-28T19:39:46","slug":"les-etapes","status":"publish","type":"page","link":"https:\/\/laparenthese-banon.com\/GTMC\/les-etapes\/","title":{"rendered":"Les \u00e9tapes"},"content":{"rendered":"\n<p>Description des \u00e9tapes du p\u00e9riple : d\u00e9part-arriv\u00e9e, h\u00e9bergement, difficult\u00e9, etc.<\/p>\n\n\n\n<figure class=\"wp-block-image size-large\"><a href=\"https:\/\/laparenthese-banon.com\/GTMC\/wp-content\/uploads\/2020\/09\/GTMC_BILAN.jpg\"><img loading=\"lazy\" decoding=\"async\" width=\"1024\" height=\"155\" src=\"https:\/\/laparenthese-banon.com\/GTMC\/wp-content\/uploads\/2020\/09\/GTMC_BILAN-1024x155.jpg\" alt=\"\" class=\"wp-image-67\" srcset=\"https:\/\/laparenthese-banon.com\/GTMC\/wp-content\/uploads\/2020\/09\/GTMC_BILAN-1024x155.jpg 1024w, https:\/\/laparenthese-banon.com\/GTMC\/wp-content\/uploads\/2020\/09\/GTMC_BILAN-300x46.jpg 300w, https:\/\/laparenthese-banon.com\/GTMC\/wp-content\/uploads\/2020\/09\/GTMC_BILAN-768x117.jpg 768w, https:\/\/laparenthese-banon.com\/GTMC\/wp-content\/uploads\/2020\/09\/GTMC_BILAN-1536x233.jpg 1536w, https:\/\/laparenthese-banon.com\/GTMC\/wp-content\/uploads\/2020\/09\/GTMC_BILAN.jpg 1779w\" sizes=\"auto, (max-width: 767px) 89vw, (max-width: 1000px) 54vw, (max-width: 1071px) 543px, 580px\" \/><\/a><figcaption>Tableau r\u00e9capitulatif des \u00e9tapes, clic pour agrandir plein \u00e9cran.<\/figcaption><\/figure>\n\n\n\n<ul class=\"wp-block-list\"><li><a href=\"https:\/\/laparenthese-banon.com\/GTMC\/etape-0-rallier-clermont-ferrand\/\"><strong>Le prologue : trajet en train.<\/strong><\/a><\/li><\/ul>\n\n\n\n<ul class=\"wp-block-list\"><li><a href=\"https:\/\/laparenthese-banon.com\/GTMC\/etape-1-riom-a-laschamps\" data-type=\"URL\" data-id=\"https:\/\/laparenthese-banon.com\/GTMC\/etape-1-riom-a-laschamps\"><strong>Etape #1<\/strong> : Riom \u00e0 Laschamps<\/a><\/li><li><a href=\"https:\/\/laparenthese-banon.com\/GTMC\/etape-2-laschamps-a-haut-brion\/\" data-type=\"post\" data-id=\"131\"><strong>Etape #2<\/strong> : Laschamps \u00e0 Brion-Haut<\/a><\/li><li><a href=\"https:\/\/laparenthese-banon.com\/GTMC\/etape-3-haut-brion-a-neussargues\/\"><strong>Etape #3<\/strong> : Brion-Haut \u00e0 Neussargues<\/a><\/li><li><a href=\"https:\/\/laparenthese-banon.com\/GTMC\/etape-4-neussargues-a-paulhac-en-margeride\/\"><strong>Etape #4<\/strong> :  Neussargues \u00e0 Paulhac en Margeride<\/a><\/li><li><a href=\"https:\/\/laparenthese-banon.com\/GTMC\/etape-5-paulhac-en-margeride-au-giraldes\/\"><strong>Etape #5<\/strong> : Paulhac \u00e0 Le Giraldes<\/a><\/li><li><a href=\"https:\/\/laparenthese-banon.com\/GTMC\/etape-6-le-giraldes-au-mont-lozere\/\"><strong>Etape #6<\/strong> : Le Giraldes \u00e0 Station du Mont Loz\u00e8re<\/a><\/li><li><a href=\"https:\/\/laparenthese-banon.com\/GTMC\/etape-7-du-mont-lozere-a-florac\/\"><strong>Etape #7<\/strong> : Mont Loz\u00e8re \u00e0 Florac<\/a><\/li><li><a href=\"https:\/\/laparenthese-banon.com\/GTMC\/etape-8-de-florac-a-lhom\/\"><strong>Etape #8<\/strong> : Florac \u00e0 L&rsquo;Hom (Causse M\u00e9jean)<\/a><\/li><li><a href=\"https:\/\/laparenthese-banon.com\/GTMC\/etape-9-de-lhom-au-vigan\/\"><strong>Etape #9<\/strong> : L&rsquo;Hom \u00e0 Le Vigan<\/a><\/li><\/ul>\n\n\n\n<hr class=\"wp-block-separator is-style-wide\"\/>\n\n\n\n<div class=\"wp-block-cover has-background-dim\" style=\"background-image:url(https:\/\/laparenthese-banon.com\/GTMC\/wp-content\/uploads\/2020\/10\/Baniere_P1080590.jpg)\"><div class=\"wp-block-cover__inner-container is-layout-flow wp-block-cover-is-layout-flow\">\n<p class=\"has-text-align-center has-text-color has-large-font-size\" style=\"color:#92d6f3\">Chemins faisant sur la GTMC<\/p>\n<\/div><\/div>\n","protected":false},"excerpt":{"rendered":"<p>Description des \u00e9tapes du p\u00e9riple : d\u00e9part-arriv\u00e9e, h\u00e9bergement, difficult\u00e9, etc. Le prologue : trajet en train. Etape #1 : Riom \u00e0 Laschamps Etape #2 : Laschamps \u00e0 Brion-Haut Etape #3 : Brion-Haut \u00e0 Neussargues Etape #4 : Neussargues \u00e0 Paulhac en Margeride Etape #5 : Paulhac \u00e0 Le Giraldes Etape #6 : Le Giraldes \u00e0 &hellip; <\/p>\n<p class=\"link-more\"><a href=\"https:\/\/laparenthese-banon.com\/GTMC\/les-etapes\/\" class=\"more-link\">Continuer la lecture<span class=\"screen-reader-text\"> de &laquo;&nbsp;Les \u00e9tapes&nbsp;&raquo;<\/span><\/a><\/p>\n","protected":false},"author":1,"featured_media":111,"parent":0,"menu_order":0,"comment_status":"closed","ping_status":"closed","template":"","meta":{"_vp_format_video_url":"","_vp_image_focal_point":[],"footnotes":""},"class_list":["post-66","page","type-page","status-publish","has-post-thumbnail","hentry"],"_links":{"self":[{"href":"https:\/\/laparenthese-banon.com\/GTMC\/wp-json\/wp\/v2\/pages\/66","targetHints":{"allow":["GET"]}}],"collection":[{"href":"https:\/\/laparenthese-banon.com\/GTMC\/wp-json\/wp\/v2\/pages"}],"about":[{"href":"https:\/\/laparenthese-banon.com\/GTMC\/wp-json\/wp\/v2\/types\/page"}],"author":[{"embeddable":true,"href":"https:\/\/laparenthese-banon.com\/GTMC\/wp-json\/wp\/v2\/users\/1"}],"replies":[{"embeddable":true,"href":"https:\/\/laparenthese-banon.com\/GTMC\/wp-json\/wp\/v2\/comments?post=66"}],"version-history":[{"count":17,"href":"https:\/\/laparenthese-banon.com\/GTMC\/wp-json\/wp\/v2\/pages\/66\/revisions"}],"predecessor-version":[{"id":637,"href":"https:\/\/laparenthese-banon.com\/GTMC\/wp-json\/wp\/v2\/pages\/66\/revisions\/637"}],"wp:featuredmedia":[{"embeddable":true,"href":"https:\/\/laparenthese-banon.com\/GTMC\/wp-json\/wp\/v2\/media\/111"}],"wp:attachment":[{"href":"https:\/\/laparenthese-banon.com\/GTMC\/wp-json\/wp\/v2\/media?parent=66"}],"curies":[{"name":"wp","href":"https:\/\/api.w.org\/{rel}","templated":true}]}}